{"id":64420,"date":"2021-02-21T18:39:12","date_gmt":"2021-02-21T18:39:12","guid":{"rendered":"https:\/\/www.autonvaraosahaku.fi\/?product=meyle-716-035-0005-s-alatukivarsi"},"modified":"2021-02-21T18:39:16","modified_gmt":"2021-02-21T18:39:16","slug":"meyle-716-035-0005-s-alatukivarsi","status":"publish","type":"product","link":"https:\/\/www.autonvaraosahaku.fi\/?product=meyle-716-035-0005-s-alatukivarsi","title":{"rendered":"MEYLE 716 035 0005\/S Alatukivarsi"},"content":{"rendered":"<p>Asennuspuoli: Taka-akseli, oikea, Taka-akseli, vasen, Edess\u00e4, Alla; Tanko \/ tuki: Ohjaustanko; Pituus (mm): 280; Korvaava tuote\/korvaava tiedote 2: Kumilaakerilla; Lis\u00e4tarvike\/lis\u00e4tieto: Tarvikkeilla; Materiaali: Ter\u00e4slevy; lis\u00e4tieto: ORIGINAL Quality; FORD: FOCUS II Kombi DA_,FOCUS Kombi DNW,FOCUS II DA_,FOCUS DAW, DBW,FOCUS C-MAX,KUGA I,C-MAX DM2,KUGA II DM2,FOCUS Stufenheck DFW,FOCUS II Stufenheck DA_,FOCUS II Cabriolet,KUGA II Van; MAZDA: 5 CR19,3 BK,3 BL,3 Stufenheck BK,3 Stufenheck BL; VOLVO: V50 MW,C30,S40 II MS,C70 II Cabriolet; BBP328500A, BP4K28500C, BP4K28500D, BP4K28500E, C23628500A, 30666072, 30683067; Tukivarsi,Tukivarsi, Py\u00f6r\u00e4ntuenta<\/p>\n","protected":false},"excerpt":{"rendered":"<p>MEYLE Alatukivarsi 716 035 0005\/S Tukivarsi,Tukivarsi, Py\u00f6r\u00e4ntuenta FORD,MAZDA,VOLVO,FOCUS II Kombi DA_,FOCUS Kombi DNW,FOCUS II DA_,FOCUS DAW, DBW<\/p>\n","protected":false},"featured_media":0,"template":"","meta":{"site-sidebar-layout":"default","site-content-layout":"default","ast-global-header-display":"","ast-main-header-display":"","ast-hfb-above-header-display":"","ast-hfb-below-header-display":"","ast-hfb-mobile-header-display":"","site-post-title":"","ast-breadcrumbs-content":"","ast-featured-img":"","footer-sml-layout":"","theme-transparent-header-meta":"","adv-header-id-meta":"","stick-header-meta":"","header-above-stick-meta":"","header-main-stick-meta":"","header-below-stick-meta":""},"pwb-brand":[84],"product_cat":[62],"product_tag":[],"class_list":{"0":"post-64420","1":"product","2":"type-product","3":"status-publish","5":"pwb-brand-meyle","6":"product_cat-alatukivarsi","7":"desktop-align-left","8":"tablet-align-left","9":"mobile-align-left","11":"first","12":"instock","13":"product-type-external"},"brands":[{"id":84,"name":"MEYLE","slug":"meyle"}],"_links":{"self":[{"href":"https:\/\/www.autonvaraosahaku.fi\/index.php?rest_route=\/wp\/v2\/product\/64420","targetHints":{"allow":["GET"]}}],"collection":[{"href":"https:\/\/www.autonvaraosahaku.fi\/index.php?rest_route=\/wp\/v2\/product"}],"about":[{"href":"https:\/\/www.autonvaraosahaku.fi\/index.php?rest_route=\/wp\/v2\/types\/product"}],"wp:attachment":[{"href":"https:\/\/www.autonvaraosahaku.fi\/index.php?rest_route=%2Fwp%2Fv2%2Fmedia&parent=64420"}],"wp:term":[{"taxonomy":"pwb-brand","embeddable":true,"href":"https:\/\/www.autonvaraosahaku.fi\/index.php?rest_route=%2Fwp%2Fv2%2Fpwb-brand&post=64420"},{"taxonomy":"product_cat","embeddable":true,"href":"https:\/\/www.autonvaraosahaku.fi\/index.php?rest_route=%2Fwp%2Fv2%2Fproduct_cat&post=64420"},{"taxonomy":"product_tag","embeddable":true,"href":"https:\/\/www.autonvaraosahaku.fi\/index.php?rest_route=%2Fwp%2Fv2%2Fproduct_tag&post=64420"}],"curies":[{"name":"wp","href":"https:\/\/api.w.org\/{rel}","templated":true}]}}