{"id":64426,"date":"2021-02-21T18:39:18","date_gmt":"2021-02-21T18:39:18","guid":{"rendered":"https:\/\/www.autonvaraosahaku.fi\/?product=mahle-original-016-02-00-manta"},"modified":"2021-02-21T18:39:19","modified_gmt":"2021-02-21T18:39:19","slug":"mahle-original-016-02-00-manta","status":"publish","type":"product","link":"https:\/\/www.autonvaraosahaku.fi\/?product=mahle-original-016-02-00-manta","title":{"rendered":"MAHLE ORIGINAL 016 02 00 M\u00e4nt\u00e4"},"content":{"rendered":"<p>Lis\u00e4tarvike\/lis\u00e4tieto: M\u00e4nn\u00e4nrenkailla; Sylinterin halkaisija [mm]: 82,5; Pituus (mm): 71,15; Puristuskorkeus [mm]: 45,65; Syvennys 1 [mm]: 12,4; Syvennysl\u00e4pimitta [mm]: 45,2; et\u00e4isyys m\u00e4nn\u00e4n laen reuna &#8211; 1.m\u00e4nn\u00e4nrengasura [mm]: 8; Ruuvi-\u00d8 [mm]: 28; Pultinpituus [mm]: 66; Kiertokankirakenne: Kiertokanki vinolla yl\u00e4p\u00e4\u00e4ll\u00e4; Pinta: pinnoitettu; Tuotantonumero: 82 L 179; Korvaava tuote\/korvaava tiedote 2: M\u00e4nn\u00e4nrengasuralla, J\u00e4\u00e4hdytyskanavalla; Komponenttinumero: 1. R 1,75 IF N, 2. NM 2 IFU P, 3. DSF 2 N; Valmistusvuosi alkaen: 01\/2007; FORD: FOCUS II Kombi DA_,MONDEO IV Turnier BA7,FOCUS II DA_,S-MAX WA6,FOCUS C-MAX,GALAXY WA6,C-MAX DM2,MONDEO IV BA7,TRANSIT CONNECT P65_, P70_, P80_,FOCUS II Stufenheck DA_,TOURNEO CONNECT,MONDEO IV Stufenheck BA7; 1436606, 1513923, 6G9Q6102AA, 6G9Q6102BA; M\u00e4nn\u00e4t<\/p>\n","protected":false},"excerpt":{"rendered":"<p>MAHLE ORIGINAL M\u00e4nt\u00e4 016 02 00 M\u00e4nn\u00e4t FORD,FOCUS II Kombi DA_,MONDEO IV Turnier BA7,FOCUS II DA_,S-MAX WA6,FOCUS C-MAX,GALAXY WA6,C-MAX DM2<\/p>\n","protected":false},"featured_media":0,"template":"","meta":{"site-sidebar-layout":"default","site-content-layout":"default","ast-global-header-display":"","ast-main-header-display":"","ast-hfb-above-header-display":"","ast-hfb-below-header-display":"","ast-hfb-mobile-header-display":"","site-post-title":"","ast-breadcrumbs-content":"","ast-featured-img":"","footer-sml-layout":"","theme-transparent-header-meta":"","adv-header-id-meta":"","stick-header-meta":"","header-above-stick-meta":"","header-main-stick-meta":"","header-below-stick-meta":""},"pwb-brand":[153],"product_cat":[434],"product_tag":[],"class_list":{"0":"post-64426","1":"product","2":"type-product","3":"status-publish","5":"pwb-brand-mahle-original","6":"product_cat-manta","7":"desktop-align-left","8":"tablet-align-left","9":"mobile-align-left","11":"first","12":"instock","13":"product-type-external"},"brands":[{"id":153,"name":"MAHLE ORIGINAL","slug":"mahle-original"}],"_links":{"self":[{"href":"https:\/\/www.autonvaraosahaku.fi\/index.php?rest_route=\/wp\/v2\/product\/64426","targetHints":{"allow":["GET"]}}],"collection":[{"href":"https:\/\/www.autonvaraosahaku.fi\/index.php?rest_route=\/wp\/v2\/product"}],"about":[{"href":"https:\/\/www.autonvaraosahaku.fi\/index.php?rest_route=\/wp\/v2\/types\/product"}],"wp:attachment":[{"href":"https:\/\/www.autonvaraosahaku.fi\/index.php?rest_route=%2Fwp%2Fv2%2Fmedia&parent=64426"}],"wp:term":[{"taxonomy":"pwb-brand","embeddable":true,"href":"https:\/\/www.autonvaraosahaku.fi\/index.php?rest_route=%2Fwp%2Fv2%2Fpwb-brand&post=64426"},{"taxonomy":"product_cat","embeddable":true,"href":"https:\/\/www.autonvaraosahaku.fi\/index.php?rest_route=%2Fwp%2Fv2%2Fproduct_cat&post=64426"},{"taxonomy":"product_tag","embeddable":true,"href":"https:\/\/www.autonvaraosahaku.fi\/index.php?rest_route=%2Fwp%2Fv2%2Fproduct_tag&post=64426"}],"curies":[{"name":"wp","href":"https:\/\/api.w.org\/{rel}","templated":true}]}}