{"id":64463,"date":"2021-02-21T18:39:28","date_gmt":"2021-02-21T18:39:28","guid":{"rendered":"https:\/\/www.autonvaraosahaku.fi\/?product=optimal-102266-pyoranlaakerit"},"modified":"2021-02-21T18:39:28","modified_gmt":"2021-02-21T18:39:28","slug":"optimal-102266-pyoranlaakerit","status":"publish","type":"product","link":"https:\/\/www.autonvaraosahaku.fi\/?product=optimal-102266-pyoranlaakerit","title":{"rendered":"OPTIMAL 102266 Py\u00f6r\u00e4nlaakerit"},"content":{"rendered":"<p>Asennuspuoli: Oikea, Taka-akseli, Vasen; Leveys 1 (mm): 16; Leveys 2 (mm): 16; Ulkol\u00e4pimitta 1 [mm]: 62; Ulkol\u00e4pimitta 2 [mm]: 62; Sis\u00e4l\u00e4pimitta 1 [mm]: 30; Sis\u00e4l\u00e4pimitta 2 [mm]: 30; Valmistusvuosi alkaen: 01\/1975; VW: KAEFER,KAEFER Cabriolet 15,SAFARI,1500,1600 31,KARMANN GHIA Coupe 14, 34,1500,1600 Schr\u00e4gheck 31; PORSCHE: 944,924; 016311235, 113501277A, 113501283, 131598625S; Py\u00f6r\u00e4nlaakerisarja<\/p>\n","protected":false},"excerpt":{"rendered":"<p>OPTIMAL Py\u00f6r\u00e4nlaakerit 102266 Py\u00f6r\u00e4nlaakerisarja VW,PORSCHE,KAEFER,KAEFER Cabriolet 15,SAFARI,1500,1600 31,KARMANN GHIA Coupe 14, 34<\/p>\n","protected":false},"featured_media":0,"template":"","meta":{"site-sidebar-layout":"default","site-content-layout":"default","ast-global-header-display":"","ast-main-header-display":"","ast-hfb-above-header-display":"","ast-hfb-below-header-display":"","ast-hfb-mobile-header-display":"","site-post-title":"","ast-breadcrumbs-content":"","ast-featured-img":"","footer-sml-layout":"","theme-transparent-header-meta":"","adv-header-id-meta":"","stick-header-meta":"","header-above-stick-meta":"","header-main-stick-meta":"","header-below-stick-meta":""},"pwb-brand":[307],"product_cat":[83],"product_tag":[],"class_list":{"0":"post-64463","1":"product","2":"type-product","3":"status-publish","5":"pwb-brand-optimal","6":"product_cat-pyoranlaakerit","7":"desktop-align-left","8":"tablet-align-left","9":"mobile-align-left","11":"first","12":"instock","13":"product-type-external"},"brands":[{"id":307,"name":"OPTIMAL","slug":"optimal"}],"_links":{"self":[{"href":"https:\/\/www.autonvaraosahaku.fi\/index.php?rest_route=\/wp\/v2\/product\/64463","targetHints":{"allow":["GET"]}}],"collection":[{"href":"https:\/\/www.autonvaraosahaku.fi\/index.php?rest_route=\/wp\/v2\/product"}],"about":[{"href":"https:\/\/www.autonvaraosahaku.fi\/index.php?rest_route=\/wp\/v2\/types\/product"}],"wp:attachment":[{"href":"https:\/\/www.autonvaraosahaku.fi\/index.php?rest_route=%2Fwp%2Fv2%2Fmedia&parent=64463"}],"wp:term":[{"taxonomy":"pwb-brand","embeddable":true,"href":"https:\/\/www.autonvaraosahaku.fi\/index.php?rest_route=%2Fwp%2Fv2%2Fpwb-brand&post=64463"},{"taxonomy":"product_cat","embeddable":true,"href":"https:\/\/www.autonvaraosahaku.fi\/index.php?rest_route=%2Fwp%2Fv2%2Fproduct_cat&post=64463"},{"taxonomy":"product_tag","embeddable":true,"href":"https:\/\/www.autonvaraosahaku.fi\/index.php?rest_route=%2Fwp%2Fv2%2Fproduct_tag&post=64463"}],"curies":[{"name":"wp","href":"https:\/\/api.w.org\/{rel}","templated":true}]}}