{"id":64478,"date":"2021-02-21T18:39:28","date_gmt":"2021-02-21T18:39:28","guid":{"rendered":"https:\/\/www.autonvaraosahaku.fi\/?product=vegaz-pgs-193-takaaanenvaimennin"},"modified":"2021-02-21T18:39:31","modified_gmt":"2021-02-21T18:39:31","slug":"vegaz-pgs-193-takaaanenvaimennin","status":"publish","type":"product","link":"https:\/\/www.autonvaraosahaku.fi\/?product=vegaz-pgs-193-takaaanenvaimennin","title":{"rendered":"VEGAZ PGS-193 Taka\u00e4\u00e4nenvaimennin"},"content":{"rendered":"<p>Pituus (mm): 640; Paino [kg]: 5,4; Lis\u00e4ksi tarvittavat tuotteet ks. tarvikeluettelo: ; Valmistusvuosi alkaen: 06\/2000; CITRO\u00cbN: BERLINGO MF,BERLINGO Kasten M_; PEUGEOT: PARTNER Combispace 5F,PARTNER Kasten 5; 1726AG, 1726AH, 1726KY, 1726KZ, 1726N5, 1726N6, 1726N7, 1726N8, 1726QT, 1726VC, 1726VE, 1726W7, 1726W8, 1730P1, 1730Q1, 1730Q3, 1726AG, 1726KH, 1726KY, 1726N5, 1726N6, 1726N7, 1726N8, 1726QT, 1726VC, 1726VE, 1726W7, 1726W8, 1730N4, 1730N6, 1730P1, 1730Q1, 1730Q3; Takavaimennin,Takap\u00f6ntt\u00f6,Taka\u00e4\u00e4nenvaimentaja<\/p>\n","protected":false},"excerpt":{"rendered":"<p>VEGAZ Taka\u00e4\u00e4nenvaimennin PGS-193 Takavaimennin,Takap\u00f6ntt\u00f6 CITRO\u00cbN,PEUGEOT,BERLINGO MF,BERLINGO Kasten M_,PARTNER Combispace 5F,PARTNER Kasten 5<\/p>\n","protected":false},"featured_media":0,"template":"","meta":{"site-sidebar-layout":"default","site-content-layout":"default","ast-global-header-display":"","ast-main-header-display":"","ast-hfb-above-header-display":"","ast-hfb-below-header-display":"","ast-hfb-mobile-header-display":"","site-post-title":"","ast-breadcrumbs-content":"","ast-featured-img":"","footer-sml-layout":"","theme-transparent-header-meta":"","adv-header-id-meta":"","stick-header-meta":"","header-above-stick-meta":"","header-main-stick-meta":"","header-below-stick-meta":""},"pwb-brand":[306],"product_cat":[90],"product_tag":[],"class_list":{"0":"post-64478","1":"product","2":"type-product","3":"status-publish","5":"pwb-brand-vegaz","6":"product_cat-takaaanenvaimennin","7":"desktop-align-left","8":"tablet-align-left","9":"mobile-align-left","11":"first","12":"instock","13":"product-type-external"},"brands":[{"id":306,"name":"VEGAZ","slug":"vegaz"}],"_links":{"self":[{"href":"https:\/\/www.autonvaraosahaku.fi\/index.php?rest_route=\/wp\/v2\/product\/64478","targetHints":{"allow":["GET"]}}],"collection":[{"href":"https:\/\/www.autonvaraosahaku.fi\/index.php?rest_route=\/wp\/v2\/product"}],"about":[{"href":"https:\/\/www.autonvaraosahaku.fi\/index.php?rest_route=\/wp\/v2\/types\/product"}],"wp:attachment":[{"href":"https:\/\/www.autonvaraosahaku.fi\/index.php?rest_route=%2Fwp%2Fv2%2Fmedia&parent=64478"}],"wp:term":[{"taxonomy":"pwb-brand","embeddable":true,"href":"https:\/\/www.autonvaraosahaku.fi\/index.php?rest_route=%2Fwp%2Fv2%2Fpwb-brand&post=64478"},{"taxonomy":"product_cat","embeddable":true,"href":"https:\/\/www.autonvaraosahaku.fi\/index.php?rest_route=%2Fwp%2Fv2%2Fproduct_cat&post=64478"},{"taxonomy":"product_tag","embeddable":true,"href":"https:\/\/www.autonvaraosahaku.fi\/index.php?rest_route=%2Fwp%2Fv2%2Fproduct_tag&post=64478"}],"curies":[{"name":"wp","href":"https:\/\/api.w.org\/{rel}","templated":true}]}}