{"id":64489,"date":"2021-02-21T18:39:33","date_gmt":"2021-02-21T18:39:33","guid":{"rendered":"https:\/\/www.autonvaraosahaku.fi\/?product=valeo-587723-polttoainesuodatin"},"modified":"2021-02-21T18:39:35","modified_gmt":"2021-02-21T18:39:35","slug":"valeo-587723-polttoainesuodatin","status":"publish","type":"product","link":"https:\/\/www.autonvaraosahaku.fi\/?product=valeo-587723-polttoainesuodatin","title":{"rendered":"VALEO 587723 Polttoainesuodatin"},"content":{"rendered":"<p>Kierremitta: UNF 3\/4-16; Ulkol\u00e4pimitta [mm]: 78; Sis\u00e4l\u00e4pimitta 1 [mm]: 72; Sis\u00e4l\u00e4pimitta 2 [mm]: 62; Korkeus (mm): 85,5; Suodatintyyppi: Ruuvattava suodatin; Paino [kg]: 0,32; Valmistusvuoteen: 03\/1983; JEEP: CJ5 &#8211; CJ8; NISSAN: PICK UP D21,PATROL Hardtop K160,PATROL Station Wagon W160,PICK UP 720,LAUREL JC31; TOYOTA: LAND CRUISER PZJ7_, KZJ7_, HZJ7_, BJ7_, LJ7_, RJ7_,LAND CRUISER _J4_,LAND CRUISER _J6_,HILUX IV Pick-up _N5_, _N6_,LAND CRUISER Pick-up _J4_,HIACE I Wagon LH1_, RH1_, LH3_, RH3_, LH2_, RH2_,CROWN Stufenheck _S1_,HIACE Pick-up,CRESSIDA Stufenheck _X6_,DYNA Bus _U3_, _U2_; ISUZU: D-MAX 8DH,TROOPER Soft Top UB; ADN12310, ADT32310, ADXX2302, XD729, 8129383, 2330256021, 2330256022, 2330356030, 2330356031, 13200023, 13211024, 13240009, 13240023, 5132002350, 51324000091, 5132400090, 5132400091, 5132400230, 5132402350, 894132947, 8941329470, 8941434790, 8941446130, 8941517440, 8943706210, 8971161250, 8971725490, 1640009W00, 16400Q4000, 16400Z7000, 1640301D20, 1640301T01, 1640309W00, 1640309W0A, 1640329001, 16403C6800, 16403J2000, 16403J2001, 16403J2110, 16403J5500, 16403J550A, 16403J5570, 16403J6001, 16403J6500, 16403Q4000, 16403T2001, 16403T9300, 16403T9301, 16403V0700, 16403Z7000, 16403Z7000S, 16403Z9003, 1640509W00, 16405J5500, 16405Z7000, 5132400230, 1560103001, 1860000150, 1861000290, 1861000291, 1861000580, 2330054010, 2330054011, 2330054071, 2330054072, 2330054090, 2330056021, 2330056030, 233023196071, 2330256020, 2330256021, 2330256022, 2330256031, 2330351010, 2330354010, 2330354011, 2330354017, 2330354070, 2330354071, 2330354072, 2330356021, 2330356022, 2330356030, 2330356031, 23303S407&#8230;<\/p>\n","protected":false},"excerpt":{"rendered":"<p>VALEO Polttoainesuodatin 587723  JEEP,NISSAN,TOYOTA,CJ5 &#8211; CJ8,PICK UP D21,PATROL Hardtop K160,PATROL Station Wagon W160,PICK UP 720,LAUREL JC31<\/p>\n","protected":false},"featured_media":0,"template":"","meta":{"site-sidebar-layout":"default","site-content-layout":"default","ast-global-header-display":"","ast-main-header-display":"","ast-hfb-above-header-display":"","ast-hfb-below-header-display":"","ast-hfb-mobile-header-display":"","site-post-title":"","ast-breadcrumbs-content":"","ast-featured-img":"","footer-sml-layout":"","theme-transparent-header-meta":"","adv-header-id-meta":"","stick-header-meta":"","header-above-stick-meta":"","header-main-stick-meta":"","header-below-stick-meta":""},"pwb-brand":[28],"product_cat":[29],"product_tag":[],"class_list":{"0":"post-64489","1":"product","2":"type-product","3":"status-publish","5":"pwb-brand-valeo","6":"product_cat-polttoainesuodatin","7":"desktop-align-left","8":"tablet-align-left","9":"mobile-align-left","11":"first","12":"instock","13":"product-type-external"},"brands":[{"id":28,"name":"VALEO","slug":"valeo"}],"_links":{"self":[{"href":"https:\/\/www.autonvaraosahaku.fi\/index.php?rest_route=\/wp\/v2\/product\/64489","targetHints":{"allow":["GET"]}}],"collection":[{"href":"https:\/\/www.autonvaraosahaku.fi\/index.php?rest_route=\/wp\/v2\/product"}],"about":[{"href":"https:\/\/www.autonvaraosahaku.fi\/index.php?rest_route=\/wp\/v2\/types\/product"}],"wp:attachment":[{"href":"https:\/\/www.autonvaraosahaku.fi\/index.php?rest_route=%2Fwp%2Fv2%2Fmedia&parent=64489"}],"wp:term":[{"taxonomy":"pwb-brand","embeddable":true,"href":"https:\/\/www.autonvaraosahaku.fi\/index.php?rest_route=%2Fwp%2Fv2%2Fpwb-brand&post=64489"},{"taxonomy":"product_cat","embeddable":true,"href":"https:\/\/www.autonvaraosahaku.fi\/index.php?rest_route=%2Fwp%2Fv2%2Fproduct_cat&post=64489"},{"taxonomy":"product_tag","embeddable":true,"href":"https:\/\/www.autonvaraosahaku.fi\/index.php?rest_route=%2Fwp%2Fv2%2Fproduct_tag&post=64489"}],"curies":[{"name":"wp","href":"https:\/\/api.w.org\/{rel}","templated":true}]}}