{"id":64511,"date":"2021-02-21T18:39:38","date_gmt":"2021-02-21T18:39:38","guid":{"rendered":"https:\/\/www.autonvaraosahaku.fi\/?product=payen-nj242-nokka-akselin-tiiviste"},"modified":"2021-02-21T18:39:40","modified_gmt":"2021-02-21T18:39:40","slug":"payen-nj242-nokka-akselin-tiiviste","status":"publish","type":"product","link":"https:\/\/www.autonvaraosahaku.fi\/?product=payen-nj242-nokka-akselin-tiiviste","title":{"rendered":"PAYEN NJ242 Nokka akselin tiiviste"},"content":{"rendered":"<p>Korkeus (mm): 8,00; Materiaali: NBR (nitriili-butadi-kumi); Sis\u00e4l\u00e4pimitta [mm]: 35,00; Ulkol\u00e4pimitta [mm]: 50,00; Akselitiivisteen malli: 827S RD; Py\u00f6rimissuunta: Py\u00f6rimissuunta my\u00f6t\u00e4p\u00e4iv\u00e4\u00e4n; Tarvittava kappalem\u00e4\u00e4r\u00e4: 2; HYUNDAI: GALLOPER II JK-01,SONATA IV EF,SONATA III Y-3,PONY X-2,PONY \/ EXCEL Stufenheck X-2,SONATA II Y-2,PONY,PONY Stufenheck X-1,STELLAR F31_, SF2_,PONY Wagon; VOLVO: V40 Kombi VW,S40 I VS,340-360 343, 345,66,340-360 Stufenheck 344,66 Kombi; FIAT: FULLBACK Pick-up 502_, 503_; CITRO\u00cbN: BX XB-_,BX Break XB-_,C15 VD-_,VISA Cabriolet,C15 Kombi; PEUGEOT: 205 II 20A\/C,205 I Cabriolet 741B, 20D,205 I 741A\/C,104,104 Coupe,205 Kasten; RENAULT: 14 121_; MITSUBISHI: COLT VI Z3_A, Z2_A,SPACE STAR DG_A,CARISMA DA_,GRANDIS NA_W,COLT V CJ_, CP_,OUTLANDER I CU_W,LANCER Kombi CS_W,PAJERO PININ H6_W, H7_W,CARISMA Stufenheck DA_,PAJERO III V7_W, V6_W,GALANT VI Station Wagon EA_,GALANT VI EA_,SPACE WAGON N9_W, N8_W,L 200 K7_T, K6_T,PAJERO II V3_W, V2_W, V4_W,L 200 KB_T, KA_T,LANCER Stufenheck CS_A, CT0,L 300 Bus P0_W, P1_W, P2_W,PAJERO SPORT K90,COLT IV CA_A,ECLIPSE II D3_A,ECLIPSE I D2_A,SPACE RUNNER N6_W,PAJERO I L04_G, L14_G,PAJERO CLASSIC V2_W,SPACE RUNNER N1_W, N2_W,L 400 \/ SPACE GEAR Bus PD_W, PC_W, PA_V, PB_V,COLT III C5_A,GALLOPER JK-01,LANCER VI CJ-CP_,3000 GT Z16A,L 300 Pritsche\/Fahrgestell L03_P,L 300 Kasten L03_P,PAJERO II V3_W,SIGMA F2_A, F1_A,LANCER V Station Wagon CB_W, CD_W,GALANT IV E3_A,LANCER V CB\/D_A,L 200 Pritsche\/Fahrgestell KA_T, KB_T,SPACE WAGON N3_W, N4_W,GALANT IV Stufenheck E3_A,PAJERO SPORT VAN K90,LANCER IV C6_A, C7_A,PAJERO III Gel\u00e4ndewagen offen V6_W, V7_W,L 300 Kasten P0_W, P1_W,L 300 Bus LO3_P\/G, L0_2P,Canter (FE3, FE4) 5.Generation; TALBOT: SAMBA Cabriolet 51E,SAMBA 51A; 7910006487, 91538925, 221443B000, 91213PH7004, 221443B000, 221443B001, 224413B001, MD153103, 2214421010, MD008762, MD016310, MD133317, MD153103, MD372536, 051415, 051418, 7700522314, 7703087075, 7910006487, 7910006487, 30874307; Akselitiiviste, Nokka-Akseli<\/p>\n","protected":false},"excerpt":{"rendered":"<p>PAYEN Nokka Akselin Tiiviste NJ242 Akselitiiviste, Nokka-Akseli HYUNDAI,VOLVO,FIAT,GALLOPER II JK-01,SONATA IV EF,SONATA III Y-3,PONY X-2<\/p>\n","protected":false},"featured_media":0,"template":"","meta":{"site-sidebar-layout":"default","site-content-layout":"default","ast-global-header-display":"","ast-main-header-display":"","ast-hfb-above-header-display":"","ast-hfb-below-header-display":"","ast-hfb-mobile-header-display":"","site-post-title":"","ast-breadcrumbs-content":"","ast-featured-img":"","footer-sml-layout":"","theme-transparent-header-meta":"","adv-header-id-meta":"","stick-header-meta":"","header-above-stick-meta":"","header-main-stick-meta":"","header-below-stick-meta":""},"pwb-brand":[329],"product_cat":[122],"product_tag":[],"class_list":{"0":"post-64511","1":"product","2":"type-product","3":"status-publish","5":"pwb-brand-payen","6":"product_cat-nokka-akselin-tiiviste","7":"desktop-align-left","8":"tablet-align-left","9":"mobile-align-left","11":"first","12":"instock","13":"product-type-external"},"brands":[{"id":329,"name":"PAYEN","slug":"payen"}],"_links":{"self":[{"href":"https:\/\/www.autonvaraosahaku.fi\/index.php?rest_route=\/wp\/v2\/product\/64511","targetHints":{"allow":["GET"]}}],"collection":[{"href":"https:\/\/www.autonvaraosahaku.fi\/index.php?rest_route=\/wp\/v2\/product"}],"about":[{"href":"https:\/\/www.autonvaraosahaku.fi\/index.php?rest_route=\/wp\/v2\/types\/product"}],"wp:attachment":[{"href":"https:\/\/www.autonvaraosahaku.fi\/index.php?rest_route=%2Fwp%2Fv2%2Fmedia&parent=64511"}],"wp:term":[{"taxonomy":"pwb-brand","embeddable":true,"href":"https:\/\/www.autonvaraosahaku.fi\/index.php?rest_route=%2Fwp%2Fv2%2Fpwb-brand&post=64511"},{"taxonomy":"product_cat","embeddable":true,"href":"https:\/\/www.autonvaraosahaku.fi\/index.php?rest_route=%2Fwp%2Fv2%2Fproduct_cat&post=64511"},{"taxonomy":"product_tag","embeddable":true,"href":"https:\/\/www.autonvaraosahaku.fi\/index.php?rest_route=%2Fwp%2Fv2%2Fproduct_tag&post=64511"}],"curies":[{"name":"wp","href":"https:\/\/api.w.org\/{rel}","templated":true}]}}