{"id":64513,"date":"2021-02-21T18:39:38","date_gmt":"2021-02-21T18:39:38","guid":{"rendered":"https:\/\/www.autonvaraosahaku.fi\/?product=dolz-kd038-vesipumppu-jakohihnasarja"},"modified":"2021-02-21T18:39:40","modified_gmt":"2021-02-21T18:39:40","slug":"dolz-kd038-vesipumppu-jakohihnasarja","status":"publish","type":"product","link":"https:\/\/www.autonvaraosahaku.fi\/?product=dolz-kd038-vesipumppu-jakohihnasarja","title":{"rendered":"DOLZ KD038 Vesipumppu + jakohihnasarja"},"content":{"rendered":"<p>Hammasluku: 116; Leveys (mm): 25,4; Hihnojen m\u00e4\u00e4r\u00e4: 1; tuotenumerolle: C127; Valmistusvuosi alkaen: 11\/2004; LANCIA: PHEDRA 179; FORD: FOCUS II Kombi DA_,MONDEO IV Turnier BA7,FOCUS II DA_,S-MAX WA6,FOCUS C-MAX,GALAXY WA6,KUGA I,C-MAX DM2,MONDEO IV BA7,FOCUS II Stufenheck DA_,FOCUS II Cabriolet,MONDEO IV Stufenheck BA7; FIAT: SCUDO 270_,ULYSSE 179AX,SCUDO Kasten 270_,SCUDO Pritsche\/Fahrgestell 270_; CITRO\u00cbN: C5 III Break TD_,C8 EA_, EB_,C4 I LC_,C5 II Break RE_,C5 III RD_,C4 Coupe LA_,C5 II RC_,JUMPY,JUMPY Kasten; PEUGEOT: 307 SW 3H,307 CC 3B,407 SW 6E_,307 3A\/C,308 SW,807 E,308 4A_, 4C_,307 Break 3E,607 9D, 9U,407 6D_,308 CC,EXPERT Tepee VF3V_,EXPERT Kasten VF3A_, VF3U_, VF3X_,EXPERT Pritsche\/Fahrgestell<\/p>\n","protected":false},"excerpt":{"rendered":"<p>DOLZ Vesipumppu + Jakohihnasarja KD038  LANCIA,FORD,FIAT,PHEDRA 179,FOCUS II Kombi DA_,MONDEO IV Turnier BA7,FOCUS II DA_,S-MAX WA6,FOCUS C-MAX<\/p>\n","protected":false},"featured_media":0,"template":"","meta":{"site-sidebar-layout":"default","site-content-layout":"default","ast-global-header-display":"","ast-main-header-display":"","ast-hfb-above-header-display":"","ast-hfb-below-header-display":"","ast-hfb-mobile-header-display":"","site-post-title":"","ast-breadcrumbs-content":"","ast-featured-img":"","footer-sml-layout":"","theme-transparent-header-meta":"","adv-header-id-meta":"","stick-header-meta":"","header-above-stick-meta":"","header-main-stick-meta":"","header-below-stick-meta":""},"pwb-brand":[265],"product_cat":[321],"product_tag":[],"class_list":{"0":"post-64513","1":"product","2":"type-product","3":"status-publish","5":"pwb-brand-dolz","6":"product_cat-vesipumppu-jakohihnasarja","7":"desktop-align-left","8":"tablet-align-left","9":"mobile-align-left","11":"first","12":"instock","13":"product-type-external"},"brands":[{"id":265,"name":"DOLZ","slug":"dolz"}],"_links":{"self":[{"href":"https:\/\/www.autonvaraosahaku.fi\/index.php?rest_route=\/wp\/v2\/product\/64513","targetHints":{"allow":["GET"]}}],"collection":[{"href":"https:\/\/www.autonvaraosahaku.fi\/index.php?rest_route=\/wp\/v2\/product"}],"about":[{"href":"https:\/\/www.autonvaraosahaku.fi\/index.php?rest_route=\/wp\/v2\/types\/product"}],"wp:attachment":[{"href":"https:\/\/www.autonvaraosahaku.fi\/index.php?rest_route=%2Fwp%2Fv2%2Fmedia&parent=64513"}],"wp:term":[{"taxonomy":"pwb-brand","embeddable":true,"href":"https:\/\/www.autonvaraosahaku.fi\/index.php?rest_route=%2Fwp%2Fv2%2Fpwb-brand&post=64513"},{"taxonomy":"product_cat","embeddable":true,"href":"https:\/\/www.autonvaraosahaku.fi\/index.php?rest_route=%2Fwp%2Fv2%2Fproduct_cat&post=64513"},{"taxonomy":"product_tag","embeddable":true,"href":"https:\/\/www.autonvaraosahaku.fi\/index.php?rest_route=%2Fwp%2Fv2%2Fproduct_tag&post=64513"}],"curies":[{"name":"wp","href":"https:\/\/api.w.org\/{rel}","templated":true}]}}