{"id":64516,"date":"2021-02-21T18:39:38","date_gmt":"2021-02-21T18:39:38","guid":{"rendered":"https:\/\/www.autonvaraosahaku.fi\/?product=ridex-3926a0132-ilmamassamittari"},"modified":"2021-02-21T18:39:41","modified_gmt":"2021-02-21T18:39:41","slug":"ridex-3926a0132-ilmamassamittari","status":"publish","type":"product","link":"https:\/\/www.autonvaraosahaku.fi\/?product=ridex-3926a0132-ilmamassamittari","title":{"rendered":"RIDEX 3926A0132 Ilmamassamittari"},"content":{"rendered":"<p>Napojen m\u00e4\u00e4r\u00e4: 5; Korvaava tuote\/korvaava tiedote 2: Sis\u00e4\u00e4nrakennetulla ilmal\u00e4mp\u00f6tilasensorilla; Pistokkeen kotelon muoto: Soikea; J\u00e4nnite (V): 12; Pituus (mm): 182; Leveys (mm): 165; Korkeus (mm): 125; Kotelomalli: Kopalla; Valmistusvuoteen: 01\/1999; FIAT: GRANDE PUNTO 199,PUNTO 188,STILO 192,STILO Multi Wagon 192,STRADA Pick-up 178E,MULTIPLA 186,MAREA Weekend 185,PALIO Weekend 178DX,MAREA 185; HONDA: CIVIC VII Hatchback EU, EP, EV; ALFA ROMEO: 147 937,GT 937,GTV 916C_; LADA: NIVA 2121,NIVA II 2123,KALINA Kombi 1117,KALINA Schr\u00e4gheck 1119,111 2111,110 2110,PRIORA Kombi 2171,KALINA Stufenheck 1118,112 2112,PRIORA Schr\u00e4gheck 2172; 46533308, 46811122, 46533308, 46811122, 16400PLZE01, 16400PLZE011, 210831130010, 21083113001010, 21083113001020, 203855, 293376300004, 316023877012, 316023877014; Ilmam\u00e4\u00e4r\u00e4mittari,MAF Anturi<\/p>\n","protected":false},"excerpt":{"rendered":"<p>RIDEX Ilmamassamittari 3926A0132 Ilmam\u00e4\u00e4r\u00e4mittari,MAF Anturi FIAT,HONDA,ALFA ROMEO,GRANDE PUNTO 199,PUNTO 188,STILO 192,STILO Multi Wagon 192<\/p>\n","protected":false},"featured_media":0,"template":"","meta":{"site-sidebar-layout":"default","site-content-layout":"default","ast-global-header-display":"","ast-main-header-display":"","ast-hfb-above-header-display":"","ast-hfb-below-header-display":"","ast-hfb-mobile-header-display":"","site-post-title":"","ast-breadcrumbs-content":"","ast-featured-img":"","footer-sml-layout":"","theme-transparent-header-meta":"","adv-header-id-meta":"","stick-header-meta":"","header-above-stick-meta":"","header-main-stick-meta":"","header-below-stick-meta":""},"pwb-brand":[157],"product_cat":[270],"product_tag":[],"class_list":{"0":"post-64516","1":"product","2":"type-product","3":"status-publish","5":"pwb-brand-ridex","6":"product_cat-ilmamassamittari","7":"desktop-align-left","8":"tablet-align-left","9":"mobile-align-left","11":"first","12":"instock","13":"product-type-external"},"brands":[{"id":157,"name":"RIDEX","slug":"ridex"}],"_links":{"self":[{"href":"https:\/\/www.autonvaraosahaku.fi\/index.php?rest_route=\/wp\/v2\/product\/64516","targetHints":{"allow":["GET"]}}],"collection":[{"href":"https:\/\/www.autonvaraosahaku.fi\/index.php?rest_route=\/wp\/v2\/product"}],"about":[{"href":"https:\/\/www.autonvaraosahaku.fi\/index.php?rest_route=\/wp\/v2\/types\/product"}],"wp:attachment":[{"href":"https:\/\/www.autonvaraosahaku.fi\/index.php?rest_route=%2Fwp%2Fv2%2Fmedia&parent=64516"}],"wp:term":[{"taxonomy":"pwb-brand","embeddable":true,"href":"https:\/\/www.autonvaraosahaku.fi\/index.php?rest_route=%2Fwp%2Fv2%2Fpwb-brand&post=64516"},{"taxonomy":"product_cat","embeddable":true,"href":"https:\/\/www.autonvaraosahaku.fi\/index.php?rest_route=%2Fwp%2Fv2%2Fproduct_cat&post=64516"},{"taxonomy":"product_tag","embeddable":true,"href":"https:\/\/www.autonvaraosahaku.fi\/index.php?rest_route=%2Fwp%2Fv2%2Fproduct_tag&post=64516"}],"curies":[{"name":"wp","href":"https:\/\/api.w.org\/{rel}","templated":true}]}}