{"id":64531,"date":"2021-02-21T18:39:43","date_gmt":"2021-02-21T18:39:43","guid":{"rendered":"https:\/\/www.autonvaraosahaku.fi\/?product=ashika-50-0w-w13-jarrupalat"},"modified":"2021-02-21T18:39:45","modified_gmt":"2021-02-21T18:39:45","slug":"ashika-50-0w-w13-jarrupalat","status":"publish","type":"product","link":"https:\/\/www.autonvaraosahaku.fi\/?product=ashika-50-0w-w13-jarrupalat","title":{"rendered":"ASHIKA 50-0W-W13 Jarrupalat"},"content":{"rendered":"<p>Asennuspuoli: Etuakseli; Jarrutyyppi: Levyjarru; Pituus (mm): 148; Korkeus (mm): 62; Paksuus [mm]: 19; WVA-numero: 25034; Tarkistuskilpi: ECE R90 APPROVED; Vannekoko (tuumaa): 16; M\u00e4\u00e4r\u00e4yksikk\u00f6: Akselisarja; vannekoolle [tuumaa]: 16; OPEL: ASTRA J Sports Tourer,ASTRA J,ZAFIRA TOURER C P12,MOKKA,ASTRA GTC J,ASTRA J Stufenheck,AMPERA; CHEVROLET: ORLANDO J309,CRUZE J300,CRUZE Station Wagon J308,CRUZE Schr\u00e4gheck J305,TRAX,VOLT; CADILLAC: ATS; VAUXHALL: ZAFIRA Mk III P12; 22799077, 13301234, 13412810, 22799077, 13301234, 13412810, 1605135, 1605178, 1605263, 22799077, 542115, 95516193, 13301234, 13412810, 22799077, 95516193; Jarrupalasarja,Jarrupala, Levyjarru<\/p>\n","protected":false},"excerpt":{"rendered":"<p>ASHIKA Jarrupalat 50-0W-W13 Jarrupalasarja,Jarrupala, Levyjarru OPEL,CHEVROLET,CADILLAC,ASTRA J Sports Tourer,ASTRA J,ZAFIRA TOURER C P12,MOKKA<\/p>\n","protected":false},"featured_media":0,"template":"","meta":{"site-sidebar-layout":"default","site-content-layout":"default","ast-global-header-display":"","ast-main-header-display":"","ast-hfb-above-header-display":"","ast-hfb-below-header-display":"","ast-hfb-mobile-header-display":"","site-post-title":"","ast-breadcrumbs-content":"","ast-featured-img":"","footer-sml-layout":"","theme-transparent-header-meta":"","adv-header-id-meta":"","stick-header-meta":"","header-above-stick-meta":"","header-main-stick-meta":"","header-below-stick-meta":""},"pwb-brand":[102],"product_cat":[100],"product_tag":[],"class_list":{"0":"post-64531","1":"product","2":"type-product","3":"status-publish","5":"pwb-brand-ashika","6":"product_cat-jarrupalat","7":"desktop-align-left","8":"tablet-align-left","9":"mobile-align-left","11":"first","12":"instock","13":"product-type-external"},"brands":[{"id":102,"name":"ASHIKA","slug":"ashika"}],"_links":{"self":[{"href":"https:\/\/www.autonvaraosahaku.fi\/index.php?rest_route=\/wp\/v2\/product\/64531","targetHints":{"allow":["GET"]}}],"collection":[{"href":"https:\/\/www.autonvaraosahaku.fi\/index.php?rest_route=\/wp\/v2\/product"}],"about":[{"href":"https:\/\/www.autonvaraosahaku.fi\/index.php?rest_route=\/wp\/v2\/types\/product"}],"wp:attachment":[{"href":"https:\/\/www.autonvaraosahaku.fi\/index.php?rest_route=%2Fwp%2Fv2%2Fmedia&parent=64531"}],"wp:term":[{"taxonomy":"pwb-brand","embeddable":true,"href":"https:\/\/www.autonvaraosahaku.fi\/index.php?rest_route=%2Fwp%2Fv2%2Fpwb-brand&post=64531"},{"taxonomy":"product_cat","embeddable":true,"href":"https:\/\/www.autonvaraosahaku.fi\/index.php?rest_route=%2Fwp%2Fv2%2Fproduct_cat&post=64531"},{"taxonomy":"product_tag","embeddable":true,"href":"https:\/\/www.autonvaraosahaku.fi\/index.php?rest_route=%2Fwp%2Fv2%2Fproduct_tag&post=64531"}],"curies":[{"name":"wp","href":"https:\/\/api.w.org\/{rel}","templated":true}]}}