{"id":64541,"date":"2021-02-21T18:39:43","date_gmt":"2021-02-21T18:39:43","guid":{"rendered":"https:\/\/www.autonvaraosahaku.fi\/?product=purflux-a352-ilmansuodatin"},"modified":"2021-02-21T18:39:47","modified_gmt":"2021-02-21T18:39:47","slug":"purflux-a352-ilmansuodatin","status":"publish","type":"product","link":"https:\/\/www.autonvaraosahaku.fi\/?product=purflux-a352-ilmansuodatin","title":{"rendered":"PURFLUX A352 Ilmansuodatin"},"content":{"rendered":"<p>Ulkol\u00e4pimitta [mm]: 184; Sis\u00e4l\u00e4pimitta [mm]: 117; Korkeus (mm): 114; SUZUKI: SAMURAI SJ,SJ 413,SAMURAI Gel\u00e4ndewagen offen SJ; A1147C, A336C, PC2129E, J1328007, 1378083000, 1378083101, 99000990YJ00<\/p>\n","protected":false},"excerpt":{"rendered":"<p>PURFLUX Ilmansuodatin A352  SUZUKI,SAMURAI SJ,SJ 413,SAMURAI Gel\u00e4ndewagen offen SJ<\/p>\n","protected":false},"featured_media":0,"template":"","meta":{"site-sidebar-layout":"default","site-content-layout":"default","ast-global-header-display":"","ast-main-header-display":"","ast-hfb-above-header-display":"","ast-hfb-below-header-display":"","ast-hfb-mobile-header-display":"","site-post-title":"","ast-breadcrumbs-content":"","ast-featured-img":"","footer-sml-layout":"","theme-transparent-header-meta":"","adv-header-id-meta":"","stick-header-meta":"","header-above-stick-meta":"","header-main-stick-meta":"","header-below-stick-meta":""},"pwb-brand":[303],"product_cat":[31],"product_tag":[],"class_list":{"0":"post-64541","1":"product","2":"type-product","3":"status-publish","5":"pwb-brand-purflux","6":"product_cat-ilmansuodatin","7":"desktop-align-left","8":"tablet-align-left","9":"mobile-align-left","11":"first","12":"instock","13":"product-type-external"},"brands":[{"id":303,"name":"PURFLUX","slug":"purflux"}],"_links":{"self":[{"href":"https:\/\/www.autonvaraosahaku.fi\/index.php?rest_route=\/wp\/v2\/product\/64541","targetHints":{"allow":["GET"]}}],"collection":[{"href":"https:\/\/www.autonvaraosahaku.fi\/index.php?rest_route=\/wp\/v2\/product"}],"about":[{"href":"https:\/\/www.autonvaraosahaku.fi\/index.php?rest_route=\/wp\/v2\/types\/product"}],"wp:attachment":[{"href":"https:\/\/www.autonvaraosahaku.fi\/index.php?rest_route=%2Fwp%2Fv2%2Fmedia&parent=64541"}],"wp:term":[{"taxonomy":"pwb-brand","embeddable":true,"href":"https:\/\/www.autonvaraosahaku.fi\/index.php?rest_route=%2Fwp%2Fv2%2Fpwb-brand&post=64541"},{"taxonomy":"product_cat","embeddable":true,"href":"https:\/\/www.autonvaraosahaku.fi\/index.php?rest_route=%2Fwp%2Fv2%2Fproduct_cat&post=64541"},{"taxonomy":"product_tag","embeddable":true,"href":"https:\/\/www.autonvaraosahaku.fi\/index.php?rest_route=%2Fwp%2Fv2%2Fproduct_tag&post=64541"}],"curies":[{"name":"wp","href":"https:\/\/api.w.org\/{rel}","templated":true}]}}