{"id":64545,"date":"2021-02-21T18:39:48","date_gmt":"2021-02-21T18:39:48","guid":{"rendered":"https:\/\/www.autonvaraosahaku.fi\/?product=spidan-190966-vetonivelen-suojakumi"},"modified":"2021-02-21T18:39:49","modified_gmt":"2021-02-21T18:39:49","slug":"spidan-190966-vetonivelen-suojakumi","status":"publish","type":"product","link":"https:\/\/www.autonvaraosahaku.fi\/?product=spidan-190966-vetonivelen-suojakumi","title":{"rendered":"SPIDAN 190966 Vetonivelen suojakumi"},"content":{"rendered":"<p>Sis\u00e4l\u00e4pimitta 1 alkaen [mm]: 21; Sis\u00e4l\u00e4pimitta 1 enint\u00e4\u00e4n [mm]: 23; Sis\u00e4l\u00e4pimitta 2 alkaen [mm]: 77; Sis\u00e4l\u00e4pimitta 2 enint\u00e4\u00e4n [mm]: 80; Korkeus (mm): 90; Paljekumin materiaali: Neopreni; Versio: FlexBoot; Uusi osa: ; Asennuspuoli: getriebeseitig; VW: TRANSPORTER IV Bus 70XB, 70XC, 7DB, 7DW,TIGUAN 5N_,GOLF VII 5G1, BE1,CADDY III Kombi 2KB, 2KJ, 2CB, 2CJ,CADDY III Kasten 2KA, 2KH, 2CA, 2CH,GOLF VII Kombi BA5,TRANSPORTER IV Pritsche\/Fahrgestell 70XD,CC 358,PASSAT Variant 32B,PASSAT Variant 3G5,GOLF SPORTSVAN AM1,TOURAN,TIGUAN AD1,CADDY IV Kombi SAB, SAJ,PASSAT 3G2,POLO AW1, BZ1,CADDY IV Kasten SAA, SAH,PASSAT ALLTRACK 3G5,T-ROC A11,ARTEON 3H7,GOLF ALLTRACK BA5,CADDY ALLTRACK Kasten SAA,CADDY ALLTRACK Kombi SAB; AUDI: A3 Sportback 8VA,80 Avant 8C, B4,100 44, 44Q, C3,COUPE 89, 8B,80 81, 85, B2,90 89, 89Q, 8A, B3,A3 Limousine 8VS,A3 8V1,V8 44_, 4C_,200 44, 44Q,A3 Cabriolet 8V7,TT FV3,Q2 GA,TT Roadster FV9; OPEL: ASTRA J Sports Tourer,INSIGNIA Caravan,ASTRA J,MERIVA B,ZAFIRA TOURER C P12,ASTRA F CC 53_, 54_, 58_, 59_,INSIGNIA,ASTRA G Cabriolet F67,ASTRA F Caravan 51_, 52_,INSIGNIA Stufenheck,FRONTERA B 6B_,CALIBRA A 85_,ASTRA GTC J,VECTRA A 86_, 87_,ASTRA F Cabriolet 53_B,ASTRA J Stufenheck,ASTRA F 56_, 57_,KADETT E CC 33_, 34_, 43_, 44_,VECTRA A CC 88_, 89_,COMBO Kasten\/Kombi X12,KADETT E Cabriolet 43B_,ASCONA C 81_, 86_, 87_, 88_,CAMPO TF_,COMBO Tour X12,KADETT D 31_-34_, 41_-44_,KADETT E 39_, 49_,ASCONA C CC 84_, 89_,KADETT E Caravan 35_, 36_, 45_, 46_,ASTRA F Van 55_,KADETT D 32_,37_,39, _42,KADETT D Caravan 35_, 36_, 45_, 46_,KADETT E Kasten 37_, 47_,KADETT E Combo 38_, 48_,INSIGNIA A Country Tourer G09; FORD: FIESTA IV JA_, JB_,KA RU8,MONDEO II Kombi BNP,MONDEO II BAP,RANGER ER, EQ,ESCORT VII GAL, AAL, ABL,MONDEO II Stufenheck BFP,MONDEO I Kombi BNP,MONDEO I GBP,ESCORT VII Kombi GAL, ANL,ESCORT VII Cabriolet ALL,ESCORT VI GAL,ESCORT V Cabriolet ALL,MAVERICK UDS, UNS,MONDEO I Stufenheck GBP,ESCORT &#8217;95 Express AVL,ESCORT V GAL,ESCORT VII Stufenheck GAL, AFL,ESCORT VI Kombi GAL,ESCORT CLASSIC AAL, ABL,ESCORT CLASSIC Turnier ANL,ESCORT VI Stufenheck GAL,ESCORT V Kombi GAL, AVL,ORION III GAL; RENAULT: CLIO II BB0\/1\/2_, CB0\/1\/2_,KOLEOS HY_,LAGUNA I B56_, 556_,CLIO I B\/C57_, 5\/357_,ESPACE II J\/S63_,19 I B\/C53_,TRAFIC Kasten TXX,ESPACE I J11_,25 B29_; FIAT: GRANDE PUNTO 199,PUNTO 188,PANDA 169,500 312,STILO 192,BRAVO II 198,DUCATO Pritsche\/Fahrgestell 230,PUNTO EVO 199,DUCATO Bus 230,DUCATO Kasten 244,BARCHETTA 183,DOBLO Cargo 223,500 C 312,PUNTO 176,STILO Multi Wagon 192,DOBLO 119,CROMA 194,DUCATO Pritsche\/Fahrgestell 244,DUCATO Pritsche\/Fahrgestell 290,DOBLO Kasten\/Kombi 263,PANDA Van 169,DUCATO Kasten 230L,DUCATO Pritsche\/Fahrgestell 280,PUNTO 199,ULYSSE 179AX,DUCATO Bus 244, Z_,IDEA,COUPE FA\/175,STRADA Pick-up 178E,MULTIPLA 186,QUBO 225,DOBLO Gro\u00dfraumlimousine 152, 263,PUNTO Van 188AX,BRAVO I 182,BRAVA 182,MAREA Weekend 185,FIORINO Kasten\/Kombi 225,PALIO Weekend 178DX,LINEA 323,TIPO 160,DOBLO Pritsche\/Fahrgestell 263,CROMA 154,MAREA 185,TEMPRA 159,TEMPRA S.W. 159,PALIO 178BX,500X,SIENA 178_; SKODA: OCTAVIA Combi 5E5,YETI 5L,OCTAVIA 5E3,SUPERB Kombi 3V5,KODIAQ NS7,SUPERB 3V3,KAROQ NU7; PEUGEOT: 206 Schr\u00e4gheck 2A\/C,206 CC 2D,807 E,306 Schr\u00e4gheck 7A, 7C, N3, N5,306 Cabriolet 7D, N3, N5,406 Break 8E\/F,PARTNER Combispace 5F,205 II 20A\/C,PARTNER Kasten 5,406 Coupe 8C,306 Break 7E, N3, N5,406 8B,806 221,BOXER Kasten 244,306 7B, N3, N5,205 I Cabriolet 741B, 20D,EXPERT Kasten 222,309 II 3C, 3A,205 I 741A\/C,405 I 15B,BOXER Bus 244, Z_,BOXER Pritsche\/Fahrgestell ZCT_,206 Van,605 6B,EXPERT 224,405 II 4B,309 I 10C, 10A,BOXER Pritsche\/Fahrgestell 244,405 II Break 4E,405 I Break 15E,305 II 581M,EXPERT Pritsche\/Fahrgestell 223,PARTNER Pritsche\/Fahrgestell; SEAT: LEON 5F1,LEON ST 5F8,LEON SC 5F5,ATECA KH7,ARONA KJ7; TOYOTA: COROLLA Verso ZER_, ZZE12_, R1_,RAV 4 II CLA2_, XA2_, ZCA2_, ACA2_,VERSO _AUR2_, _ZGR2_,STARLET EP91,COROLLA Liftback _E11_,COROLLA Compact _E11_,COROLLA Verso ZDE12_, CDE12_,PICNIC _XM10,MR 2 III ZZW3_,PASEO Coupe EL54,COROLLA Compact _E10_,CARINA E _T19_,COROLLA _E11_,CARINA E Stufenheck _T19_,CELICA Coupe AT18_, ST18_,COROLLA Wagon __E11_,CARINA E Sportswagon _T19_,PREVIA TCR2_, TCR1_,CAMRY _CV2_, _XV2_,COROLLA Liftback _E10_,COROLLA Liftback _E9_,COROLLA _E10_,PRIUS Stufenheck NHW11_,CARINA II _T17_,CAMRY _CV1_, _XV1_, _V1_,CARINA II Stufenheck _T17_,COROLLA Compact _E9_,COROLLA Coupe AE86,CELICA Liftback ST16_, AT16_,CAMRY Station Wagon _XV1_, _CV1_, _V10,COROLLA Wagon _E10_,COROLLA Station Wagon _E9_,COROLLA _E9_,CELICA Coupe _A6_,CELICA Cabriolet AT18_, ST18_,COROLLA Liftback _E8_,CARINA II Station Wagon _T17_,COROLLA FX Compact E8B,CARINA II _T15_,CARINA II Stufenheck _T15_,COROLLA _E8_,COROLLA Liftback _E7_,CELICA AT16_, ST16_,COROLLA Coupe _E9_; Vetoakselin Suojakumi,Paljekumi, Vetoakseli<\/p>\n","protected":false},"excerpt":{"rendered":"<p>SPIDAN Vetonivelen Suojakumi 190966 Vetoakselin Suojakumi,Paljekumi, Vetoakseli VW,AUDI,OPEL,TRANSPORTER IV Bus 70XB, 70XC, 7DB, 7DW,TIGUAN 5N_<\/p>\n","protected":false},"featured_media":0,"template":"","meta":{"site-sidebar-layout":"default","site-content-layout":"default","ast-global-header-display":"","ast-main-header-display":"","ast-hfb-above-header-display":"","ast-hfb-below-header-display":"","ast-hfb-mobile-header-display":"","site-post-title":"","ast-breadcrumbs-content":"","ast-featured-img":"","footer-sml-layout":"","theme-transparent-header-meta":"","adv-header-id-meta":"","stick-header-meta":"","header-above-stick-meta":"","header-main-stick-meta":"","header-below-stick-meta":""},"pwb-brand":[411],"product_cat":[42],"product_tag":[],"class_list":{"0":"post-64545","1":"product","2":"type-product","3":"status-publish","5":"pwb-brand-spidan","6":"product_cat-vetonivelen-suojakumi","7":"desktop-align-left","8":"tablet-align-left","9":"mobile-align-left","11":"first","12":"instock","13":"product-type-external"},"brands":[{"id":411,"name":"SPIDAN","slug":"spidan"}],"_links":{"self":[{"href":"https:\/\/www.autonvaraosahaku.fi\/index.php?rest_route=\/wp\/v2\/product\/64545","targetHints":{"allow":["GET"]}}],"collection":[{"href":"https:\/\/www.autonvaraosahaku.fi\/index.php?rest_route=\/wp\/v2\/product"}],"about":[{"href":"https:\/\/www.autonvaraosahaku.fi\/index.php?rest_route=\/wp\/v2\/types\/product"}],"wp:attachment":[{"href":"https:\/\/www.autonvaraosahaku.fi\/index.php?rest_route=%2Fwp%2Fv2%2Fmedia&parent=64545"}],"wp:term":[{"taxonomy":"pwb-brand","embeddable":true,"href":"https:\/\/www.autonvaraosahaku.fi\/index.php?rest_route=%2Fwp%2Fv2%2Fpwb-brand&post=64545"},{"taxonomy":"product_cat","embeddable":true,"href":"https:\/\/www.autonvaraosahaku.fi\/index.php?rest_route=%2Fwp%2Fv2%2Fproduct_cat&post=64545"},{"taxonomy":"product_tag","embeddable":true,"href":"https:\/\/www.autonvaraosahaku.fi\/index.php?rest_route=%2Fwp%2Fv2%2Fproduct_tag&post=64545"}],"curies":[{"name":"wp","href":"https:\/\/api.w.org\/{rel}","templated":true}]}}