{"id":64578,"date":"2021-02-21T18:39:53","date_gmt":"2021-02-21T18:39:53","guid":{"rendered":"https:\/\/www.autonvaraosahaku.fi\/?product=ridex-8a0514-ilmansuodatin"},"modified":"2021-02-21T18:39:56","modified_gmt":"2021-02-21T18:39:56","slug":"ridex-8a0514-ilmansuodatin","status":"publish","type":"product","link":"https:\/\/www.autonvaraosahaku.fi\/?product=ridex-8a0514-ilmansuodatin","title":{"rendered":"RIDEX 8A0514 Ilmansuodatin"},"content":{"rendered":"<p>Muoto: Py\u00f6re\u00e4; Korkeus (mm): 61; Sis\u00e4l\u00e4pimitta [mm]: 197; Ulkol\u00e4pimitta [mm]: 260; Valmistusvuoteen: 09\/1989; VW: TARO; OPEL: CAMPO TF_; TOYOTA: HILUX V Pick-up LN_, KZN1_, VZN1_,HILUX IV Pick-up _N5_, _N6_,4 RUNNER RN5_, LN5_, VZN6_, RN7_, RN6_,CRESSIDA Stufenheck RX3_,CORONA Station Wagon RT118,CORONA RT1_,CRESSIDA Station Wagon RX3_; NISSAN: PICK UP D22,NAVARA D22,PICK UP D21,TERRANO I WD21,PATROL Hardtop K160,PATROL Hardtop K260,PATROL Station Wagon W160,NAVARA Pick-up D21,SILVIA S12,PICK UP 720,NAVARA Pritsche\/Fahrgestell D21,LAUREL JC31,LAUREL HLC230,BLUEBIRD 910,BLUEBIRD B610,DATSUN 160 J 710, A10,BLUEBIRD Traveller W910,DATSUN 180 B PL810,BLUEBIRD Stufenheck 910,DATSUN 140 J 710; VAUXHALL: BRAVA Pick-up; ISUZU: TROOPER Soft Top UBS,CAMPO KB,GEMINI Stufenheck; A391C, A425C, PC304, PC322, PC64, 5000261, 5006027, 5017009, 860X9601ALA, A790X9601AHA, 14215133, 514150030, 514215000, 514215003, 5142150030, 514215030, 8942035360, 894206007, 8942060070, 94023904, 94203536, 94206003, 94206007, 94206007G, 94215007, M38166, K434408, K434797, K4644110, 16403Y7525, 1654608000, 1654608001, 1654610625, 1654610800, 1654610801, 1654616800, 1654623000, 16546G7300, 16546L0700, 16546S0100, A6403Y7525, 4302955, 1654690100, 1780134010, 1780144060, 6486925, 7987986, 9142151720, 94020442, 94206007, 9974341<\/p>\n","protected":false},"excerpt":{"rendered":"<p>RIDEX Ilmansuodatin 8A0514  VW,OPEL,TOYOTA,TARO,CAMPO TF_,HILUX V Pick-up LN_, KZN1_, VZN1_,HILUX IV Pick-up _N5_, _N6_<\/p>\n","protected":false},"featured_media":0,"template":"","meta":{"site-sidebar-layout":"default","site-content-layout":"default","ast-global-header-display":"","ast-main-header-display":"","ast-hfb-above-header-display":"","ast-hfb-below-header-display":"","ast-hfb-mobile-header-display":"","site-post-title":"","ast-breadcrumbs-content":"","ast-featured-img":"","footer-sml-layout":"","theme-transparent-header-meta":"","adv-header-id-meta":"","stick-header-meta":"","header-above-stick-meta":"","header-main-stick-meta":"","header-below-stick-meta":""},"pwb-brand":[157],"product_cat":[31],"product_tag":[],"class_list":{"0":"post-64578","1":"product","2":"type-product","3":"status-publish","5":"pwb-brand-ridex","6":"product_cat-ilmansuodatin","7":"desktop-align-left","8":"tablet-align-left","9":"mobile-align-left","11":"first","12":"instock","13":"product-type-external"},"brands":[{"id":157,"name":"RIDEX","slug":"ridex"}],"_links":{"self":[{"href":"https:\/\/www.autonvaraosahaku.fi\/index.php?rest_route=\/wp\/v2\/product\/64578","targetHints":{"allow":["GET"]}}],"collection":[{"href":"https:\/\/www.autonvaraosahaku.fi\/index.php?rest_route=\/wp\/v2\/product"}],"about":[{"href":"https:\/\/www.autonvaraosahaku.fi\/index.php?rest_route=\/wp\/v2\/types\/product"}],"wp:attachment":[{"href":"https:\/\/www.autonvaraosahaku.fi\/index.php?rest_route=%2Fwp%2Fv2%2Fmedia&parent=64578"}],"wp:term":[{"taxonomy":"pwb-brand","embeddable":true,"href":"https:\/\/www.autonvaraosahaku.fi\/index.php?rest_route=%2Fwp%2Fv2%2Fpwb-brand&post=64578"},{"taxonomy":"product_cat","embeddable":true,"href":"https:\/\/www.autonvaraosahaku.fi\/index.php?rest_route=%2Fwp%2Fv2%2Fproduct_cat&post=64578"},{"taxonomy":"product_tag","embeddable":true,"href":"https:\/\/www.autonvaraosahaku.fi\/index.php?rest_route=%2Fwp%2Fv2%2Fproduct_tag&post=64578"}],"curies":[{"name":"wp","href":"https:\/\/api.w.org\/{rel}","templated":true}]}}