{"id":64622,"date":"2021-02-21T18:40:08","date_gmt":"2021-02-21T18:40:08","guid":{"rendered":"https:\/\/www.autonvaraosahaku.fi\/?product=pierburg-7-00309-07-0-egr-venttiili"},"modified":"2021-02-21T18:40:08","modified_gmt":"2021-02-21T18:40:08","slug":"pierburg-7-00309-07-0-egr-venttiili","status":"publish","type":"product","link":"https:\/\/www.autonvaraosahaku.fi\/?product=pierburg-7-00309-07-0-egr-venttiili","title":{"rendered":"PIERBURG 7.00309.07.0 Egr venttiili"},"content":{"rendered":"<p>Venttiilimalli: Kalvonventtiili; K\u00e4ytt\u00f6: Pneumaattinen; Lis\u00e4tarvike\/lis\u00e4tieto: Tiivisteill\u00e4; Teknisten tietojen numero: SI 0100; TECDOC henkil\u00f6auton tyyppinumero: 17920; VW: TOUAREG 7LA, 7L6, 7L7,PHAETON 3D_; AUDI: A6 Avant 4F5, C6,A4 Avant 8ED, B7,A6 4F2, C6,A4 Cabriolet 8H7, B6, 8HE, B7,A4 8EC, B7,Q7 4L,A8 4E_,A6 Allroad 4FH, C6; 059131503H, 059131503H; Venttiili, Pakokaasun Kierr\u00e4tys<\/p>\n","protected":false},"excerpt":{"rendered":"<p>PIERBURG EGR Venttiili 7.00309.07.0 Venttiili, Pakokaasun Kierr\u00e4tys VW,AUDI,TOUAREG 7LA, 7L6, 7L7,PHAETON 3D_,A6 Avant 4F5, C6,A4 Avant 8ED, B7<\/p>\n","protected":false},"featured_media":0,"template":"","meta":{"site-sidebar-layout":"default","site-content-layout":"default","ast-global-header-display":"","ast-main-header-display":"","ast-hfb-above-header-display":"","ast-hfb-below-header-display":"","ast-hfb-mobile-header-display":"","site-post-title":"","ast-breadcrumbs-content":"","ast-featured-img":"","footer-sml-layout":"","theme-transparent-header-meta":"","adv-header-id-meta":"","stick-header-meta":"","header-above-stick-meta":"","header-main-stick-meta":"","header-below-stick-meta":""},"pwb-brand":[380],"product_cat":[35],"product_tag":[],"class_list":{"0":"post-64622","1":"product","2":"type-product","3":"status-publish","5":"pwb-brand-pierburg","6":"product_cat-egr-venttiili","7":"desktop-align-left","8":"tablet-align-left","9":"mobile-align-left","11":"first","12":"instock","13":"product-type-external"},"brands":[{"id":380,"name":"PIERBURG","slug":"pierburg"}],"_links":{"self":[{"href":"https:\/\/www.autonvaraosahaku.fi\/index.php?rest_route=\/wp\/v2\/product\/64622","targetHints":{"allow":["GET"]}}],"collection":[{"href":"https:\/\/www.autonvaraosahaku.fi\/index.php?rest_route=\/wp\/v2\/product"}],"about":[{"href":"https:\/\/www.autonvaraosahaku.fi\/index.php?rest_route=\/wp\/v2\/types\/product"}],"wp:attachment":[{"href":"https:\/\/www.autonvaraosahaku.fi\/index.php?rest_route=%2Fwp%2Fv2%2Fmedia&parent=64622"}],"wp:term":[{"taxonomy":"pwb-brand","embeddable":true,"href":"https:\/\/www.autonvaraosahaku.fi\/index.php?rest_route=%2Fwp%2Fv2%2Fpwb-brand&post=64622"},{"taxonomy":"product_cat","embeddable":true,"href":"https:\/\/www.autonvaraosahaku.fi\/index.php?rest_route=%2Fwp%2Fv2%2Fproduct_cat&post=64622"},{"taxonomy":"product_tag","embeddable":true,"href":"https:\/\/www.autonvaraosahaku.fi\/index.php?rest_route=%2Fwp%2Fv2%2Fproduct_tag&post=64622"}],"curies":[{"name":"wp","href":"https:\/\/api.w.org\/{rel}","templated":true}]}}