{"id":64626,"date":"2021-02-21T18:40:08","date_gmt":"2021-02-21T18:40:08","guid":{"rendered":"https:\/\/www.autonvaraosahaku.fi\/?product=ridex-458f0039-polttoainepumppu"},"modified":"2021-02-21T18:40:09","modified_gmt":"2021-02-21T18:40:09","slug":"ridex-458f0039-polttoainepumppu","status":"publish","type":"product","link":"https:\/\/www.autonvaraosahaku.fi\/?product=ridex-458f0039-polttoainepumppu","title":{"rendered":"RIDEX 458F0039 Polttoainepumppu"},"content":{"rendered":"<p>Korvaava tuote\/korvaava tiedote 2: Suodattimella; Paino [kg]: 0,33; Siirtom\u00e4\u00e4r\u00e4 (l\/h): 90; K\u00e4ytt\u00f6paine (bar): 3; Pituus 1 (mm): 65; Pituus 2 (mm): 175; L\u00e4pimitta 1 [mm]: 10; L\u00e4pimitta [mm]: 36; Sis\u00e4\u00e4n\/ulosmeno aukkojen lukum\u00e4\u00e4r\u00e4: 2\/1; Ruiskutusj\u00e4rjestelm\u00e4: MPI (monipiste); Polttoaine: Bensiini; Asennuspuoli: polttoaines\u00e4ili\u00f6ss\u00e4; J\u00e4nnite (V): 12; K\u00e4ytt\u00f6: S\u00e4hk\u00f6inen; Ei moottorikoodille: KDX (TU3MC); RENAULT: ESPACE III JE0_,AVANTIME DE0_; FIAT: PANDA 141A_,STRADA Pick-up 178E,PALIO Weekend 178DX,PALIO 178BX,SIENA 178_; PEUGEOT: 206 Schr\u00e4gheck 2A\/C,206 CC 2D,306 Schr\u00e4gheck 7A, 7C, N3, N5,607 9D, 9U,306 Cabriolet 7D, N3, N5,406 Break 8E\/F,PARTNER Combispace 5F,PARTNER Kasten 5,406 Coupe 8C,306 Break 7E, N3, N5,406 8B,306 7B, N3, N5; CITRO\u00cbN: BERLINGO MF,XSARA PICASSO N68,BERLINGO Kasten M_; VOLVO: V40 Kombi VW,S40 I VS; DAEWOO: LANOS KLAT,NUBIRA Wagon KLAJ,LANOS Stufenheck KLAT,LEGANZA KLAV,NUBIRA Stufenheck KLAJ,NUBIRA KLAJ; ROVER: 25 RF,200 RF,45 Stufenheck RT,45 RT,400 RT,CABRIOLET XW,400 Hatchback RT,400 Tourer XW,COUPE; MG: MG ZR,MG ZS,MG ZS Hatchback; 46411679, 46432168, 46443198, 46537626, 46739039, 46767419, 152546, 152552, 152560, 152575, 152581, 152594, 9618890880, 96254762, 9625476280, 9633294680, 46411679, 46432168, 46443198, 46537626, 46739039, 46767419, 7760923, 30611490, 46411679, 46432168, 46443198, 46537626, 46739039, 46767419, 7621261, 152546, 152552, 152560, 152575, 152581, 152594, 1525H8, 1610077980, 9618890880, 96254762, 9625476280, 9633294680, 70046815, 6025304882, 6025315873, ERJ197, WFX100631, 30611490, 30864216<\/p>\n","protected":false},"excerpt":{"rendered":"<p>RIDEX Polttoainepumppu 458F0039  RENAULT,FIAT,PEUGEOT,ESPACE III JE0_,AVANTIME DE0_,PANDA 141A_,STRADA Pick-up 178E,PALIO Weekend 178DX,PALIO 178BX<\/p>\n","protected":false},"featured_media":0,"template":"","meta":{"site-sidebar-layout":"default","site-content-layout":"default","ast-global-header-display":"","ast-main-header-display":"","ast-hfb-above-header-display":"","ast-hfb-below-header-display":"","ast-hfb-mobile-header-display":"","site-post-title":"","ast-breadcrumbs-content":"","ast-featured-img":"","footer-sml-layout":"","theme-transparent-header-meta":"","adv-header-id-meta":"","stick-header-meta":"","header-above-stick-meta":"","header-main-stick-meta":"","header-below-stick-meta":""},"pwb-brand":[157],"product_cat":[73],"product_tag":[],"class_list":{"0":"post-64626","1":"product","2":"type-product","3":"status-publish","5":"pwb-brand-ridex","6":"product_cat-polttoainepumppu","7":"desktop-align-left","8":"tablet-align-left","9":"mobile-align-left","11":"first","12":"instock","13":"product-type-external"},"brands":[{"id":157,"name":"RIDEX","slug":"ridex"}],"_links":{"self":[{"href":"https:\/\/www.autonvaraosahaku.fi\/index.php?rest_route=\/wp\/v2\/product\/64626","targetHints":{"allow":["GET"]}}],"collection":[{"href":"https:\/\/www.autonvaraosahaku.fi\/index.php?rest_route=\/wp\/v2\/product"}],"about":[{"href":"https:\/\/www.autonvaraosahaku.fi\/index.php?rest_route=\/wp\/v2\/types\/product"}],"wp:attachment":[{"href":"https:\/\/www.autonvaraosahaku.fi\/index.php?rest_route=%2Fwp%2Fv2%2Fmedia&parent=64626"}],"wp:term":[{"taxonomy":"pwb-brand","embeddable":true,"href":"https:\/\/www.autonvaraosahaku.fi\/index.php?rest_route=%2Fwp%2Fv2%2Fpwb-brand&post=64626"},{"taxonomy":"product_cat","embeddable":true,"href":"https:\/\/www.autonvaraosahaku.fi\/index.php?rest_route=%2Fwp%2Fv2%2Fproduct_cat&post=64626"},{"taxonomy":"product_tag","embeddable":true,"href":"https:\/\/www.autonvaraosahaku.fi\/index.php?rest_route=%2Fwp%2Fv2%2Fproduct_tag&post=64626"}],"curies":[{"name":"wp","href":"https:\/\/api.w.org\/{rel}","templated":true}]}}