{"id":64629,"date":"2021-02-21T18:40:08","date_gmt":"2021-02-21T18:40:08","guid":{"rendered":"https:\/\/www.autonvaraosahaku.fi\/?product=ridex-3926a0160-ilmamassamittari"},"modified":"2021-02-21T18:40:09","modified_gmt":"2021-02-21T18:40:09","slug":"ridex-3926a0160-ilmamassamittari","status":"publish","type":"product","link":"https:\/\/www.autonvaraosahaku.fi\/?product=ridex-3926a0160-ilmamassamittari","title":{"rendered":"RIDEX 3926A0160 Ilmamassamittari"},"content":{"rendered":"<p>Kotelomalli: Kopalla; Varusteet: f\u00fcr Fahrzeuge mit Start-Stopp-Funktion; OPEL: COMBO Kasten\/Kombi X12,COMBO Tour X12; FORD: KA RU8; FIAT: GRANDE PUNTO 199,PANDA 169,DUCATO Kasten 250,500 312,BRAVO II 198,DUCATO Pritsche\/Fahrgestell 250,FREEMONT JF_,PUNTO EVO 199,DUCATO Bus 250,500 C 312,DOBLO Kasten\/Kombi 263,PUNTO 199,IDEA,PANDA 312,SEDICI,QUBO 225,500L,DOBLO Gro\u00dfraumlimousine 152, 263,FIORINO Kasten\/Kombi 225,LINEA 323,PUNTO Van 199,DOBLO Pritsche\/Fahrgestell 263,STRADA Pick-up 578_,500X,TIPO Schr\u00e4gheck 356_,PANDA VAN 312,TIPO Kombi 356_,TIPO Stufenheck 356_,PUNTO EVO Van 199_; PEUGEOT: BIPPER AA_,BIPPER Tepee; CITRO\u00cbN: NEMO Kasten AA_,NEMO Kombi; SUZUKI: SWIFT IV FZ, NZ,SX4 EY, GY; ALFA ROMEO: 159 Sportwagon 939,GIULIETTA 940,MITO 955,159 939,BRERA,SPIDER 939; JEEP: RENEGADE Gel\u00e4ndewagen geschlossen BU; LANCIA: YPSILON 843,DELTA III 844,MUSA 350,YPSILON 312, 846; VAUXHALL: COMBO Mk III D Kasten\/Kombi; 51782035, 51831050, 51831050, 163675, 51782035, 51831050, 71750589, K68083242AA, 1729032, BS5112B579AA, 51831050, 51782035, 51831050, 836013, 836014, 95510006, 95510015, 163675, 1380068L50, 1380068L50000, 1380079J80, 1380079J80000, 95510006, 95510015; Ilmam\u00e4\u00e4r\u00e4mittari,MAF Anturi<\/p>\n","protected":false},"excerpt":{"rendered":"<p>RIDEX Ilmamassamittari 3926A0160 Ilmam\u00e4\u00e4r\u00e4mittari,MAF Anturi OPEL,FORD,FIAT,COMBO Kasten\/Kombi X12,COMBO Tour X12,KA RU8,GRANDE PUNTO 199,PANDA 169<\/p>\n","protected":false},"featured_media":0,"template":"","meta":{"site-sidebar-layout":"default","site-content-layout":"default","ast-global-header-display":"","ast-main-header-display":"","ast-hfb-above-header-display":"","ast-hfb-below-header-display":"","ast-hfb-mobile-header-display":"","site-post-title":"","ast-breadcrumbs-content":"","ast-featured-img":"","footer-sml-layout":"","theme-transparent-header-meta":"","adv-header-id-meta":"","stick-header-meta":"","header-above-stick-meta":"","header-main-stick-meta":"","header-below-stick-meta":""},"pwb-brand":[157],"product_cat":[270],"product_tag":[],"class_list":{"0":"post-64629","1":"product","2":"type-product","3":"status-publish","5":"pwb-brand-ridex","6":"product_cat-ilmamassamittari","7":"desktop-align-left","8":"tablet-align-left","9":"mobile-align-left","11":"first","12":"instock","13":"product-type-external"},"brands":[{"id":157,"name":"RIDEX","slug":"ridex"}],"_links":{"self":[{"href":"https:\/\/www.autonvaraosahaku.fi\/index.php?rest_route=\/wp\/v2\/product\/64629","targetHints":{"allow":["GET"]}}],"collection":[{"href":"https:\/\/www.autonvaraosahaku.fi\/index.php?rest_route=\/wp\/v2\/product"}],"about":[{"href":"https:\/\/www.autonvaraosahaku.fi\/index.php?rest_route=\/wp\/v2\/types\/product"}],"wp:attachment":[{"href":"https:\/\/www.autonvaraosahaku.fi\/index.php?rest_route=%2Fwp%2Fv2%2Fmedia&parent=64629"}],"wp:term":[{"taxonomy":"pwb-brand","embeddable":true,"href":"https:\/\/www.autonvaraosahaku.fi\/index.php?rest_route=%2Fwp%2Fv2%2Fpwb-brand&post=64629"},{"taxonomy":"product_cat","embeddable":true,"href":"https:\/\/www.autonvaraosahaku.fi\/index.php?rest_route=%2Fwp%2Fv2%2Fproduct_cat&post=64629"},{"taxonomy":"product_tag","embeddable":true,"href":"https:\/\/www.autonvaraosahaku.fi\/index.php?rest_route=%2Fwp%2Fv2%2Fproduct_tag&post=64629"}],"curies":[{"name":"wp","href":"https:\/\/api.w.org\/{rel}","templated":true}]}}