{"id":64642,"date":"2021-02-21T18:40:12","date_gmt":"2021-02-21T18:40:12","guid":{"rendered":"https:\/\/www.autonvaraosahaku.fi\/?product=ridex-284r0041-raidetanko"},"modified":"2021-02-21T18:40:13","modified_gmt":"2021-02-21T18:40:13","slug":"ridex-284r0041-raidetanko","status":"publish","type":"product","link":"https:\/\/www.autonvaraosahaku.fi\/?product=ridex-284r0041-raidetanko","title":{"rendered":"RIDEX 284R0041 Raidetanko"},"content":{"rendered":"<p>Varusteet: Autoihin, joissa ohjaustehostin; Lukum\u00e4\u00e4r\u00e4 akselille: 1; Asennuspuoli: Etuakseli, oikea, Vorderachse rechts; Pituus (mm): 388; Kartiomitta (mm): 12,6; Ulkokierre 1 [mm]: M14x1,5; Ulkokierre 2 [mm]: M12x1,5; VW: GOLF II 19E, 1G1,CORRADO 53I,CADDY II Kasten 9K9A,POLO Variant 6KV5,JETTA II 19E, 1G2, 165,CADDY II Kombi 9K9B,CADDY II Pick-up 9U7; SEAT: IBIZA II 6K1,CORDOBA 6K1, 6K2,CORDOBA Vario 6K1,TOLEDO I 1L,INCA 6K9; 191422804, 191422804A, 191422804, 191422804A<\/p>\n","protected":false},"excerpt":{"rendered":"<p>RIDEX Raidetanko 284R0041  VW,SEAT,GOLF II 19E, 1G1,CORRADO 53I,CADDY II Kasten 9K9A,POLO Variant 6KV5,JETTA II 19E, 1G2, 165,CADDY II Kombi 9K9B<\/p>\n","protected":false},"featured_media":0,"template":"","meta":{"site-sidebar-layout":"default","site-content-layout":"default","ast-global-header-display":"","ast-main-header-display":"","ast-hfb-above-header-display":"","ast-hfb-below-header-display":"","ast-hfb-mobile-header-display":"","site-post-title":"","ast-breadcrumbs-content":"","ast-featured-img":"","footer-sml-layout":"","theme-transparent-header-meta":"","adv-header-id-meta":"","stick-header-meta":"","header-above-stick-meta":"","header-main-stick-meta":"","header-below-stick-meta":""},"pwb-brand":[157],"product_cat":[258],"product_tag":[],"class_list":{"0":"post-64642","1":"product","2":"type-product","3":"status-publish","5":"pwb-brand-ridex","6":"product_cat-raidetanko","7":"desktop-align-left","8":"tablet-align-left","9":"mobile-align-left","11":"first","12":"instock","13":"product-type-external"},"brands":[{"id":157,"name":"RIDEX","slug":"ridex"}],"_links":{"self":[{"href":"https:\/\/www.autonvaraosahaku.fi\/index.php?rest_route=\/wp\/v2\/product\/64642","targetHints":{"allow":["GET"]}}],"collection":[{"href":"https:\/\/www.autonvaraosahaku.fi\/index.php?rest_route=\/wp\/v2\/product"}],"about":[{"href":"https:\/\/www.autonvaraosahaku.fi\/index.php?rest_route=\/wp\/v2\/types\/product"}],"wp:attachment":[{"href":"https:\/\/www.autonvaraosahaku.fi\/index.php?rest_route=%2Fwp%2Fv2%2Fmedia&parent=64642"}],"wp:term":[{"taxonomy":"pwb-brand","embeddable":true,"href":"https:\/\/www.autonvaraosahaku.fi\/index.php?rest_route=%2Fwp%2Fv2%2Fpwb-brand&post=64642"},{"taxonomy":"product_cat","embeddable":true,"href":"https:\/\/www.autonvaraosahaku.fi\/index.php?rest_route=%2Fwp%2Fv2%2Fproduct_cat&post=64642"},{"taxonomy":"product_tag","embeddable":true,"href":"https:\/\/www.autonvaraosahaku.fi\/index.php?rest_route=%2Fwp%2Fv2%2Fproduct_tag&post=64642"}],"curies":[{"name":"wp","href":"https:\/\/api.w.org\/{rel}","templated":true}]}}