{"id":64658,"date":"2021-02-21T18:40:12","date_gmt":"2021-02-21T18:40:12","guid":{"rendered":"https:\/\/www.autonvaraosahaku.fi\/?product=ridex-83b0312-jarruletku"},"modified":"2021-02-21T18:40:16","modified_gmt":"2021-02-21T18:40:16","slug":"ridex-83b0312-jarruletku","status":"publish","type":"product","link":"https:\/\/www.autonvaraosahaku.fi\/?product=ridex-83b0312-jarruletku","title":{"rendered":"RIDEX 83B0312 Jarruletku"},"content":{"rendered":"<p>Pituus (mm): 285; Ulkokierre [mm]: M10x1; Sis\u00e4kierre (mm): M10x1; Avainv\u00e4li: 14\/17; Tarvittava kappalem\u00e4\u00e4r\u00e4: 1; SMART: FORTWO Coupe 451,FORTWO Cabrio 451; FIAT: DUCATO Kasten 290,DUCATO Pritsche\/Fahrgestell 290,DUCATO Kasten 280,DUCATO Pritsche\/Fahrgestell 280,DUCATO Panorama 280,DUCATO Panorama 290; CITRO\u00cbN: C25 Bus 280_, 290_,C25 Pritsche\/Fahrgestell 280_, 290_,C25 Kasten 280_, 290_; PEUGEOT: J5 Pritsche\/Fahrgestell 280L,J5 Pritsche\/Fahrgestell 290L,J5 Kasten 280L,J5 Bus 290P,J5 Kasten 290L,J5 Bus 280P; 481631, 481635, 5950690, ZF07570316, 5950690, 7570316, 481631, 4514200048<\/p>\n","protected":false},"excerpt":{"rendered":"<p>RIDEX Jarruletku 83B0312  SMART,FIAT,CITRO\u00cbN,FORTWO Coupe 451,FORTWO Cabrio 451,DUCATO Kasten 290,DUCATO Pritsche\/Fahrgestell 290,DUCATO Kasten 280<\/p>\n","protected":false},"featured_media":0,"template":"","meta":{"site-sidebar-layout":"default","site-content-layout":"default","ast-global-header-display":"","ast-main-header-display":"","ast-hfb-above-header-display":"","ast-hfb-below-header-display":"","ast-hfb-mobile-header-display":"","site-post-title":"","ast-breadcrumbs-content":"","ast-featured-img":"","footer-sml-layout":"","theme-transparent-header-meta":"","adv-header-id-meta":"","stick-header-meta":"","header-above-stick-meta":"","header-main-stick-meta":"","header-below-stick-meta":""},"pwb-brand":[157],"product_cat":[70],"product_tag":[],"class_list":{"0":"post-64658","1":"product","2":"type-product","3":"status-publish","5":"pwb-brand-ridex","6":"product_cat-jarruletku","7":"desktop-align-left","8":"tablet-align-left","9":"mobile-align-left","11":"first","12":"instock","13":"product-type-external"},"brands":[{"id":157,"name":"RIDEX","slug":"ridex"}],"_links":{"self":[{"href":"https:\/\/www.autonvaraosahaku.fi\/index.php?rest_route=\/wp\/v2\/product\/64658","targetHints":{"allow":["GET"]}}],"collection":[{"href":"https:\/\/www.autonvaraosahaku.fi\/index.php?rest_route=\/wp\/v2\/product"}],"about":[{"href":"https:\/\/www.autonvaraosahaku.fi\/index.php?rest_route=\/wp\/v2\/types\/product"}],"wp:attachment":[{"href":"https:\/\/www.autonvaraosahaku.fi\/index.php?rest_route=%2Fwp%2Fv2%2Fmedia&parent=64658"}],"wp:term":[{"taxonomy":"pwb-brand","embeddable":true,"href":"https:\/\/www.autonvaraosahaku.fi\/index.php?rest_route=%2Fwp%2Fv2%2Fpwb-brand&post=64658"},{"taxonomy":"product_cat","embeddable":true,"href":"https:\/\/www.autonvaraosahaku.fi\/index.php?rest_route=%2Fwp%2Fv2%2Fproduct_cat&post=64658"},{"taxonomy":"product_tag","embeddable":true,"href":"https:\/\/www.autonvaraosahaku.fi\/index.php?rest_route=%2Fwp%2Fv2%2Fproduct_tag&post=64658"}],"curies":[{"name":"wp","href":"https:\/\/api.w.org\/{rel}","templated":true}]}}