{"id":64674,"date":"2021-02-21T18:40:18","date_gmt":"2021-02-21T18:40:18","guid":{"rendered":"https:\/\/www.autonvaraosahaku.fi\/?product=vaico-v20-0008-huohotin"},"modified":"2021-02-21T18:40:21","modified_gmt":"2021-02-21T18:40:21","slug":"vaico-v20-0008-huohotin","status":"publish","type":"product","link":"https:\/\/www.autonvaraosahaku.fi\/?product=vaico-v20-0008-huohotin","title":{"rendered":"VAICO V20-0008 Huohotin"},"content":{"rendered":"<p>Ilmastovy\u00f6hykkeet: Kylmille ilmastovy\u00f6hykkeille; K\u00e4ytt\u00f6: paineohjattu; Huomioi tekniset tiedot: ; Suositeltu vaihtov\u00e4li [vuotta]: 3; Huomioi ajoneuvovalmistajan vaatimukset: ; Venttiilimalli: Ilmanpoistoventtiili; Lis\u00e4tarvike\/lis\u00e4tieto: Letkulla; T\u00e4yssarja: ; Lis\u00e4ksi tarvittavat tuotteet ks. tarvikeluettelo: ; Kotelomateriaali: Polyamidi 6.6; Asennuspuoli: Sylinterikansi; M\u00e4\u00e4r\u00e4yksikk\u00f6: Sarja; Suositeltu vaihtov\u00e4li [km]: 60000; Huomioi huolto-ohjeet: ; Paino [kg]: 0,706; Pakkausleveys [cm]: 16,2; Pakkauskorkeus [mm]: 10,8; Pakkaussyvyys [cm]: 31; lis\u00e4tieto: CST98; Valmistusvuoteen: 02\/2007; BMW: 3 E46,3 Touring E91,3 E90,1 E87,3 Touring E46,X3 E83,3 Compact E46,3 Coupe E46,3 Cabriolet E46; 11157503524KIT, 11157511341KIT, 11157513903KIT, 11617516007KIT<\/p>\n","protected":false},"excerpt":{"rendered":"<p>VAICO Korjaussarja, Kampikammiotuuletus V20-0008  BMW,3 E46,3 Touring E91,3 E90,1 E87,3 Touring E46,X3 E83,3 Compact E46,3 Coupe E46,3 Cabriolet E46<\/p>\n","protected":false},"featured_media":0,"template":"","meta":{"site-sidebar-layout":"default","site-content-layout":"default","ast-global-header-display":"","ast-main-header-display":"","ast-hfb-above-header-display":"","ast-hfb-below-header-display":"","ast-hfb-mobile-header-display":"","site-post-title":"","ast-breadcrumbs-content":"","ast-featured-img":"","footer-sml-layout":"","theme-transparent-header-meta":"","adv-header-id-meta":"","stick-header-meta":"","header-above-stick-meta":"","header-main-stick-meta":"","header-below-stick-meta":""},"pwb-brand":[330],"product_cat":[125],"product_tag":[],"class_list":{"0":"post-64674","1":"product","2":"type-product","3":"status-publish","5":"pwb-brand-vaico","6":"product_cat-huohotin","7":"desktop-align-left","8":"tablet-align-left","9":"mobile-align-left","11":"first","12":"instock","13":"product-type-external"},"brands":[{"id":330,"name":"VAICO","slug":"vaico"}],"_links":{"self":[{"href":"https:\/\/www.autonvaraosahaku.fi\/index.php?rest_route=\/wp\/v2\/product\/64674","targetHints":{"allow":["GET"]}}],"collection":[{"href":"https:\/\/www.autonvaraosahaku.fi\/index.php?rest_route=\/wp\/v2\/product"}],"about":[{"href":"https:\/\/www.autonvaraosahaku.fi\/index.php?rest_route=\/wp\/v2\/types\/product"}],"wp:attachment":[{"href":"https:\/\/www.autonvaraosahaku.fi\/index.php?rest_route=%2Fwp%2Fv2%2Fmedia&parent=64674"}],"wp:term":[{"taxonomy":"pwb-brand","embeddable":true,"href":"https:\/\/www.autonvaraosahaku.fi\/index.php?rest_route=%2Fwp%2Fv2%2Fpwb-brand&post=64674"},{"taxonomy":"product_cat","embeddable":true,"href":"https:\/\/www.autonvaraosahaku.fi\/index.php?rest_route=%2Fwp%2Fv2%2Fproduct_cat&post=64674"},{"taxonomy":"product_tag","embeddable":true,"href":"https:\/\/www.autonvaraosahaku.fi\/index.php?rest_route=%2Fwp%2Fv2%2Fproduct_tag&post=64674"}],"curies":[{"name":"wp","href":"https:\/\/api.w.org\/{rel}","templated":true}]}}