{"id":64695,"date":"2021-02-21T18:40:23","date_gmt":"2021-02-21T18:40:23","guid":{"rendered":"https:\/\/www.autonvaraosahaku.fi\/?product=hella-6nm-007-878-531-ajovalon-saatomoottori"},"modified":"2021-02-21T18:40:26","modified_gmt":"2021-02-21T18:40:26","slug":"hella-6nm-007-878-531-ajovalon-saatomoottori","status":"publish","type":"product","link":"https:\/\/www.autonvaraosahaku.fi\/?product=hella-6nm-007-878-531-ajovalon-saatomoottori","title":{"rendered":"HELLA 6NM 007 878-531 Ajovalon s\u00e4\u00e4t\u00f6moottori"},"content":{"rendered":"<p>K\u00e4ytt\u00f6: S\u00e4hk\u00f6inen; Lyhdyn muoto: Halogeeni; Nimellisj\u00e4nnite (V): 12; Valmistusvuosi alkaen: 11\/1998; AUDI: A3 8L1,A6 Avant 4B5, C5,A6 4B2, C5,A8 4D2, 4D8; SKODA: OCTAVIA Combi 1U5,OCTAVIA 1U2; 1U0941295, 3B0941295B, 4B0941295, 4B0941295A, 1U0941295, 3B0941295B, 4B0941295, 4B0941295B, 1U0941295, 3B0941295B, 4B0941295, 4B0941295A, 1U0941295, 3B0941295B, 4B0941295, 4B0941295A; Valojen Korkeudens\u00e4\u00e4t\u00f6,S\u00e4\u00e4t\u00f6elementti, Ajovalojen Korkeudens\u00e4\u00e4t\u00f6<\/p>\n","protected":false},"excerpt":{"rendered":"<p>HELLA Ajovalon S\u00e4\u00e4t\u00f6moottori 6NM 007 878-531 Valojen Korkeudens\u00e4\u00e4t\u00f6,S\u00e4\u00e4t\u00f6elementti, Ajovalojen Korkeudens\u00e4\u00e4t\u00f6 AUDI,SKODA,A3 8L1,A6 Avant 4B5, C5<\/p>\n","protected":false},"featured_media":0,"template":"","meta":{"site-sidebar-layout":"default","site-content-layout":"default","ast-global-header-display":"","ast-main-header-display":"","ast-hfb-above-header-display":"","ast-hfb-below-header-display":"","ast-hfb-mobile-header-display":"","site-post-title":"","ast-breadcrumbs-content":"","ast-featured-img":"","footer-sml-layout":"","theme-transparent-header-meta":"","adv-header-id-meta":"","stick-header-meta":"","header-above-stick-meta":"","header-main-stick-meta":"","header-below-stick-meta":""},"pwb-brand":[24],"product_cat":[299],"product_tag":[],"class_list":{"0":"post-64695","1":"product","2":"type-product","3":"status-publish","5":"pwb-brand-hella","6":"product_cat-ajovalon-saatomoottori","7":"desktop-align-left","8":"tablet-align-left","9":"mobile-align-left","11":"first","12":"instock","13":"product-type-external"},"brands":[{"id":24,"name":"HELLA","slug":"hella"}],"_links":{"self":[{"href":"https:\/\/www.autonvaraosahaku.fi\/index.php?rest_route=\/wp\/v2\/product\/64695","targetHints":{"allow":["GET"]}}],"collection":[{"href":"https:\/\/www.autonvaraosahaku.fi\/index.php?rest_route=\/wp\/v2\/product"}],"about":[{"href":"https:\/\/www.autonvaraosahaku.fi\/index.php?rest_route=\/wp\/v2\/types\/product"}],"wp:attachment":[{"href":"https:\/\/www.autonvaraosahaku.fi\/index.php?rest_route=%2Fwp%2Fv2%2Fmedia&parent=64695"}],"wp:term":[{"taxonomy":"pwb-brand","embeddable":true,"href":"https:\/\/www.autonvaraosahaku.fi\/index.php?rest_route=%2Fwp%2Fv2%2Fpwb-brand&post=64695"},{"taxonomy":"product_cat","embeddable":true,"href":"https:\/\/www.autonvaraosahaku.fi\/index.php?rest_route=%2Fwp%2Fv2%2Fproduct_cat&post=64695"},{"taxonomy":"product_tag","embeddable":true,"href":"https:\/\/www.autonvaraosahaku.fi\/index.php?rest_route=%2Fwp%2Fv2%2Fproduct_tag&post=64695"}],"curies":[{"name":"wp","href":"https:\/\/api.w.org\/{rel}","templated":true}]}}