{"id":64700,"date":"2021-02-21T18:40:23","date_gmt":"2021-02-21T18:40:23","guid":{"rendered":"https:\/\/www.autonvaraosahaku.fi\/?product=hella-9el-964-501-011-takavalot"},"modified":"2021-02-21T18:40:27","modified_gmt":"2021-02-21T18:40:27","slug":"hella-9el-964-501-011-takavalot","status":"publish","type":"product","link":"https:\/\/www.autonvaraosahaku.fi\/?product=hella-9el-964-501-011-takavalot","title":{"rendered":"HELLA 9EL 964 501-011 Takavalot"},"content":{"rendered":"<p>Asennuspuoli: Vasen; Lis\u00e4tarvike\/lis\u00e4tieto: Ilman lampun kantaa; Lyhdyn muoto: Hehkulankatekniikka; Tarkistuskilpi: E1 1060, ECE, CCC; Lyhtytoimintojen m\u00e4\u00e4r\u00e4: 4; Lamppumalli: P21W, T4W; Valotoiminto: vilkkuvalolla, jarruvalolla, heijastimella, Takavalolla; Lasin v\u00e4ri: Vaaleanpunainen, Punainen; parilliset tuotenumerot: 9EL 964 502-011; Osa: Uloin osa; Lis\u00e4ksi tarvittavat tuotteet (tuotenumero): 9EL 964 541-021; Valmistusvuosi alkaen: 05\/2000; VW: SHARAN 7M8, 7M9, 7M6; SEAT: ALHAMBRA 7V8, 7V9; 7M3945095F, 7M3945095G, 7M3945095J, 7M7945095, 7M7945095A, 7M3945095F, 7M3945095G, 7M3945095J, 7M7945095, 7M7945095A; Takavalo<\/p>\n","protected":false},"excerpt":{"rendered":"<p>HELLA Takavalot 9EL 964 501-011 Takavalo VW,SEAT,SHARAN 7M8, 7M9, 7M6,ALHAMBRA 7V8, 7V9<\/p>\n","protected":false},"featured_media":0,"template":"","meta":{"site-sidebar-layout":"default","site-content-layout":"default","ast-global-header-display":"","ast-main-header-display":"","ast-hfb-above-header-display":"","ast-hfb-below-header-display":"","ast-hfb-mobile-header-display":"","site-post-title":"","ast-breadcrumbs-content":"","ast-featured-img":"","footer-sml-layout":"","theme-transparent-header-meta":"","adv-header-id-meta":"","stick-header-meta":"","header-above-stick-meta":"","header-main-stick-meta":"","header-below-stick-meta":""},"pwb-brand":[24],"product_cat":[159],"product_tag":[],"class_list":{"0":"post-64700","1":"product","2":"type-product","3":"status-publish","5":"pwb-brand-hella","6":"product_cat-takavalot","7":"desktop-align-left","8":"tablet-align-left","9":"mobile-align-left","11":"first","12":"instock","13":"product-type-external"},"brands":[{"id":24,"name":"HELLA","slug":"hella"}],"_links":{"self":[{"href":"https:\/\/www.autonvaraosahaku.fi\/index.php?rest_route=\/wp\/v2\/product\/64700","targetHints":{"allow":["GET"]}}],"collection":[{"href":"https:\/\/www.autonvaraosahaku.fi\/index.php?rest_route=\/wp\/v2\/product"}],"about":[{"href":"https:\/\/www.autonvaraosahaku.fi\/index.php?rest_route=\/wp\/v2\/types\/product"}],"wp:attachment":[{"href":"https:\/\/www.autonvaraosahaku.fi\/index.php?rest_route=%2Fwp%2Fv2%2Fmedia&parent=64700"}],"wp:term":[{"taxonomy":"pwb-brand","embeddable":true,"href":"https:\/\/www.autonvaraosahaku.fi\/index.php?rest_route=%2Fwp%2Fv2%2Fpwb-brand&post=64700"},{"taxonomy":"product_cat","embeddable":true,"href":"https:\/\/www.autonvaraosahaku.fi\/index.php?rest_route=%2Fwp%2Fv2%2Fproduct_cat&post=64700"},{"taxonomy":"product_tag","embeddable":true,"href":"https:\/\/www.autonvaraosahaku.fi\/index.php?rest_route=%2Fwp%2Fv2%2Fproduct_tag&post=64700"}],"curies":[{"name":"wp","href":"https:\/\/api.w.org\/{rel}","templated":true}]}}