{"id":64747,"date":"2021-02-21T18:40:38","date_gmt":"2021-02-21T18:40:38","guid":{"rendered":"https:\/\/www.autonvaraosahaku.fi\/?product=mahle-original-hx-46d1-automaattivaihteiston-suodatin"},"modified":"2021-02-21T18:40:39","modified_gmt":"2021-02-21T18:40:39","slug":"mahle-original-hx-46d1-automaattivaihteiston-suodatin","status":"publish","type":"product","link":"https:\/\/www.autonvaraosahaku.fi\/?product=mahle-original-hx-46d1-automaattivaihteiston-suodatin","title":{"rendered":"MAHLE ORIGINAL HX 46D1 Automaattivaihteiston suodatin"},"content":{"rendered":"<p>Vaihteistomalli: Automaattivaihteisto; Suodatintyyppi: Suodatinpanos; Korkeus (mm): 23,0; Korkeus 1 (mm): 20,0; Kokonaispituus (mm): 189,7; Leveys (mm): 174,5; Sis\u00e4l\u00e4pimitta 1 [mm]: 33,0; Lis\u00e4tarvike\/lis\u00e4tieto: Tiivisteill\u00e4; Tiivistetyyppi: Komposiitti-tiiviste, Komposiitti-tiiviste; Vaihteistonumero: 722.300-722.395; MERCEDES-BENZ: C-CLASS W202,190 W201,E-CLASS W210,Stufenheck W124,E-CLASS Kombi S210,SL R129,SL R107,C-CLASS Kombi S202,Stufenheck W123,S-CLASS W126,KOMBI Kombi S124,E-CLASS W124,G-CLASS W463,COUPE C124,S-CLASS W140,E-CLASS Kombi S124,COUPE C123,S-CLASS Coupe C126,KOMBI Kombi S123,T1 Bus 601,E-CLASS Cabriolet A124,SL Coupe C107,E-CLASS Coupe C124,T1 Pritsche\/Fahrgestell 602,T2\/L Kasten\/Kombi,T1 Kasten 602,T1 Pritsche\/Fahrgestell 601,T1 Kasten 601,S-CLASS Coupe C140,CABRIOLET A124,T2\/L Pritsche\/Fahrgestell,T1 Bus 602,T1\/TN Pritsche\/Fahrgestell,T1\/TN Kasten\/Kombi,T2\/L Kipper; PORSCHE: 928; 1262700098, 1262700298, 1262711080, 1262770295, A1262700098, A1262700298, A1262711080, A1262770295<\/p>\n","protected":false},"excerpt":{"rendered":"<p>MAHLE ORIGINAL Hydrauliikkasuodatin, Automaattivaihteisto HX 46D1  MERCEDES-BENZ,PORSCHE,C-CLASS W202,190 W201,E-CLASS W210,Stufenheck W124<\/p>\n","protected":false},"featured_media":0,"template":"","meta":{"site-sidebar-layout":"default","site-content-layout":"default","ast-global-header-display":"","ast-main-header-display":"","ast-hfb-above-header-display":"","ast-hfb-below-header-display":"","ast-hfb-mobile-header-display":"","site-post-title":"","ast-breadcrumbs-content":"","ast-featured-img":"","footer-sml-layout":"","theme-transparent-header-meta":"","adv-header-id-meta":"","stick-header-meta":"","header-above-stick-meta":"","header-main-stick-meta":"","header-below-stick-meta":""},"pwb-brand":[153],"product_cat":[141],"product_tag":[],"class_list":{"0":"post-64747","1":"product","2":"type-product","3":"status-publish","5":"pwb-brand-mahle-original","6":"product_cat-automaattivaihteiston-suodatin","7":"desktop-align-left","8":"tablet-align-left","9":"mobile-align-left","11":"first","12":"instock","13":"product-type-external"},"brands":[{"id":153,"name":"MAHLE ORIGINAL","slug":"mahle-original"}],"_links":{"self":[{"href":"https:\/\/www.autonvaraosahaku.fi\/index.php?rest_route=\/wp\/v2\/product\/64747","targetHints":{"allow":["GET"]}}],"collection":[{"href":"https:\/\/www.autonvaraosahaku.fi\/index.php?rest_route=\/wp\/v2\/product"}],"about":[{"href":"https:\/\/www.autonvaraosahaku.fi\/index.php?rest_route=\/wp\/v2\/types\/product"}],"wp:attachment":[{"href":"https:\/\/www.autonvaraosahaku.fi\/index.php?rest_route=%2Fwp%2Fv2%2Fmedia&parent=64747"}],"wp:term":[{"taxonomy":"pwb-brand","embeddable":true,"href":"https:\/\/www.autonvaraosahaku.fi\/index.php?rest_route=%2Fwp%2Fv2%2Fpwb-brand&post=64747"},{"taxonomy":"product_cat","embeddable":true,"href":"https:\/\/www.autonvaraosahaku.fi\/index.php?rest_route=%2Fwp%2Fv2%2Fproduct_cat&post=64747"},{"taxonomy":"product_tag","embeddable":true,"href":"https:\/\/www.autonvaraosahaku.fi\/index.php?rest_route=%2Fwp%2Fv2%2Fproduct_tag&post=64747"}],"curies":[{"name":"wp","href":"https:\/\/api.w.org\/{rel}","templated":true}]}}