{"id":64787,"date":"2021-02-21T18:40:49","date_gmt":"2021-02-21T18:40:49","guid":{"rendered":"https:\/\/www.autonvaraosahaku.fi\/?product=ae-v94607-pakoventtiili"},"modified":"2021-02-21T18:40:51","modified_gmt":"2021-02-21T18:40:51","slug":"ae-v94607-pakoventtiili","status":"publish","type":"product","link":"https:\/\/www.autonvaraosahaku.fi\/?product=ae-v94607-pakoventtiili","title":{"rendered":"AE V94607 Pakoventtiili"},"content":{"rendered":"<p>Pituus (mm): 108,900; Materiaali: Bimetalli, Kromi-mangani-nikkeliter\u00e4s; Korvaava tuote\/korvaava tiedote 2: Venttilivarren p\u00e4\u00e4 karkaistu; Venttiililautasen l\u00e4pimitta [mm]: 29,000; Venttiilinvarren l\u00e4pimitta [mm]: 5,500; venttiiliistukan kulma [astetta]: 45; Venttiilivarsimateriaali: Kromi-siliciumter\u00e4s; TECDOC-moottorinumero: 16189; NISSAN: PRIMASTAR Bus X83,PRIMASTAR Kasten X83,PRIMASTAR Pritsche\/Fahrgestell; OPEL: VIVARO Kasten F7,VIVARO Combi J7,VIVARO Pritsche\/Fahrgestell E7; RENAULT: CLIO II BB0\/1\/2_, CB0\/1\/2_,CLIO III BR0\/1, CR0\/1,SC\u00c9NIC II JM0\/1_,ESPACE IV JK0\/1_,LAGUNA II Grandtour KG0\/1_,MEGANE II Kombi KM0\/1_,SC\u00c9NIC I JA0\/1_,MEGANE II Coup\u00e9-Cabriolet EM0\/1_,ESPACE III JE0_,LAGUNA III Grandtour KT0\/1,LAGUNA II BG0\/1_,MEGANE II BM0\/1_, CM0\/1_,TRAFIC II Bus JL,MEGANE I BA0\/1_,TRAFIC II Kasten FL,GRAND SC\u00c9NIC II JM0\/1_,MEGANE I Grandtour KA0\/1_,MEGANE I Cabriolet EA0\/1_,LAGUNA I B56_, 556_,LAGUNA I Grandtour K56_,LAGUNA III BT0\/1,MEGANE II Stufenheck LM0\/1_,MEGANE I Classic LA0\/1_,MEGANE I Coach DA0\/1_,VEL SATIS BJ0_,LAGUNA Coupe DT0\/1,AVANTIME DE0_,TRAFIC II Pritsche\/Fahrgestell EL; VAUXHALL: VIVARO Kasten F7,VIVARO Combi J7,VIVARO Pritsche\/Fahrgestell E7; 7701474286, 4411049, 93160646, 7701474286, 93160646<\/p>\n","protected":false},"excerpt":{"rendered":"<p>AE Pakoventtiili V94607  NISSAN,OPEL,RENAULT,PRIMASTAR Bus X83,PRIMASTAR Kasten X83,PRIMASTAR Pritsche\/Fahrgestell,VIVARO Kasten F7,VIVARO Combi J7<\/p>\n","protected":false},"featured_media":0,"template":"","meta":{"site-sidebar-layout":"default","site-content-layout":"default","ast-global-header-display":"","ast-main-header-display":"","ast-hfb-above-header-display":"","ast-hfb-below-header-display":"","ast-hfb-mobile-header-display":"","site-post-title":"","ast-breadcrumbs-content":"","ast-featured-img":"","footer-sml-layout":"","theme-transparent-header-meta":"","adv-header-id-meta":"","stick-header-meta":"","header-above-stick-meta":"","header-main-stick-meta":"","header-below-stick-meta":""},"pwb-brand":[190],"product_cat":[209],"product_tag":[],"class_list":{"0":"post-64787","1":"product","2":"type-product","3":"status-publish","5":"pwb-brand-ae","6":"product_cat-pakoventtiili","7":"desktop-align-left","8":"tablet-align-left","9":"mobile-align-left","11":"first","12":"instock","13":"product-type-external"},"brands":[{"id":190,"name":"AE","slug":"ae"}],"_links":{"self":[{"href":"https:\/\/www.autonvaraosahaku.fi\/index.php?rest_route=\/wp\/v2\/product\/64787","targetHints":{"allow":["GET"]}}],"collection":[{"href":"https:\/\/www.autonvaraosahaku.fi\/index.php?rest_route=\/wp\/v2\/product"}],"about":[{"href":"https:\/\/www.autonvaraosahaku.fi\/index.php?rest_route=\/wp\/v2\/types\/product"}],"wp:attachment":[{"href":"https:\/\/www.autonvaraosahaku.fi\/index.php?rest_route=%2Fwp%2Fv2%2Fmedia&parent=64787"}],"wp:term":[{"taxonomy":"pwb-brand","embeddable":true,"href":"https:\/\/www.autonvaraosahaku.fi\/index.php?rest_route=%2Fwp%2Fv2%2Fpwb-brand&post=64787"},{"taxonomy":"product_cat","embeddable":true,"href":"https:\/\/www.autonvaraosahaku.fi\/index.php?rest_route=%2Fwp%2Fv2%2Fproduct_cat&post=64787"},{"taxonomy":"product_tag","embeddable":true,"href":"https:\/\/www.autonvaraosahaku.fi\/index.php?rest_route=%2Fwp%2Fv2%2Fproduct_tag&post=64787"}],"curies":[{"name":"wp","href":"https:\/\/api.w.org\/{rel}","templated":true}]}}