{"id":64819,"date":"2021-02-21T18:40:55","date_gmt":"2021-02-21T18:40:55","guid":{"rendered":"https:\/\/www.autonvaraosahaku.fi\/?product=swag-10-90-8972-muut-luokat"},"modified":"2021-02-21T18:40:59","modified_gmt":"2021-02-21T18:40:59","slug":"swag-10-90-8972-muut-luokat","status":"publish","type":"product","link":"https:\/\/www.autonvaraosahaku.fi\/?product=swag-10-90-8972-muut-luokat","title":{"rendered":"SWAG 10 90 8972 Muut luokat"},"content":{"rendered":"<p>V\u00e4ri: Keltainen; Tilavuus (litra): 1; Paino [kg]: 0,95; Huomioi huolto-ohjeet: , ; VW: GOLF I Cabriolet 155,KAEFER,CRAFTER 30-50 Kasten 2E_,CORRADO 53I,SCIROCCO 53B,GOLF I 17,CADDY I 14,CRAFTER 30-35 Bus 2E_,KAEFER Cabriolet 15,CRAFTER 30-50 Pritsche\/Fahrgestell 2F_; AUDI: 80 89, 89Q, 8A, B3,100 44, 44Q, C3,80 81, 85, B2,90 89, 89Q, 8A, B3,100 Avant 44, 44Q, C3; MAZDA: 5 CR19,3 BK,6 Station Wagon GY,MX-5 II NB,2 DY,323 F VI BJ,PREMACY CP,CX-7 ER,6 Hatchback GG,6 GG,3 BL,TRIBUTE EP,5 CW,MX-5 III NC,DEMIO DW,626 V Hatchback GF,3 Stufenheck BK,FAMILIA V BA,MPV II LW,626 V GF,626 V Station Wagon GW,323 P V BA,3 Stufenheck BL,MX-3 EC,FAMILIA VI BJ,BT-50 CD, UN,XEDOS 9 TA,FAMILIA V BG8,626 III GD,FAMILIA IV BG; BMW: X5 E53,3 E30,5 E34,3 Cabriolet E30,5 Touring E34,3 Touring E30,Z8 E52; CHEVROLET: NUBIRA Kombi,EPICA KL1_; DAEWOO: MATIZ KLYA; NISSAN: PRIMERA Traveller WP11,200 SX S13,MICRA I K10,100 NX B13,200 SX S14,PRIMERA P10,SUNNY III N14,PULSAR V Schr\u00e4gheck N14,SUNNY III Liftback N14,PRIMERA Hatchback P10,PRIMERA Traveller W10,KUBISTAR Kasten X80; KIA: SORENTO I JC,CARNIVAL II GQ,PRIDE DA,CARNIVAL I UP; LEXUS: IS I JCE1_, GXE1_,IS SportCross,SC UZZ40_; HONDA: CR-V I RD; 05098158AA, 5098158AA, 05098158AA, 5098158AA, 0000181807, 000181807, 00181807, 181807, 0009898803, 00098988032, A0009898803, A00098988032, G009300A2; Hydrauli\u00f6ljy,\u00d6ljyt<\/p>\n","protected":false},"excerpt":{"rendered":"<p>SWAG Hydrauliikka\u00f6ljy 10 90 8972 Hydrauli\u00f6ljy,\u00d6ljyt VW,AUDI,MAZDA,GOLF I Cabriolet 155,KAEFER,CRAFTER 30-50 Kasten 2E_,CORRADO 53I,SCIROCCO 53B<\/p>\n","protected":false},"featured_media":0,"template":"","meta":{"site-sidebar-layout":"default","site-content-layout":"default","ast-global-header-display":"","ast-main-header-display":"","ast-hfb-above-header-display":"","ast-hfb-below-header-display":"","ast-hfb-mobile-header-display":"","site-post-title":"","ast-breadcrumbs-content":"","ast-featured-img":"","footer-sml-layout":"","theme-transparent-header-meta":"","adv-header-id-meta":"","stick-header-meta":"","header-above-stick-meta":"","header-main-stick-meta":"","header-below-stick-meta":""},"pwb-brand":[103],"product_cat":[37],"product_tag":[],"class_list":{"0":"post-64819","1":"product","2":"type-product","3":"status-publish","5":"pwb-brand-swag","6":"product_cat-muut-luokat","7":"desktop-align-left","8":"tablet-align-left","9":"mobile-align-left","11":"first","12":"instock","13":"product-type-external"},"brands":[{"id":103,"name":"SWAG","slug":"swag"}],"_links":{"self":[{"href":"https:\/\/www.autonvaraosahaku.fi\/index.php?rest_route=\/wp\/v2\/product\/64819","targetHints":{"allow":["GET"]}}],"collection":[{"href":"https:\/\/www.autonvaraosahaku.fi\/index.php?rest_route=\/wp\/v2\/product"}],"about":[{"href":"https:\/\/www.autonvaraosahaku.fi\/index.php?rest_route=\/wp\/v2\/types\/product"}],"wp:attachment":[{"href":"https:\/\/www.autonvaraosahaku.fi\/index.php?rest_route=%2Fwp%2Fv2%2Fmedia&parent=64819"}],"wp:term":[{"taxonomy":"pwb-brand","embeddable":true,"href":"https:\/\/www.autonvaraosahaku.fi\/index.php?rest_route=%2Fwp%2Fv2%2Fpwb-brand&post=64819"},{"taxonomy":"product_cat","embeddable":true,"href":"https:\/\/www.autonvaraosahaku.fi\/index.php?rest_route=%2Fwp%2Fv2%2Fproduct_cat&post=64819"},{"taxonomy":"product_tag","embeddable":true,"href":"https:\/\/www.autonvaraosahaku.fi\/index.php?rest_route=%2Fwp%2Fv2%2Fproduct_tag&post=64819"}],"curies":[{"name":"wp","href":"https:\/\/api.w.org\/{rel}","templated":true}]}}