{"id":64845,"date":"2021-02-21T18:41:08","date_gmt":"2021-02-21T18:41:08","guid":{"rendered":"https:\/\/www.autonvaraosahaku.fi\/?product=meyle-11-14-615-0001-kallistuksenvakaajan-puslat"},"modified":"2021-02-21T18:41:09","modified_gmt":"2021-02-21T18:41:09","slug":"meyle-11-14-615-0001-kallistuksenvakaajan-puslat","status":"publish","type":"product","link":"https:\/\/www.autonvaraosahaku.fi\/?product=meyle-11-14-615-0001-kallistuksenvakaajan-puslat","title":{"rendered":"MEYLE 11-14 615 0001 Kallistuksenvakaajan puslat"},"content":{"rendered":"<p>Asennuspuoli: Etuakseli, oikea, Etuakseli, vasen; Sis\u00e4l\u00e4pimitta [mm]: 19; lis\u00e4tieto: ORIGINAL Quality; PEUGEOT: 206 Schr\u00e4gheck 2A\/C,206 CC 2D,206 SW 2E\/K,206 Stufenheck; 509480; Kallistuksenvakaajan Kumit,Vakaajan Hela<\/p>\n","protected":false},"excerpt":{"rendered":"<p>MEYLE Kallistuksenvakaajan Puslat 11-14 615 0001 Kallistuksenvakaajan Kumit,Vakaajan Hela PEUGEOT,206 Schr\u00e4gheck 2A\/C,206 CC 2D,206 SW 2E\/K<\/p>\n","protected":false},"featured_media":0,"template":"","meta":{"site-sidebar-layout":"default","site-content-layout":"default","ast-global-header-display":"","ast-main-header-display":"","ast-hfb-above-header-display":"","ast-hfb-below-header-display":"","ast-hfb-mobile-header-display":"","site-post-title":"","ast-breadcrumbs-content":"","ast-featured-img":"","footer-sml-layout":"","theme-transparent-header-meta":"","adv-header-id-meta":"","stick-header-meta":"","header-above-stick-meta":"","header-main-stick-meta":"","header-below-stick-meta":""},"pwb-brand":[84],"product_cat":[82],"product_tag":[],"class_list":{"0":"post-64845","1":"product","2":"type-product","3":"status-publish","5":"pwb-brand-meyle","6":"product_cat-kallistuksenvakaajan-puslat","7":"desktop-align-left","8":"tablet-align-left","9":"mobile-align-left","11":"first","12":"instock","13":"product-type-external"},"brands":[{"id":84,"name":"MEYLE","slug":"meyle"}],"_links":{"self":[{"href":"https:\/\/www.autonvaraosahaku.fi\/index.php?rest_route=\/wp\/v2\/product\/64845","targetHints":{"allow":["GET"]}}],"collection":[{"href":"https:\/\/www.autonvaraosahaku.fi\/index.php?rest_route=\/wp\/v2\/product"}],"about":[{"href":"https:\/\/www.autonvaraosahaku.fi\/index.php?rest_route=\/wp\/v2\/types\/product"}],"wp:attachment":[{"href":"https:\/\/www.autonvaraosahaku.fi\/index.php?rest_route=%2Fwp%2Fv2%2Fmedia&parent=64845"}],"wp:term":[{"taxonomy":"pwb-brand","embeddable":true,"href":"https:\/\/www.autonvaraosahaku.fi\/index.php?rest_route=%2Fwp%2Fv2%2Fpwb-brand&post=64845"},{"taxonomy":"product_cat","embeddable":true,"href":"https:\/\/www.autonvaraosahaku.fi\/index.php?rest_route=%2Fwp%2Fv2%2Fproduct_cat&post=64845"},{"taxonomy":"product_tag","embeddable":true,"href":"https:\/\/www.autonvaraosahaku.fi\/index.php?rest_route=%2Fwp%2Fv2%2Fproduct_tag&post=64845"}],"curies":[{"name":"wp","href":"https:\/\/api.w.org\/{rel}","templated":true}]}}