{"id":64858,"date":"2021-02-21T18:41:08","date_gmt":"2021-02-21T18:41:08","guid":{"rendered":"https:\/\/www.autonvaraosahaku.fi\/?product=febi-bilstein-27626-takaluukun-kaasujousi"},"modified":"2021-02-21T18:41:14","modified_gmt":"2021-02-21T18:41:14","slug":"febi-bilstein-27626-takaluukun-kaasujousi","status":"publish","type":"product","link":"https:\/\/www.autonvaraosahaku.fi\/?product=febi-bilstein-27626-takaluukun-kaasujousi","title":{"rendered":"FEBI BILSTEIN 27626 Takaluukun kaasujousi"},"content":{"rendered":"<p>Kotelon pituus [mm]: 255; Pituus (mm): 472; Kiinnityspisteiden l\u00e4pimitta [mm]: 18; Kopan l\u00e4pimitta (mm): 18; M\u00e4nn\u00e4nvarren l\u00e4pimitta [mm]: 8; Ty\u00f6nt\u00f6voima [N]: 370; Asennuspuoli: Molemminpuolin; Isku (mm): 191; Paino [kg]: 0,228, 0,228; TECDOC-moottorinumero: 24742; OPEL: CORSA C F08, F68,CORSA C Kasten F08, W5L; VAUXHALL: CORSA Mk III D L_8,CORSA Mk II C W5L, F08,CORSAVAN Mk II C,CORSAVAN Mk III D,COMBO Mk II C Kasten\/Kombi F25; 00132670, 0132670, 132670, 009114311, 09114311, 9114311; Kaasujousi, Tavaratila<\/p>\n","protected":false},"excerpt":{"rendered":"<p>FEBI BILSTEIN Takaluukun Kaasujousi 27626 Kaasujousi, Tavaratila OPEL,VAUXHALL,CORSA C F08, F68,CORSA C Kasten F08, W5L,CORSA Mk III D L_8<\/p>\n","protected":false},"featured_media":0,"template":"","meta":{"site-sidebar-layout":"default","site-content-layout":"default","ast-global-header-display":"","ast-main-header-display":"","ast-hfb-above-header-display":"","ast-hfb-below-header-display":"","ast-hfb-mobile-header-display":"","site-post-title":"","ast-breadcrumbs-content":"","ast-featured-img":"","footer-sml-layout":"","theme-transparent-header-meta":"","adv-header-id-meta":"","stick-header-meta":"","header-above-stick-meta":"","header-main-stick-meta":"","header-below-stick-meta":""},"pwb-brand":[50],"product_cat":[59],"product_tag":[],"class_list":{"0":"post-64858","1":"product","2":"type-product","3":"status-publish","5":"pwb-brand-febi-bilstein","6":"product_cat-takaluukun-kaasujousi","7":"desktop-align-left","8":"tablet-align-left","9":"mobile-align-left","11":"first","12":"instock","13":"product-type-external"},"brands":[{"id":50,"name":"FEBI BILSTEIN","slug":"febi-bilstein"}],"_links":{"self":[{"href":"https:\/\/www.autonvaraosahaku.fi\/index.php?rest_route=\/wp\/v2\/product\/64858","targetHints":{"allow":["GET"]}}],"collection":[{"href":"https:\/\/www.autonvaraosahaku.fi\/index.php?rest_route=\/wp\/v2\/product"}],"about":[{"href":"https:\/\/www.autonvaraosahaku.fi\/index.php?rest_route=\/wp\/v2\/types\/product"}],"wp:attachment":[{"href":"https:\/\/www.autonvaraosahaku.fi\/index.php?rest_route=%2Fwp%2Fv2%2Fmedia&parent=64858"}],"wp:term":[{"taxonomy":"pwb-brand","embeddable":true,"href":"https:\/\/www.autonvaraosahaku.fi\/index.php?rest_route=%2Fwp%2Fv2%2Fpwb-brand&post=64858"},{"taxonomy":"product_cat","embeddable":true,"href":"https:\/\/www.autonvaraosahaku.fi\/index.php?rest_route=%2Fwp%2Fv2%2Fproduct_cat&post=64858"},{"taxonomy":"product_tag","embeddable":true,"href":"https:\/\/www.autonvaraosahaku.fi\/index.php?rest_route=%2Fwp%2Fv2%2Fproduct_tag&post=64858"}],"curies":[{"name":"wp","href":"https:\/\/api.w.org\/{rel}","templated":true}]}}