{"id":64882,"date":"2021-02-21T18:41:21","date_gmt":"2021-02-21T18:41:21","guid":{"rendered":"https:\/\/www.autonvaraosahaku.fi\/?product=facet-3-7701-virranjakajan-pyorija"},"modified":"2021-02-21T18:41:22","modified_gmt":"2021-02-21T18:41:22","slug":"facet-3-7701-virranjakajan-pyorija","status":"publish","type":"product","link":"https:\/\/www.autonvaraosahaku.fi\/?product=facet-3-7701-virranjakajan-pyorija","title":{"rendered":"FACET 3.7701 Virranjakajan py\u00f6rij\u00e4"},"content":{"rendered":"<p>Versio: Ducellier; lis\u00e4tieto: Made in Italy &#8211; OE Equivalent; Moottorinumero: F7P 704; RENAULT: MEGANE Scenic JA0\/1_,MEGANE I BA0\/1_,CLIO I B\/C57_, 5\/357_,MEGANE I Classic LA0\/1_,19 II B\/C53_,19 II Cabriolet D53_, 853_,RAPID Kasten F40_, G40_,19 I B\/C53_,TRAFIC Bus TXW,SAFRANE I B54_,19 II Chamade L53_,21 Stufenheck L48_,25 B29_,19 I Chamade L53_,CLIO I Kasten S57_,19 I Cabriolet D53_,21 Kombi K48_,21 B48_,19 I Kasten S53_,TRAFIC Pritsche\/Fahrgestell PXX; 7701033622<\/p>\n","protected":false},"excerpt":{"rendered":"<p>FACET Virranjakajan Py\u00f6rij\u00e4 3.7701  RENAULT,MEGANE Scenic JA0\/1_,MEGANE I BA0\/1_,CLIO I B\/C57_, 5\/357_,MEGANE I Classic LA0\/1_,19 II B\/C53_<\/p>\n","protected":false},"featured_media":0,"template":"","meta":{"site-sidebar-layout":"default","site-content-layout":"default","ast-global-header-display":"","ast-main-header-display":"","ast-hfb-above-header-display":"","ast-hfb-below-header-display":"","ast-hfb-mobile-header-display":"","site-post-title":"","ast-breadcrumbs-content":"","ast-featured-img":"","footer-sml-layout":"","theme-transparent-header-meta":"","adv-header-id-meta":"","stick-header-meta":"","header-above-stick-meta":"","header-main-stick-meta":"","header-below-stick-meta":""},"pwb-brand":[263],"product_cat":[94],"product_tag":[],"class_list":{"0":"post-64882","1":"product","2":"type-product","3":"status-publish","5":"pwb-brand-facet","6":"product_cat-virranjakajan-pyorija","7":"desktop-align-left","8":"tablet-align-left","9":"mobile-align-left","11":"first","12":"instock","13":"product-type-external"},"brands":[{"id":263,"name":"FACET","slug":"facet"}],"_links":{"self":[{"href":"https:\/\/www.autonvaraosahaku.fi\/index.php?rest_route=\/wp\/v2\/product\/64882","targetHints":{"allow":["GET"]}}],"collection":[{"href":"https:\/\/www.autonvaraosahaku.fi\/index.php?rest_route=\/wp\/v2\/product"}],"about":[{"href":"https:\/\/www.autonvaraosahaku.fi\/index.php?rest_route=\/wp\/v2\/types\/product"}],"wp:attachment":[{"href":"https:\/\/www.autonvaraosahaku.fi\/index.php?rest_route=%2Fwp%2Fv2%2Fmedia&parent=64882"}],"wp:term":[{"taxonomy":"pwb-brand","embeddable":true,"href":"https:\/\/www.autonvaraosahaku.fi\/index.php?rest_route=%2Fwp%2Fv2%2Fpwb-brand&post=64882"},{"taxonomy":"product_cat","embeddable":true,"href":"https:\/\/www.autonvaraosahaku.fi\/index.php?rest_route=%2Fwp%2Fv2%2Fproduct_cat&post=64882"},{"taxonomy":"product_tag","embeddable":true,"href":"https:\/\/www.autonvaraosahaku.fi\/index.php?rest_route=%2Fwp%2Fv2%2Fproduct_tag&post=64882"}],"curies":[{"name":"wp","href":"https:\/\/api.w.org\/{rel}","templated":true}]}}