{"id":64896,"date":"2021-02-21T18:41:21","date_gmt":"2021-02-21T18:41:21","guid":{"rendered":"https:\/\/www.autonvaraosahaku.fi\/?product=japanparts-fo-114s-oljynsuodatin"},"modified":"2021-02-21T18:41:24","modified_gmt":"2021-02-21T18:41:24","slug":"japanparts-fo-114s-oljynsuodatin","status":"publish","type":"product","link":"https:\/\/www.autonvaraosahaku.fi\/?product=japanparts-fo-114s-oljynsuodatin","title":{"rendered":"JAPANPARTS FO-114S \u00d6ljynsuodatin"},"content":{"rendered":"<p>Suodatintyyppi: Ruuvattava suodatin; Pituus (mm): 131; Ulkol\u00e4pimitta [mm]: 94; Asennusl\u00e4pimitta [mm]: 72; Sis\u00e4kierre (mm): 1 x 12; Teknisten tietojen numero: By-pass; Valmistusvuosi alkaen: 06\/1997; NISSAN: PRIMERA P11,TERRANO II R20,PRIMERA Traveller WP11,PRIMERA Hatchback P11,PATROL GR II Wagon Y61,ALMERA I Hatchback N15,ALMERA I N15,PICK UP D21,SERENA C23M,PATROL GR I Y60, GR,PRIMERA P10,TERRANO I WD21,PATROL Station Wagon W260,PATROL Hardtop K260,SUNNY III N14,PULSAR V Schr\u00e4gheck N14,SUNNY III Liftback N14,PRIMERA Hatchback P10,PRIMERA Traveller W10,SUNNY III Traveller Y10,VANETTE CARGO Kasten HC 23,VANETTE CARGO Bus HC 23; 8973127400, 1520820N00, 1520820N01, 1520820N02, 1520820N03, 1520820N10, 1520820N1A, 1520840L00, 1520840L01, 1520840L02, AY100NS011, AY100NS012, T3156, 00649019, 0649019, 649019, 97312740, 97312740<\/p>\n","protected":false},"excerpt":{"rendered":"<p>JAPANPARTS \u00d6ljynsuodatin FO-114S  NISSAN,PRIMERA P11,TERRANO II R20,PRIMERA Traveller WP11,PRIMERA Hatchback P11,PATROL GR II Wagon Y61<\/p>\n","protected":false},"featured_media":0,"template":"","meta":{"site-sidebar-layout":"default","site-content-layout":"default","ast-global-header-display":"","ast-main-header-display":"","ast-hfb-above-header-display":"","ast-hfb-below-header-display":"","ast-hfb-mobile-header-display":"","site-post-title":"","ast-breadcrumbs-content":"","ast-featured-img":"","footer-sml-layout":"","theme-transparent-header-meta":"","adv-header-id-meta":"","stick-header-meta":"","header-above-stick-meta":"","header-main-stick-meta":"","header-below-stick-meta":""},"pwb-brand":[334],"product_cat":[30],"product_tag":[],"class_list":{"0":"post-64896","1":"product","2":"type-product","3":"status-publish","5":"pwb-brand-japanparts","6":"product_cat-oljynsuodatin","7":"desktop-align-left","8":"tablet-align-left","9":"mobile-align-left","11":"first","12":"instock","13":"product-type-external"},"brands":[{"id":334,"name":"JAPANPARTS","slug":"japanparts"}],"_links":{"self":[{"href":"https:\/\/www.autonvaraosahaku.fi\/index.php?rest_route=\/wp\/v2\/product\/64896","targetHints":{"allow":["GET"]}}],"collection":[{"href":"https:\/\/www.autonvaraosahaku.fi\/index.php?rest_route=\/wp\/v2\/product"}],"about":[{"href":"https:\/\/www.autonvaraosahaku.fi\/index.php?rest_route=\/wp\/v2\/types\/product"}],"wp:attachment":[{"href":"https:\/\/www.autonvaraosahaku.fi\/index.php?rest_route=%2Fwp%2Fv2%2Fmedia&parent=64896"}],"wp:term":[{"taxonomy":"pwb-brand","embeddable":true,"href":"https:\/\/www.autonvaraosahaku.fi\/index.php?rest_route=%2Fwp%2Fv2%2Fpwb-brand&post=64896"},{"taxonomy":"product_cat","embeddable":true,"href":"https:\/\/www.autonvaraosahaku.fi\/index.php?rest_route=%2Fwp%2Fv2%2Fproduct_cat&post=64896"},{"taxonomy":"product_tag","embeddable":true,"href":"https:\/\/www.autonvaraosahaku.fi\/index.php?rest_route=%2Fwp%2Fv2%2Fproduct_tag&post=64896"}],"curies":[{"name":"wp","href":"https:\/\/api.w.org\/{rel}","templated":true}]}}