{"id":64903,"date":"2021-02-21T18:41:26","date_gmt":"2021-02-21T18:41:26","guid":{"rendered":"https:\/\/www.autonvaraosahaku.fi\/?product=febi-bilstein-21866-hehkutulppa"},"modified":"2021-02-21T18:41:27","modified_gmt":"2021-02-21T18:41:27","slug":"febi-bilstein-21866-hehkutulppa","status":"publish","type":"product","link":"https:\/\/www.autonvaraosahaku.fi\/?product=febi-bilstein-21866-hehkutulppa","title":{"rendered":"FEBI BILSTEIN 21866 Hehkutulppa"},"content":{"rendered":"<p>Pituus (mm): 151; Asennussyvyys (mm): 24,5; Ulkokierre [mm]: M10 x 1; Avainv\u00e4li: 10; J\u00e4nnite (V): 11; Paino [kg]: 0,04; Hehkutulppatyyppi: j\u00e4lkihehkutuksenkest\u00e4v\u00e4, j\u00e4lkihehkutuksenkest\u00e4v\u00e4; Moottorinumero: G9T; OPEL: VIVARO Kasten F7,VIVARO Combi J7,MOVANO Kasten F9,MOVANO Combi J9,VIVARO Pritsche\/Fahrgestell E7,MOVANO Pritsche\/Fahrgestell U9, E9,MOVANO Kipper H9; RENAULT: ESPACE IV JK0\/1_,LAGUNA II Grandtour KG0\/1_,ESPACE III JE0_,LAGUNA II BG0\/1_,TRAFIC II Bus JL,MASTER II Kasten FD,TRAFIC II Kasten FL,MASTER II Pritsche\/Fahrgestell ED\/HD\/UD,VEL SATIS BJ0_,MASTER II Bus JD,AVANTIME DE0_,TRAFIC II Pritsche\/Fahrgestell EL; NISSAN: PRIMASTAR Bus X83,PRIMASTAR Kasten X83,INTERSTAR Kasten X70,INTERSTAR Bus X70,INTERSTAR Pritsche\/Fahrgestell,PRIMASTAR Pritsche\/Fahrgestell; VAUXHALL: VIVARO Kasten F7,MOVANO Mk I A Van FD,VIVARO Pritsche\/Fahrgestell E7,VIVARO Combi J7,MOVANO Mk I A Combi JD; 8671012311, 1106500QAB, 04430069, 04506155, 4430069, 4506155, 8200012099, 8200445627, 8200517313, 8671012311, 009201698, 09201698, 093161342, 093161489, 9201698, 93161342, 93161489<\/p>\n","protected":false},"excerpt":{"rendered":"<p>FEBI BILSTEIN Hehkutulppa 21866  OPEL,RENAULT,NISSAN,VIVARO Kasten F7,VIVARO Combi J7,MOVANO Kasten F9,MOVANO Combi J9,VIVARO Pritsche\/Fahrgestell E7<\/p>\n","protected":false},"featured_media":0,"template":"","meta":{"site-sidebar-layout":"default","site-content-layout":"default","ast-global-header-display":"","ast-main-header-display":"","ast-hfb-above-header-display":"","ast-hfb-below-header-display":"","ast-hfb-mobile-header-display":"","site-post-title":"","ast-breadcrumbs-content":"","ast-featured-img":"","footer-sml-layout":"","theme-transparent-header-meta":"","adv-header-id-meta":"","stick-header-meta":"","header-above-stick-meta":"","header-main-stick-meta":"","header-below-stick-meta":""},"pwb-brand":[50],"product_cat":[52],"product_tag":[],"class_list":{"0":"post-64903","1":"product","2":"type-product","3":"status-publish","5":"pwb-brand-febi-bilstein","6":"product_cat-hehkutulppa","7":"desktop-align-left","8":"tablet-align-left","9":"mobile-align-left","11":"first","12":"instock","13":"product-type-external"},"brands":[{"id":50,"name":"FEBI BILSTEIN","slug":"febi-bilstein"}],"_links":{"self":[{"href":"https:\/\/www.autonvaraosahaku.fi\/index.php?rest_route=\/wp\/v2\/product\/64903","targetHints":{"allow":["GET"]}}],"collection":[{"href":"https:\/\/www.autonvaraosahaku.fi\/index.php?rest_route=\/wp\/v2\/product"}],"about":[{"href":"https:\/\/www.autonvaraosahaku.fi\/index.php?rest_route=\/wp\/v2\/types\/product"}],"wp:attachment":[{"href":"https:\/\/www.autonvaraosahaku.fi\/index.php?rest_route=%2Fwp%2Fv2%2Fmedia&parent=64903"}],"wp:term":[{"taxonomy":"pwb-brand","embeddable":true,"href":"https:\/\/www.autonvaraosahaku.fi\/index.php?rest_route=%2Fwp%2Fv2%2Fpwb-brand&post=64903"},{"taxonomy":"product_cat","embeddable":true,"href":"https:\/\/www.autonvaraosahaku.fi\/index.php?rest_route=%2Fwp%2Fv2%2Fproduct_cat&post=64903"},{"taxonomy":"product_tag","embeddable":true,"href":"https:\/\/www.autonvaraosahaku.fi\/index.php?rest_route=%2Fwp%2Fv2%2Fproduct_tag&post=64903"}],"curies":[{"name":"wp","href":"https:\/\/api.w.org\/{rel}","templated":true}]}}