{"id":64930,"date":"2021-02-21T18:41:31","date_gmt":"2021-02-21T18:41:31","guid":{"rendered":"https:\/\/www.autonvaraosahaku.fi\/?product=hengst-filter-e220l-ilmansuodatin"},"modified":"2021-02-21T18:41:33","modified_gmt":"2021-02-21T18:41:33","slug":"hengst-filter-e220l-ilmansuodatin","status":"publish","type":"product","link":"https:\/\/www.autonvaraosahaku.fi\/?product=hengst-filter-e220l-ilmansuodatin","title":{"rendered":"HENGST FILTER E220L Ilmansuodatin"},"content":{"rendered":"<p>Suodatintyyppi: Suodatinpanos; Ulkol\u00e4pimitta [mm]: 151,0; Sis\u00e4l\u00e4pimitta 1 [mm]: 88,0; Sis\u00e4l\u00e4pimitta 2 [mm]: 88,0; Korkeus (mm): 221,5; Valmistusvuoteen: 12\/1975; MERCEDES-BENZ: SL R107,S-CLASS W108, W109,S-CLASS W116,COUPE W111,SL Coupe C107; OPEL: DIPLOMAT B,ADMIRAL B,COMMODORE A,COMMODORE A Coupe; PORSCHE: 911,914,911 Targa; NSU: RO 80; 5436503, 1498417, 5000209, A700X9601CA, 0000945804, 0010943704, 0010948604, 0010949904, 6170940004, A0000945804, A0010943704, A0010948604, A0010949904, A6170940004, 3447926, 834228, 90110895500, 90110895511, 0005436503, 7820580, 820580, 821373, 822137, 8221376<\/p>\n","protected":false},"excerpt":{"rendered":"<p>HENGST FILTER Ilmansuodatin E220L  MERCEDES-BENZ,OPEL,PORSCHE,SL R107,S-CLASS W108, W109,S-CLASS W116,COUPE W111,SL Coupe C107,DIPLOMAT B,ADMIRAL B<\/p>\n","protected":false},"featured_media":0,"template":"","meta":{"site-sidebar-layout":"default","site-content-layout":"default","ast-global-header-display":"","ast-main-header-display":"","ast-hfb-above-header-display":"","ast-hfb-below-header-display":"","ast-hfb-mobile-header-display":"","site-post-title":"","ast-breadcrumbs-content":"","ast-featured-img":"","footer-sml-layout":"","theme-transparent-header-meta":"","adv-header-id-meta":"","stick-header-meta":"","header-above-stick-meta":"","header-main-stick-meta":"","header-below-stick-meta":""},"pwb-brand":[336],"product_cat":[31],"product_tag":[],"class_list":{"0":"post-64930","1":"product","2":"type-product","3":"status-publish","5":"pwb-brand-hengst-filter","6":"product_cat-ilmansuodatin","7":"desktop-align-left","8":"tablet-align-left","9":"mobile-align-left","11":"first","12":"instock","13":"product-type-external"},"brands":[{"id":336,"name":"HENGST FILTER","slug":"hengst-filter"}],"_links":{"self":[{"href":"https:\/\/www.autonvaraosahaku.fi\/index.php?rest_route=\/wp\/v2\/product\/64930","targetHints":{"allow":["GET"]}}],"collection":[{"href":"https:\/\/www.autonvaraosahaku.fi\/index.php?rest_route=\/wp\/v2\/product"}],"about":[{"href":"https:\/\/www.autonvaraosahaku.fi\/index.php?rest_route=\/wp\/v2\/types\/product"}],"wp:attachment":[{"href":"https:\/\/www.autonvaraosahaku.fi\/index.php?rest_route=%2Fwp%2Fv2%2Fmedia&parent=64930"}],"wp:term":[{"taxonomy":"pwb-brand","embeddable":true,"href":"https:\/\/www.autonvaraosahaku.fi\/index.php?rest_route=%2Fwp%2Fv2%2Fpwb-brand&post=64930"},{"taxonomy":"product_cat","embeddable":true,"href":"https:\/\/www.autonvaraosahaku.fi\/index.php?rest_route=%2Fwp%2Fv2%2Fproduct_cat&post=64930"},{"taxonomy":"product_tag","embeddable":true,"href":"https:\/\/www.autonvaraosahaku.fi\/index.php?rest_route=%2Fwp%2Fv2%2Fproduct_tag&post=64930"}],"curies":[{"name":"wp","href":"https:\/\/api.w.org\/{rel}","templated":true}]}}