{"id":64935,"date":"2021-02-21T18:41:31","date_gmt":"2021-02-21T18:41:31","guid":{"rendered":"https:\/\/www.autonvaraosahaku.fi\/?product=lpr-00890-jarrukengat"},"modified":"2021-02-21T18:41:34","modified_gmt":"2021-02-21T18:41:34","slug":"lpr-00890-jarrukengat","status":"publish","type":"product","link":"https:\/\/www.autonvaraosahaku.fi\/?product=lpr-00890-jarrukengat","title":{"rendered":"LPR 00890 Jarrukeng\u00e4t"},"content":{"rendered":"<p>Jarruj\u00e4rjestelm\u00e4: FIAT, FIAT; L\u00e4pimitta [mm]: 185; Leveys (mm): 31; Asennuspuoli: Vorderachse; FIAT: SEICENTO 187,PUNTO 176,CINQUECENTO 170,PANDA 141A_,PUNTO Cabriolet 176C,126,500,UNO 146A\/E,127,FIORINO Kasten 146,SEICENTO Van 187,850 Spider,TIPO 160,850,128 Coupe,128,PANDA Van 141_,TEMPRA 159,RITMO I 138A,PUNTO Van 176L,FIORINO Pick up 146,500 Kombi,FIORINO 147,REGATA 138,RITMO Cabriolet,127 Panorama,128 Familiare,FIORINO 127,147,FIORINO Pick up 147,REGATA Weekend 138,147 Panorama,DUNA 146 B,ELBA 146_,DUNA Weekend 146 B; SEAT: MARBELLA 28,IBIZA I 021A,TERRA Kasten 024A,127 127A,MARBELLA Kasten 028A,MALAGA 023A,TERRA 24,133,850,128,RONDA 022A,PANDA 141A,FURA 025A,RITMO 138; LANCIA: DELTA I 831AB0,Y10 156,A 112,PRISMA 831AB0; AUTOBIANCHI: A 112,Y10; ZASTAVA: 750,101 1100,YUGO,YUGO FLORIDA; INNOCENTI: ELBA 146; 39722199, 39722399, 4216652, 4352373, 43523735, 4373442, 4382264, 53721199, 557201199, 57201114, 5880891, 5881040, 5881214, 588144, 5888144, 5890763, 6555881214, 6557201119, 6557201323, 655881040, 7074668, 7075551, 7075552, 71738375, 77362424, 94973449, 95880891, 9948235, 9948240, 0000004382264, 0000005882011, 0000005889221, 0000005889222, 0000005889286, 0000005889289, 00985853528, 39722199, 39722399, 4216652, 4352373, 4373442, 4382264, 4460028, 53721199, 557201199, 57201114, 5880891, 5881040, 5881050, 5881214, 5881964, 5882011, 5888144, 5889222, 5889286, 5890763, 6000009016, 6557201119, 6557201124, 6557201323, 655881040, 7074668, 7075551, 7075552, 71738375, 77362292, 77362318, 77362423, 77362424, 7736790, 94973449, 95880891, 95882091, 9948235, 9948237, 9948240, 39722199, 39722399, 4216652, 4352373, 4373442, 4382264, 53721199, 557201199, 57201114, 5880891, 5881040, 5881214, 5888144, 5890763, 6557201119, 6557201323, 655881040, 7074668, 7075551, 7075552, 94973449, 95880891, 9948235, 99&#8230;; Jarrukenk\u00e4sarja<\/p>\n","protected":false},"excerpt":{"rendered":"<p>LPR Jarrukeng\u00e4t 00890 Jarrukenk\u00e4sarja FIAT,SEAT,LANCIA,SEICENTO 187,PUNTO 176,CINQUECENTO 170,PANDA 141A_,PUNTO Cabriolet 176C,126,500,UNO 146A\/E,127<\/p>\n","protected":false},"featured_media":0,"template":"","meta":{"site-sidebar-layout":"default","site-content-layout":"default","ast-global-header-display":"","ast-main-header-display":"","ast-hfb-above-header-display":"","ast-hfb-below-header-display":"","ast-hfb-mobile-header-display":"","site-post-title":"","ast-breadcrumbs-content":"","ast-featured-img":"","footer-sml-layout":"","theme-transparent-header-meta":"","adv-header-id-meta":"","stick-header-meta":"","header-above-stick-meta":"","header-main-stick-meta":"","header-below-stick-meta":""},"pwb-brand":[238],"product_cat":[176],"product_tag":[],"class_list":{"0":"post-64935","1":"product","2":"type-product","3":"status-publish","5":"pwb-brand-lpr","6":"product_cat-jarrukengat","7":"desktop-align-left","8":"tablet-align-left","9":"mobile-align-left","11":"first","12":"instock","13":"product-type-external"},"brands":[{"id":238,"name":"LPR","slug":"lpr"}],"_links":{"self":[{"href":"https:\/\/www.autonvaraosahaku.fi\/index.php?rest_route=\/wp\/v2\/product\/64935","targetHints":{"allow":["GET"]}}],"collection":[{"href":"https:\/\/www.autonvaraosahaku.fi\/index.php?rest_route=\/wp\/v2\/product"}],"about":[{"href":"https:\/\/www.autonvaraosahaku.fi\/index.php?rest_route=\/wp\/v2\/types\/product"}],"wp:attachment":[{"href":"https:\/\/www.autonvaraosahaku.fi\/index.php?rest_route=%2Fwp%2Fv2%2Fmedia&parent=64935"}],"wp:term":[{"taxonomy":"pwb-brand","embeddable":true,"href":"https:\/\/www.autonvaraosahaku.fi\/index.php?rest_route=%2Fwp%2Fv2%2Fpwb-brand&post=64935"},{"taxonomy":"product_cat","embeddable":true,"href":"https:\/\/www.autonvaraosahaku.fi\/index.php?rest_route=%2Fwp%2Fv2%2Fproduct_cat&post=64935"},{"taxonomy":"product_tag","embeddable":true,"href":"https:\/\/www.autonvaraosahaku.fi\/index.php?rest_route=%2Fwp%2Fv2%2Fproduct_tag&post=64935"}],"curies":[{"name":"wp","href":"https:\/\/api.w.org\/{rel}","templated":true}]}}