{"id":65013,"date":"2021-02-21T18:41:51","date_gmt":"2021-02-21T18:41:51","guid":{"rendered":"https:\/\/www.autonvaraosahaku.fi\/?product=a-b-s-8915-jarrukengat"},"modified":"2021-02-21T18:41:54","modified_gmt":"2021-02-21T18:41:54","slug":"a-b-s-8915-jarrukengat","status":"publish","type":"product","link":"https:\/\/www.autonvaraosahaku.fi\/?product=a-b-s-8915-jarrukengat","title":{"rendered":"A.B.S. 8915 Jarrukeng\u00e4t"},"content":{"rendered":"<p>L\u00e4pimitta [mm]: 228; Leveys (mm): 42; Jarruj\u00e4rjestelm\u00e4: LUCAS\/TRW; Valmistaja rajaus: TRW; Paino [kg]: 1,9; Asennuspuoli: Hinterachse; BMW: 3 E30,3 Cabriolet E30; RENAULT: CLIO I B\/C57_, 5\/357_,ESPACE II J\/S63_,RAPID Kasten F40_, G40_,SAFRANE I B54_,16 115_,21 Stufenheck L48_,25 B29_,21 Kombi K48_,21 B48_,EXPRESS Pick-up,EXPRESS Kasten\/Kombi; PEUGEOT: 405 I 15B,405 II 4B,204,405 II Break 4E,405 I Break 15E,305 II 581M,304 _04M_,304 Break _04D_; VOLVO: 340-360 343, 345,340-360 Stufenheck 344; SUZUKI: SAMURAI SJ,VITARA ET, TA,VITARA Cabrio ET, TA,SAMURAI Gel\u00e4ndewagen offen SJ; TALBOT: HORIZON,1307-1510; 34211154385, 34211157302, 34219064270, 6025170698, 7701201229, 7701201339, 7701201525, 7701202381, 7701202384, 7701202921, 7701203545, 7701203563, 7701203716, 7701349706, 7701349928, 00000A00899, 00000A00902, 5321060A70, 5321099999, 3342305; Jarrukenk\u00e4sarja<\/p>\n","protected":false},"excerpt":{"rendered":"<p>A.B.S. Jarrukeng\u00e4t 8915 Jarrukenk\u00e4sarja BMW,RENAULT,PEUGEOT,3 E30,3 Cabriolet E30,CLIO I B\/C57_, 5\/357_,ESPACE II J\/S63_,RAPID Kasten F40_, G40_<\/p>\n","protected":false},"featured_media":0,"template":"","meta":{"site-sidebar-layout":"default","site-content-layout":"default","ast-global-header-display":"","ast-main-header-display":"","ast-hfb-above-header-display":"","ast-hfb-below-header-display":"","ast-hfb-mobile-header-display":"","site-post-title":"","ast-breadcrumbs-content":"","ast-featured-img":"","footer-sml-layout":"","theme-transparent-header-meta":"","adv-header-id-meta":"","stick-header-meta":"","header-above-stick-meta":"","header-main-stick-meta":"","header-below-stick-meta":""},"pwb-brand":[326],"product_cat":[176],"product_tag":[],"class_list":{"0":"post-65013","1":"product","2":"type-product","3":"status-publish","5":"pwb-brand-a-b-s","6":"product_cat-jarrukengat","7":"desktop-align-left","8":"tablet-align-left","9":"mobile-align-left","11":"first","12":"instock","13":"product-type-external"},"brands":[{"id":326,"name":"A.B.S.","slug":"a-b-s"}],"_links":{"self":[{"href":"https:\/\/www.autonvaraosahaku.fi\/index.php?rest_route=\/wp\/v2\/product\/65013","targetHints":{"allow":["GET"]}}],"collection":[{"href":"https:\/\/www.autonvaraosahaku.fi\/index.php?rest_route=\/wp\/v2\/product"}],"about":[{"href":"https:\/\/www.autonvaraosahaku.fi\/index.php?rest_route=\/wp\/v2\/types\/product"}],"wp:attachment":[{"href":"https:\/\/www.autonvaraosahaku.fi\/index.php?rest_route=%2Fwp%2Fv2%2Fmedia&parent=65013"}],"wp:term":[{"taxonomy":"pwb-brand","embeddable":true,"href":"https:\/\/www.autonvaraosahaku.fi\/index.php?rest_route=%2Fwp%2Fv2%2Fpwb-brand&post=65013"},{"taxonomy":"product_cat","embeddable":true,"href":"https:\/\/www.autonvaraosahaku.fi\/index.php?rest_route=%2Fwp%2Fv2%2Fproduct_cat&post=65013"},{"taxonomy":"product_tag","embeddable":true,"href":"https:\/\/www.autonvaraosahaku.fi\/index.php?rest_route=%2Fwp%2Fv2%2Fproduct_tag&post=65013"}],"curies":[{"name":"wp","href":"https:\/\/api.w.org\/{rel}","templated":true}]}}