{"id":65020,"date":"2021-02-21T18:41:51","date_gmt":"2021-02-21T18:41:51","guid":{"rendered":"https:\/\/www.autonvaraosahaku.fi\/?product=topran-820-341-hydraulinen-venttiilinnostin"},"modified":"2021-02-21T18:41:56","modified_gmt":"2021-02-21T18:41:56","slug":"topran-820-341-hydraulinen-venttiilinnostin","status":"publish","type":"product","link":"https:\/\/www.autonvaraosahaku.fi\/?product=topran-820-341-hydraulinen-venttiilinnostin","title":{"rendered":"TOPRAN 820 341 Hydraulinen venttiilinnostin"},"content":{"rendered":"<p>K\u00e4ytt\u00f6: Hydraulinen; KIA: CEE&#8217;D SW ED,CEE&#8217;D Schr\u00e4gheck ED,SPORTAGE JE_, KM_,CARENS II FJ,CARENS III UN,PRO CEE&#8217;D ED,CERATO LD,MAGENTIS MG,CERATO Stufenheck LD; HYUNDAI: i30 FD,GETZ TB,TUCSON JM,i30 CW FD,SANTA F\u00c9 I SM,SANTA F\u00c9 II CM,MATRIX FC,TRAJET FO,SONATA V NF,ACCENT II LC,ELANTRA XD,ELANTRA Stufenheck XD,ACCENT II Stufenheck LC; 2223127000, 2223127900, 2223127000, 2223127900; Venttiilinnostin<\/p>\n","protected":false},"excerpt":{"rendered":"<p>TOPRAN Hydraulinen Venttiilinnostin 820 341 Venttiilinnostin KIA,HYUNDAI,CEE&#8217;D SW ED,CEE&#8217;D Schr\u00e4gheck ED,SPORTAGE JE_, KM_,CARENS II FJ<\/p>\n","protected":false},"featured_media":0,"template":"","meta":{"site-sidebar-layout":"default","site-content-layout":"default","ast-global-header-display":"","ast-main-header-display":"","ast-hfb-above-header-display":"","ast-hfb-below-header-display":"","ast-hfb-mobile-header-display":"","site-post-title":"","ast-breadcrumbs-content":"","ast-featured-img":"","footer-sml-layout":"","theme-transparent-header-meta":"","adv-header-id-meta":"","stick-header-meta":"","header-above-stick-meta":"","header-main-stick-meta":"","header-below-stick-meta":""},"pwb-brand":[18],"product_cat":[126],"product_tag":[],"class_list":{"0":"post-65020","1":"product","2":"type-product","3":"status-publish","5":"pwb-brand-topran","6":"product_cat-hydraulinen-venttiilinnostin","7":"desktop-align-left","8":"tablet-align-left","9":"mobile-align-left","11":"first","12":"instock","13":"product-type-external"},"brands":[{"id":18,"name":"TOPRAN","slug":"topran"}],"_links":{"self":[{"href":"https:\/\/www.autonvaraosahaku.fi\/index.php?rest_route=\/wp\/v2\/product\/65020","targetHints":{"allow":["GET"]}}],"collection":[{"href":"https:\/\/www.autonvaraosahaku.fi\/index.php?rest_route=\/wp\/v2\/product"}],"about":[{"href":"https:\/\/www.autonvaraosahaku.fi\/index.php?rest_route=\/wp\/v2\/types\/product"}],"wp:attachment":[{"href":"https:\/\/www.autonvaraosahaku.fi\/index.php?rest_route=%2Fwp%2Fv2%2Fmedia&parent=65020"}],"wp:term":[{"taxonomy":"pwb-brand","embeddable":true,"href":"https:\/\/www.autonvaraosahaku.fi\/index.php?rest_route=%2Fwp%2Fv2%2Fpwb-brand&post=65020"},{"taxonomy":"product_cat","embeddable":true,"href":"https:\/\/www.autonvaraosahaku.fi\/index.php?rest_route=%2Fwp%2Fv2%2Fproduct_cat&post=65020"},{"taxonomy":"product_tag","embeddable":true,"href":"https:\/\/www.autonvaraosahaku.fi\/index.php?rest_route=%2Fwp%2Fv2%2Fproduct_tag&post=65020"}],"curies":[{"name":"wp","href":"https:\/\/api.w.org\/{rel}","templated":true}]}}