{"id":65051,"date":"2021-02-21T18:42:03","date_gmt":"2021-02-21T18:42:03","guid":{"rendered":"https:\/\/www.autonvaraosahaku.fi\/?product=sasic-0594054-muut-luokat"},"modified":"2021-02-21T18:42:05","modified_gmt":"2021-02-21T18:42:05","slug":"sasic-0594054-muut-luokat","status":"publish","type":"product","link":"https:\/\/www.autonvaraosahaku.fi\/?product=sasic-0594054-muut-luokat","title":{"rendered":"SASIC 0594054 Muut luokat"},"content":{"rendered":"<p>Asennuspuoli: Etuakseli; Varusteet: Autoihin, joissa ohjaustehostin; Kiinnitysmalli: Kumimetallilaakeri; Sis\u00e4l\u00e4pimitta [mm]: 12; Ulkol\u00e4pimitta [mm]: 22; Pituus, sis\u00e4 (mm): 24; Pituus, ulko (mm): 20; OE-numerolle: 405907; Valmistusvuoteen: 09\/2002; CITRO\u00cbN: BERLINGO MF,BERLINGO Kasten M_,XSARA N1,XSARA Break N2,XSARA Coupe N0,ZX N2,BX XB-_,ZX Break N2,BX Break XB-_,C15 VD-_,C15 Kombi; PEUGEOT: PARTNER Combispace 5F,205 II 20A\/C,PARTNER Kasten 5,205 I Cabriolet 741B, 20D,309 II 3C, 3A,205 I 741A\/C,405 I 15B,405 II 4B,504 A_, M_,504 Cabriolet,309 I 10C, 10A,505 551A,504 Coupe,405 II Break 4E,405 I Break 15E,305 II 581M,505 Break 551D,604 561A_,504 Break D_, F_,504 Pick-up E_,305 II Break 581E,205 Kasten,305 I 581A,305 I Break 581D,PARTNER Pritsche\/Fahrgestell; 405905, 405907, 405905, 405907<\/p>\n","protected":false},"excerpt":{"rendered":"<p>SASIC Holkki, Ohjausakseli 0594054  CITRO\u00cbN,PEUGEOT,BERLINGO MF,BERLINGO Kasten M_,XSARA N1,XSARA Break N2,XSARA Coupe N0,ZX N2,BX XB-_,ZX Break N2<\/p>\n","protected":false},"featured_media":0,"template":"","meta":{"site-sidebar-layout":"default","site-content-layout":"default","ast-global-header-display":"","ast-main-header-display":"","ast-hfb-above-header-display":"","ast-hfb-below-header-display":"","ast-hfb-mobile-header-display":"","site-post-title":"","ast-breadcrumbs-content":"","ast-featured-img":"","footer-sml-layout":"","theme-transparent-header-meta":"","adv-header-id-meta":"","stick-header-meta":"","header-above-stick-meta":"","header-main-stick-meta":"","header-below-stick-meta":""},"pwb-brand":[110],"product_cat":[37],"product_tag":[],"class_list":{"0":"post-65051","1":"product","2":"type-product","3":"status-publish","5":"pwb-brand-sasic","6":"product_cat-muut-luokat","7":"desktop-align-left","8":"tablet-align-left","9":"mobile-align-left","11":"first","12":"instock","13":"product-type-external"},"brands":[{"id":110,"name":"SASIC","slug":"sasic"}],"_links":{"self":[{"href":"https:\/\/www.autonvaraosahaku.fi\/index.php?rest_route=\/wp\/v2\/product\/65051","targetHints":{"allow":["GET"]}}],"collection":[{"href":"https:\/\/www.autonvaraosahaku.fi\/index.php?rest_route=\/wp\/v2\/product"}],"about":[{"href":"https:\/\/www.autonvaraosahaku.fi\/index.php?rest_route=\/wp\/v2\/types\/product"}],"wp:attachment":[{"href":"https:\/\/www.autonvaraosahaku.fi\/index.php?rest_route=%2Fwp%2Fv2%2Fmedia&parent=65051"}],"wp:term":[{"taxonomy":"pwb-brand","embeddable":true,"href":"https:\/\/www.autonvaraosahaku.fi\/index.php?rest_route=%2Fwp%2Fv2%2Fpwb-brand&post=65051"},{"taxonomy":"product_cat","embeddable":true,"href":"https:\/\/www.autonvaraosahaku.fi\/index.php?rest_route=%2Fwp%2Fv2%2Fproduct_cat&post=65051"},{"taxonomy":"product_tag","embeddable":true,"href":"https:\/\/www.autonvaraosahaku.fi\/index.php?rest_route=%2Fwp%2Fv2%2Fproduct_tag&post=65051"}],"curies":[{"name":"wp","href":"https:\/\/api.w.org\/{rel}","templated":true}]}}