{"id":65090,"date":"2021-02-21T18:42:15","date_gmt":"2021-02-21T18:42:15","guid":{"rendered":"https:\/\/www.autonvaraosahaku.fi\/?product=topran-100-355-tiivisteet"},"modified":"2021-02-21T18:42:17","modified_gmt":"2021-02-21T18:42:17","slug":"topran-100-355-tiivisteet","status":"publish","type":"product","link":"https:\/\/www.autonvaraosahaku.fi\/?product=topran-100-355-tiivisteet","title":{"rendered":"TOPRAN 100 355 Tiivisteet"},"content":{"rendered":"<p>Korkeus (mm): 6; Sis\u00e4l\u00e4pimitta [mm]: 15; Ulkol\u00e4pimitta [mm]: 24; Materiaali: ACM (polyakryyli-kautsu); Vaihteistomalli: Schaltgetriebe 6 Gang; VW: GOLF IV 1J1,GOLF V 1K1,POLO 9N_,TOURAN 1T1, 1T2,GOLF VI 5K1,PASSAT Variant 3C5,GOLF PLUS 5M1, 521,TRANSPORTER IV Bus 70XB, 70XC, 7DB, 7DW,LUPO 6X1, 6E1,PASSAT 3C2,POLO 6R, 6C,GOLF III 1H1,TIGUAN 5N_,GOLF IV Variant 1J5,GOLF VII 5G1, BE1,SHARAN 7M8, 7M9, 7M6,POLO 6N2,CADDY III Kombi 2KB, 2KJ, 2CB, 2CJ,GOLF II 19E, 1G1,TRANSPORTER V Bus 7HB, 7HJ, 7EB, 7EJ, 7EF,GOLF VI Variant AJ5,GOLF V Variant 1K5,PASSAT Variant 3A5, 35I,UP,CADDY III Kasten 2KA, 2KH, 2CA, 2CH,BORA 1J2,GOLF VII Kombi BA5,TRANSPORTER IV Kasten 70XA,SCIROCCO 137, 138,TRANSPORTER V Kasten 7HA, 7HH, 7EA, 7EH,NEW BEETLE 9C1, 1C1,SHARAN 7N1, 7N2,BORA Kombi 1J6,GOLF III Variant 1H5,NEW BEETLE Cabriolet 1Y7,JETTA III 1K2,PASSAT 3A2, 35I,TRANSPORTER IV Pritsche\/Fahrgestell 70XD,POLO CLASSIC 6KV2,VENTO 1H2,CC 358,BEETLE 5C1,JETTA IV 162, 163,POLO Stufenheck,TRANSPORTER V Pritsche\/Fahrgestell 7JD, 7JE, 7JL, 7JY, 7JZ,,BEETLE Cabriolet 5C7,PASSAT Variant 3G5,GOLF SPORTSVAN AM1,TOURAN,CADDY IV Kombi SAB, SAJ,; AUDI: A3 8P1,A3 8L1,A3 Sportback 8PA,A2 8Z0,TT 8N3,A3 Sportback 8VA,Q3 8U,A1 8X1, 8XF,TT Roadster 8N9,A1 Sportback 8XA, 8XK,A3 Limousine 8VS,A3 8V1; SKODA: OCTAVIA Combi 1Z5,FABIA Combi 6Y5,FABIA,FABIA 6Y2,OCTAVIA Combi 1U5,OCTAVIA Combi 5E5,FABIA Combi,ROOMSTER 5J,YETI 5L,SUPERB Kombi 3T5,OCTAVIA 1Z3,OCTAVIA 1U2,SUPERB 3T4,RAPID Spaceback NH1,FABIA Stufenheck 6Y3,OCTAVIA 5E3,ROOMSTER Praktik 5J,RAPID NH3,FABIA NJ3,FABIA Kombi NJ5; SEAT: IBIZA IV 6L1,LEON 1P1,IBIZA V 6J5, 6P5,LEON 1M1,ALTEA 5P1,AROSA 6H,ALHAMBRA 7V8, 7V9,LEON 5F1,ALTEA XL 5P5, 5P8,LEON ST 5F8,IBIZA V ST 6J8, 6P8,ALHAMBRA 710, 711,IBIZA II 6K1,TOLEDO II 1M2,IBIZA V SPORTCOUPE 6J1, 6P1,CORDOBA 6K1, 6K2,CORDOBA 6L2,TOLEDO I 1L,TOLEDO III 5P2,TOLEDO IV KG3; 02A301227C, 02A301227L, 02A301227M, 02A301227C, 02A301227L, 02A301227M, 02A301227C, 02A301227L, 02A301227M, 02A301227C, 02A301227L, 02A301227M<\/p>\n","protected":false},"excerpt":{"rendered":"<p>TOPRAN Akselitiiviste, Vaihteisto 100 355  VW,AUDI,SKODA,GOLF IV 1J1,GOLF V 1K1,POLO 9N_,TOURAN 1T1, 1T2,GOLF VI 5K1,PASSAT Variant 3C5<\/p>\n","protected":false},"featured_media":0,"template":"","meta":{"site-sidebar-layout":"default","site-content-layout":"default","ast-global-header-display":"","ast-main-header-display":"","ast-hfb-above-header-display":"","ast-hfb-below-header-display":"","ast-hfb-mobile-header-display":"","site-post-title":"","ast-breadcrumbs-content":"","ast-featured-img":"","footer-sml-layout":"","theme-transparent-header-meta":"","adv-header-id-meta":"","stick-header-meta":"","header-above-stick-meta":"","header-main-stick-meta":"","header-below-stick-meta":""},"pwb-brand":[18],"product_cat":[27],"product_tag":[],"class_list":{"0":"post-65090","1":"product","2":"type-product","3":"status-publish","5":"pwb-brand-topran","6":"product_cat-tiivisteet","7":"desktop-align-left","8":"tablet-align-left","9":"mobile-align-left","11":"first","12":"instock","13":"product-type-external"},"brands":[{"id":18,"name":"TOPRAN","slug":"topran"}],"_links":{"self":[{"href":"https:\/\/www.autonvaraosahaku.fi\/index.php?rest_route=\/wp\/v2\/product\/65090","targetHints":{"allow":["GET"]}}],"collection":[{"href":"https:\/\/www.autonvaraosahaku.fi\/index.php?rest_route=\/wp\/v2\/product"}],"about":[{"href":"https:\/\/www.autonvaraosahaku.fi\/index.php?rest_route=\/wp\/v2\/types\/product"}],"wp:attachment":[{"href":"https:\/\/www.autonvaraosahaku.fi\/index.php?rest_route=%2Fwp%2Fv2%2Fmedia&parent=65090"}],"wp:term":[{"taxonomy":"pwb-brand","embeddable":true,"href":"https:\/\/www.autonvaraosahaku.fi\/index.php?rest_route=%2Fwp%2Fv2%2Fpwb-brand&post=65090"},{"taxonomy":"product_cat","embeddable":true,"href":"https:\/\/www.autonvaraosahaku.fi\/index.php?rest_route=%2Fwp%2Fv2%2Fproduct_cat&post=65090"},{"taxonomy":"product_tag","embeddable":true,"href":"https:\/\/www.autonvaraosahaku.fi\/index.php?rest_route=%2Fwp%2Fv2%2Fproduct_tag&post=65090"}],"curies":[{"name":"wp","href":"https:\/\/api.w.org\/{rel}","templated":true}]}}