{"id":65096,"date":"2021-02-21T18:42:15","date_gmt":"2021-02-21T18:42:15","guid":{"rendered":"https:\/\/www.autonvaraosahaku.fi\/?product=mahle-original-ox-47d-oljynsuodatin"},"modified":"2021-02-21T18:42:18","modified_gmt":"2021-02-21T18:42:18","slug":"mahle-original-ox-47d-oljynsuodatin","status":"publish","type":"product","link":"https:\/\/www.autonvaraosahaku.fi\/?product=mahle-original-ox-47d-oljynsuodatin","title":{"rendered":"MAHLE ORIGINAL OX 47D \u00d6ljynsuodatin"},"content":{"rendered":"<p>Suodatintyyppi: Suodatinpanos; Korkeus (mm): 117,0; Korkeus 1 (mm): 117,0; L\u00e4pimitta [mm]: 69,0; Sis\u00e4l\u00e4pimitta 1 [mm]: 26,0, 26,0; L\u00e4pimitta 3 [mm]: 26,0; Tiivisteen l\u00e4pimitta [mm]: 26,0, 26,0; Ulkol\u00e4pimitta 1 [mm]: 70,0; Paino [g]: 0,34; Korkeus (tuumaa): 4,72; Leveys (tuumaa): 2,95; Pituus (tuumaa): 2,95; Moottorinumerosta: 9500082; MERCEDES-BENZ: Stufenheck W123,G-CLASS W460,COUPE C123,S-CLASS W108, W109,COUPE W111,KOMBI Kombi S123,T1 Bus 601,T2\/L Kasten\/Kombi,HECKFLOSSE W111, W112,T1 Kasten 601,SL W121,T2\/L Pritsche\/Fahrgestell,T2\/L Kommunalfahrzeug,T2\/L Kipper,O 309; PUCH: G-MODELL W 460; GUELDNER: A; FENDT: Farmer; 5000674, 5000677, 5011885, A700X6744BA, A730X6731AA, A730X6731DA, A83OX6731ABA, EFL64, 5577968, 6438565, 7984261, 0001800009, 0001844225, 0001844302, 0001844325, 0001848101, 0001848301, 1800009, A0001800009, A0001844225, A0001844302, A0001844325, A0001848101, A0001848301, A1800009, 27701002178, 7701002178<\/p>\n","protected":false},"excerpt":{"rendered":"<p>MAHLE ORIGINAL \u00d6ljynsuodatin OX 47D  MERCEDES-BENZ,PUCH,GUELDNER,Stufenheck W123,G-CLASS W460,COUPE C123,S-CLASS W108, W109,COUPE W111<\/p>\n","protected":false},"featured_media":0,"template":"","meta":{"site-sidebar-layout":"default","site-content-layout":"default","ast-global-header-display":"","ast-main-header-display":"","ast-hfb-above-header-display":"","ast-hfb-below-header-display":"","ast-hfb-mobile-header-display":"","site-post-title":"","ast-breadcrumbs-content":"","ast-featured-img":"","footer-sml-layout":"","theme-transparent-header-meta":"","adv-header-id-meta":"","stick-header-meta":"","header-above-stick-meta":"","header-main-stick-meta":"","header-below-stick-meta":""},"pwb-brand":[153],"product_cat":[30],"product_tag":[],"class_list":{"0":"post-65096","1":"product","2":"type-product","3":"status-publish","5":"pwb-brand-mahle-original","6":"product_cat-oljynsuodatin","7":"desktop-align-left","8":"tablet-align-left","9":"mobile-align-left","11":"first","12":"instock","13":"product-type-external"},"brands":[{"id":153,"name":"MAHLE ORIGINAL","slug":"mahle-original"}],"_links":{"self":[{"href":"https:\/\/www.autonvaraosahaku.fi\/index.php?rest_route=\/wp\/v2\/product\/65096","targetHints":{"allow":["GET"]}}],"collection":[{"href":"https:\/\/www.autonvaraosahaku.fi\/index.php?rest_route=\/wp\/v2\/product"}],"about":[{"href":"https:\/\/www.autonvaraosahaku.fi\/index.php?rest_route=\/wp\/v2\/types\/product"}],"wp:attachment":[{"href":"https:\/\/www.autonvaraosahaku.fi\/index.php?rest_route=%2Fwp%2Fv2%2Fmedia&parent=65096"}],"wp:term":[{"taxonomy":"pwb-brand","embeddable":true,"href":"https:\/\/www.autonvaraosahaku.fi\/index.php?rest_route=%2Fwp%2Fv2%2Fpwb-brand&post=65096"},{"taxonomy":"product_cat","embeddable":true,"href":"https:\/\/www.autonvaraosahaku.fi\/index.php?rest_route=%2Fwp%2Fv2%2Fproduct_cat&post=65096"},{"taxonomy":"product_tag","embeddable":true,"href":"https:\/\/www.autonvaraosahaku.fi\/index.php?rest_route=%2Fwp%2Fv2%2Fproduct_tag&post=65096"}],"curies":[{"name":"wp","href":"https:\/\/api.w.org\/{rel}","templated":true}]}}