{"id":65117,"date":"2021-02-21T18:42:22","date_gmt":"2021-02-21T18:42:22","guid":{"rendered":"https:\/\/www.autonvaraosahaku.fi\/?product=valeo-587215-polttoainesuodatin"},"modified":"2021-02-21T18:42:26","modified_gmt":"2021-02-21T18:42:26","slug":"valeo-587215-polttoainesuodatin","status":"publish","type":"product","link":"https:\/\/www.autonvaraosahaku.fi\/?product=valeo-587215-polttoainesuodatin","title":{"rendered":"VALEO 587215 Polttoainesuodatin"},"content":{"rendered":"<p>Ulkol\u00e4pimitta [mm]: 75; Ulkol\u00e4pimitta 1 [mm]: 81; Kierre sis\u00e4\u00e4ntulo: M 14&#215;1,5; Kierre ulostulo: M 12&#215;1,25; Korkeus (mm): 130,5; Suodatintyyppi: Ruuvattava suodatin; Paino [kg]: 0,26; Valmistusvuosi alkaen: 10\/1990; VW: PASSAT Variant 3B6,PASSAT Variant 3B5,PASSAT 3B2,PASSAT 3B3,CADDY I 14,JETTA I 16; AUDI: A4 8D2, B5,A6 Avant 4B5, C5,A4 Avant 8D5, B5,80 8C, B4,A6 4B2, C5,A8 4D2, 4D8,80 Avant 8C, B4,ALLROAD 4BH, C5,V8 44_, 4C_; VOLVO: 240 Kombi P245,240 P242, P244,480 E,440 K 445,460 L 464,260 P262, P264; SAAB: 900 I Combi Coupe,900 I AC4, AM4; JAGUAR: XJ XJ 40, 81; LANCIA: KAPPA 838A,THEMA 834,KAPPA SW 838B,KAPPA Coupe 838,THEMA SW 834; FIAT: UNO 146A\/E,CROMA 154,REGATA 138,REGATA Weekend 138; ALFA ROMEO: SPIDER 916S_,GTV 916C_,164 164; PEUGEOT: 205 II 20A\/C,205 I Cabriolet 741B, 20D,309 II 3C, 3A,205 I 741A\/C,405 I 15B,405 II 4B,309 I 10C, 10A,505 551A,405 I Break 15E,305 II 581M,505 Break 551D,305 II Break 581E,205 Kasten; FERRARI: 456 GT\/GTA,512 TR,512 M; 0060506968, 60506968, 60585533, 71732671, 71736107, 441201511C, 60801979, 60810503, 71736107, 71736110, 7174020, 7563164, 7574020, CAC9630, 60810503, 71736107, 71736110, 7574020, 156710, 156711, 9151781580, 9328519, 1276864, 3413903, 34139030, 3473308, 431133511D, 441201511C<\/p>\n","protected":false},"excerpt":{"rendered":"<p>VALEO Polttoainesuodatin 587215  VW,AUDI,VOLVO,PASSAT Variant 3B6,PASSAT Variant 3B5,PASSAT 3B2,PASSAT 3B3,CADDY I 14,JETTA I 16,A4 8D2, B5<\/p>\n","protected":false},"featured_media":0,"template":"","meta":{"site-sidebar-layout":"default","site-content-layout":"default","ast-global-header-display":"","ast-main-header-display":"","ast-hfb-above-header-display":"","ast-hfb-below-header-display":"","ast-hfb-mobile-header-display":"","site-post-title":"","ast-breadcrumbs-content":"","ast-featured-img":"","footer-sml-layout":"","theme-transparent-header-meta":"","adv-header-id-meta":"","stick-header-meta":"","header-above-stick-meta":"","header-main-stick-meta":"","header-below-stick-meta":""},"pwb-brand":[28],"product_cat":[29],"product_tag":[],"class_list":{"0":"post-65117","1":"product","2":"type-product","3":"status-publish","5":"pwb-brand-valeo","6":"product_cat-polttoainesuodatin","7":"desktop-align-left","8":"tablet-align-left","9":"mobile-align-left","11":"first","12":"instock","13":"product-type-external"},"brands":[{"id":28,"name":"VALEO","slug":"valeo"}],"_links":{"self":[{"href":"https:\/\/www.autonvaraosahaku.fi\/index.php?rest_route=\/wp\/v2\/product\/65117","targetHints":{"allow":["GET"]}}],"collection":[{"href":"https:\/\/www.autonvaraosahaku.fi\/index.php?rest_route=\/wp\/v2\/product"}],"about":[{"href":"https:\/\/www.autonvaraosahaku.fi\/index.php?rest_route=\/wp\/v2\/types\/product"}],"wp:attachment":[{"href":"https:\/\/www.autonvaraosahaku.fi\/index.php?rest_route=%2Fwp%2Fv2%2Fmedia&parent=65117"}],"wp:term":[{"taxonomy":"pwb-brand","embeddable":true,"href":"https:\/\/www.autonvaraosahaku.fi\/index.php?rest_route=%2Fwp%2Fv2%2Fpwb-brand&post=65117"},{"taxonomy":"product_cat","embeddable":true,"href":"https:\/\/www.autonvaraosahaku.fi\/index.php?rest_route=%2Fwp%2Fv2%2Fproduct_cat&post=65117"},{"taxonomy":"product_tag","embeddable":true,"href":"https:\/\/www.autonvaraosahaku.fi\/index.php?rest_route=%2Fwp%2Fv2%2Fproduct_tag&post=65117"}],"curies":[{"name":"wp","href":"https:\/\/api.w.org\/{rel}","templated":true}]}}