{"id":65141,"date":"2021-02-21T18:42:30","date_gmt":"2021-02-21T18:42:30","guid":{"rendered":"https:\/\/www.autonvaraosahaku.fi\/?product=era-330193-lampokytkin-jaahdyttimen-puhallin"},"modified":"2021-02-21T18:42:37","modified_gmt":"2021-02-21T18:42:37","slug":"era-330193-lampokytkin-jaahdyttimen-puhallin","status":"publish","type":"product","link":"https:\/\/www.autonvaraosahaku.fi\/?product=era-330193-lampokytkin-jaahdyttimen-puhallin","title":{"rendered":"ERA 330193 L\u00e4mp\u00f6kytkin j\u00e4\u00e4hdyttimen puhallin"},"content":{"rendered":"<p>Liitinkierre: M18 x 1,5; Avainv\u00e4li: 24; Liittimi\u00e4: 2; K\u00e4ytt\u00f6l\u00e4mp\u00f6tila alkaen [\u00b0]: 95; Ty\u00f6l\u00e4mp\u00f6tila korkeintaan [\u00b0]: 90; HONDA: JAZZ II GD,CIVIC VII Hatchback EU, EP, EV,CIVIC VI Hatchback EJ, EK,ACCORD VI CG, CK,CIVIC VI Fastback MA, MB,CRX III EH, EG,LOGO GA3,CIVIC VI Aerodeck MB, MC,STREAM RN,CR-V I RD,HR-V GH,CIVIC V Hatchback EG,CIVIC VII Coupe EM2,ACCORD VI Coupe CG,ACCORD V CE, CF,CIVIC VI Stufenheck EJ, EK,SHUTTLE RA,INTEGRA Coupe DC2, DC4,CIVIC V Coupe EJ,CIVIC VII Stufenheck ES,CIVIC V Stufenheck EG, EH,ACCORD V Aerodeck CE,ACCORD V Coupe CD; ROVER: 600 RH,400 RT,400 Hatchback RT; 37760P00003, 37760P00004, 37760PLZE01, 5860047510, 5860047520, 5862028390, GTR274, PEJ100110, PEJ100120<\/p>\n","protected":false},"excerpt":{"rendered":"<p>ERA L\u00e4mp\u00f6kytkin J\u00e4\u00e4hdyttimen Puhallin OEM 330193  HONDA,ROVER,JAZZ II GD,CIVIC VII Hatchback EU, EP, EV,CIVIC VI Hatchback EJ, EK,ACCORD VI CG, CK<\/p>\n","protected":false},"featured_media":0,"template":"","meta":{"site-sidebar-layout":"default","site-content-layout":"default","ast-global-header-display":"","ast-main-header-display":"","ast-hfb-above-header-display":"","ast-hfb-below-header-display":"","ast-hfb-mobile-header-display":"","site-post-title":"","ast-breadcrumbs-content":"","ast-featured-img":"","footer-sml-layout":"","theme-transparent-header-meta":"","adv-header-id-meta":"","stick-header-meta":"","header-above-stick-meta":"","header-main-stick-meta":"","header-below-stick-meta":""},"pwb-brand":[64],"product_cat":[290],"product_tag":[],"class_list":{"0":"post-65141","1":"product","2":"type-product","3":"status-publish","5":"pwb-brand-era","6":"product_cat-lampokytkin-jaahdyttimen-puhallin","7":"desktop-align-left","8":"tablet-align-left","9":"mobile-align-left","11":"first","12":"instock","13":"product-type-external"},"brands":[{"id":64,"name":"ERA","slug":"era"}],"_links":{"self":[{"href":"https:\/\/www.autonvaraosahaku.fi\/index.php?rest_route=\/wp\/v2\/product\/65141","targetHints":{"allow":["GET"]}}],"collection":[{"href":"https:\/\/www.autonvaraosahaku.fi\/index.php?rest_route=\/wp\/v2\/product"}],"about":[{"href":"https:\/\/www.autonvaraosahaku.fi\/index.php?rest_route=\/wp\/v2\/types\/product"}],"wp:attachment":[{"href":"https:\/\/www.autonvaraosahaku.fi\/index.php?rest_route=%2Fwp%2Fv2%2Fmedia&parent=65141"}],"wp:term":[{"taxonomy":"pwb-brand","embeddable":true,"href":"https:\/\/www.autonvaraosahaku.fi\/index.php?rest_route=%2Fwp%2Fv2%2Fpwb-brand&post=65141"},{"taxonomy":"product_cat","embeddable":true,"href":"https:\/\/www.autonvaraosahaku.fi\/index.php?rest_route=%2Fwp%2Fv2%2Fproduct_cat&post=65141"},{"taxonomy":"product_tag","embeddable":true,"href":"https:\/\/www.autonvaraosahaku.fi\/index.php?rest_route=%2Fwp%2Fv2%2Fproduct_tag&post=65141"}],"curies":[{"name":"wp","href":"https:\/\/api.w.org\/{rel}","templated":true}]}}