{"id":65189,"date":"2021-02-21T18:42:51","date_gmt":"2021-02-21T18:42:51","guid":{"rendered":"https:\/\/www.autonvaraosahaku.fi\/?product=autofren-seinsa-d8187t-vetonivelen-suojakumi"},"modified":"2021-02-21T18:42:53","modified_gmt":"2021-02-21T18:42:53","slug":"autofren-seinsa-d8187t-vetonivelen-suojakumi","status":"publish","type":"product","link":"https:\/\/www.autonvaraosahaku.fi\/?product=autofren-seinsa-d8187t-vetonivelen-suojakumi","title":{"rendered":"AUTOFREN SEINSA D8187T Vetonivelen suojakumi"},"content":{"rendered":"<p>Sis\u00e4l\u00e4pimitta 1 [mm]: 29; Sis\u00e4l\u00e4pimitta 2 [mm]: 98; Korkeus (mm): 145; Asennuspuoli: radseitig; VW: TRANSPORTER IV Bus 70XB, 70XC, 7DB, 7DW,SHARAN 7M8, 7M9, 7M6,TRANSPORTER IV Kasten 70XA,TRANSPORTER IV Pritsche\/Fahrgestell 70XD; SEAT: ALHAMBRA 7V8, 7V9; MERCEDES-BENZ: VITO Bus 638,SPRINTER 3-t Kasten 903,SPRINTER 2-t Bus 901, 902,V-CLASS 638\/2,SPRINTER 2-t Kasten 901, 902,SPRINTER 3-t Bus 903,SPRINTER 3-t Pritsche\/Fahrgestell 903,VITO Kasten 638,SPRINTER 4-t Pritsche\/Fahrgestell 904,SPRINTER 2-t Pritsche\/Fahrgestell 901, 902,SPRINTER 4-t Kasten 904,SPRINTER 4-t Bus 904; OPEL: MOVANO Kasten F9,MOVANO Combi J9,MOVANO Pritsche\/Fahrgestell U9, E9,MOVANO Kipper H9; BMW: 02 E10; VOLVO: V40 Kombi VW,V70 II SW,V70 I LV,S60 I,S80 I TS, XY,XC70 CROSS COUNTRY,S40 I VS,C70 I Cabriolet,C70 I Coupe,S70 LS; SAAB: 9-5 Kombi YS3E,9-3 YS3D,9-5 YS3E,9000 Schr\u00e4gheck,9000; FORD: GALAXY WGR; RENAULT: ESPACE IV JK0\/1_,ESPACE III JE0_,MASTER II Kasten FD,LAGUNA I B56_, 556_,MASTER II Pritsche\/Fahrgestell ED\/HD\/UD,MASTER II Bus JD,SAFRANE II B54_,AVANTIME DE0_; FIAT: DUCATO Bus 244, Z_; 329307, 329398, 3293A1, 3293A6, 1075638, 1109786, 95VW7L606AB, 0003301685, 0003301985, 0003302085, 329307, 329398, 3293A1, 3293A6, 7701470155, 8994154, 272439, 272440, 272483, 31256221, 31256222, 31256231<\/p>\n","protected":false},"excerpt":{"rendered":"<p>AUTOFREN SEINSA Paljekumisarja, Vetoakseli D8187T  VW,SEAT,MERCEDES-BENZ,TRANSPORTER IV Bus 70XB, 70XC, 7DB, 7DW,SHARAN 7M8, 7M9, 7M6<\/p>\n","protected":false},"featured_media":0,"template":"","meta":{"site-sidebar-layout":"default","site-content-layout":"default","ast-global-header-display":"","ast-main-header-display":"","ast-hfb-above-header-display":"","ast-hfb-below-header-display":"","ast-hfb-mobile-header-display":"","site-post-title":"","ast-breadcrumbs-content":"","ast-featured-img":"","footer-sml-layout":"","theme-transparent-header-meta":"","adv-header-id-meta":"","stick-header-meta":"","header-above-stick-meta":"","header-main-stick-meta":"","header-below-stick-meta":""},"pwb-brand":[243],"product_cat":[42],"product_tag":[],"class_list":{"0":"post-65189","1":"product","2":"type-product","3":"status-publish","5":"pwb-brand-autofren-seinsa","6":"product_cat-vetonivelen-suojakumi","7":"desktop-align-left","8":"tablet-align-left","9":"mobile-align-left","11":"first","12":"instock","13":"product-type-external"},"brands":[{"id":243,"name":"AUTOFREN SEINSA","slug":"autofren-seinsa"}],"_links":{"self":[{"href":"https:\/\/www.autonvaraosahaku.fi\/index.php?rest_route=\/wp\/v2\/product\/65189","targetHints":{"allow":["GET"]}}],"collection":[{"href":"https:\/\/www.autonvaraosahaku.fi\/index.php?rest_route=\/wp\/v2\/product"}],"about":[{"href":"https:\/\/www.autonvaraosahaku.fi\/index.php?rest_route=\/wp\/v2\/types\/product"}],"wp:attachment":[{"href":"https:\/\/www.autonvaraosahaku.fi\/index.php?rest_route=%2Fwp%2Fv2%2Fmedia&parent=65189"}],"wp:term":[{"taxonomy":"pwb-brand","embeddable":true,"href":"https:\/\/www.autonvaraosahaku.fi\/index.php?rest_route=%2Fwp%2Fv2%2Fpwb-brand&post=65189"},{"taxonomy":"product_cat","embeddable":true,"href":"https:\/\/www.autonvaraosahaku.fi\/index.php?rest_route=%2Fwp%2Fv2%2Fproduct_cat&post=65189"},{"taxonomy":"product_tag","embeddable":true,"href":"https:\/\/www.autonvaraosahaku.fi\/index.php?rest_route=%2Fwp%2Fv2%2Fproduct_tag&post=65189"}],"curies":[{"name":"wp","href":"https:\/\/api.w.org\/{rel}","templated":true}]}}