{"id":65204,"date":"2021-02-21T18:42:58","date_gmt":"2021-02-21T18:42:58","guid":{"rendered":"https:\/\/www.autonvaraosahaku.fi\/?product=purflux-ls900-oljynsuodatin"},"modified":"2021-02-21T18:42:59","modified_gmt":"2021-02-21T18:42:59","slug":"purflux-ls900-oljynsuodatin","status":"publish","type":"product","link":"https:\/\/www.autonvaraosahaku.fi\/?product=purflux-ls900-oljynsuodatin","title":{"rendered":"PURFLUX LS900 \u00d6ljynsuodatin"},"content":{"rendered":"<p>Ulkol\u00e4pimitta [mm]: 95; Kierremitta: 3\/4-16; Korkeus (mm): 94; L\u00e4mmityslaite \/ j\u00e4\u00e4hdytys: f\u00fcr Fahrzeuge mit \u00d6lk\u00fchler; LADA: NIVA 2121,1200-1600,110 2110,1200-1500 Kombi,TOSCANA 2107; FORD: ESCORT VII GAL, AAL, ABL,SIERRA GBG, GB4,TRANSIT  MK-5 Bus E_ _,ESCORT VI GAL,SCORPIO II GFR, GGR,SIERRA Schr\u00e4gheck GBC, GBG,TRANSIT Kasten T_ _,TRANSIT MK-5 Pritsche\/Fahrgestell E_ _,TRANSIT Bus V_ _,SCORPIO I GAE, GGE,TRANSIT Bus T_ _,TRANSIT Bus MK-4 E_ _,CAPRI III GECP,SIERRA Schr\u00e4gheck GBC,TRANSIT MK-5 Kasten E_ _,ESCORT II ATH,TRANSIT MK-4 Pritsche\/Fahrgestell E_ _,ESCORT III GAA,SCORPIO II Kombi GNR, GGR,SCORPIO I Stufenheck GGE,ESCORT I AFH, ATH,TRANSIT Kasten V_ _,TRANSIT Pritsche\/Fahrgestell V_ _,TRANSIT Kasten 81E,ESCORT V GAL,TRANSIT MK-4 Kasten E_ _,SIERRA Kombi BNG,GRANADA GU,TRANSIT Bus 72E, 73E,TRANSIT Pritsche\/Fahrgestell T_ _,CAPRI II GECP,SCORPIO I Kombi GGE,TRANSIT TOURNEO E_,TRANSIT Kasten 72E, 71E,SIERRA Kombi BNC,GRANADA Kombi GNU,TAUNUS 12M P4,GRANADA GGTL, GGFL,GRANADA Coupe GGCL,TRANSIT &#8217;55- Bus,TRANSIT Pritsche\/Fahrgestell 74E,TAUNUS 12M,TRANSIT &#8217;55- Kasten,ESCORT I Kombi ADH,GRANADA Kombi GGNL,P 100 II,TAUNUS 15M,TAUNUS 12M 11G,TA; MG: MGB GT; A33C, SPA, X18, X19, X4015E, X4048E, X4100E, X52, X53, 40111834, 4121800, 87800068, 0HM6716BA, 11464497, 11464498, 11525472, 1473733, 1482151, 1508831, 1555451, 1564767, 1565486, 2720E4601C, 2720E6714, 2720E6714AAA, 2724E6714C, 2724E6731C, 3947506, 3963906, 3986742, 5001248, 5003559, 5003560, 5003561, 5003915, 5003931, 5003932, 5009087, 5014056, 5014515, 5017811, 597E6714AA, 70HH6714AB, 710X6714EA, 74HH6714C, 74HM6714, 74HM6714BA, 74HM6714BB, 74HM6714CA, 74HM6714CB, 78HM6714AA, 83986742, 87800068, A700X6714KA, A710X6714DA, A740X6714FA, A770x6714AAA, A770X6714KA, A770X6714LA, A770X6714MA, A770X6714RA, A770X6714UA, D5ZZ6731A, E8NN6714AA, FP515, V86HF6714AA, 11112182496, 2606000800690, 21051012005001, 21051012006, O16414310, 0001844725, 0001844825, A0001844725, A0001844825, 1109J1, MLS000900, 008547327, 008548979, 27701008698, R854897999, 12H4849, 12H4850, AAU7992, AAU8162, ADU1818, BBU5861, BLM107020, MBU1013, RTC3173, 834940, 8349409, 880334, 880344, 75221581, 156002501083, 4015030370&#8230;<\/p>\n","protected":false},"excerpt":{"rendered":"<p>PURFLUX \u00d6ljynsuodatin LS900  LADA,FORD,MG,NIVA 2121,1200-1600,110 2110,1200-1500 Kombi,TOSCANA 2107,ESCORT VII GAL, AAL, ABL,SIERRA GBG, GB4<\/p>\n","protected":false},"featured_media":0,"template":"","meta":{"site-sidebar-layout":"default","site-content-layout":"default","ast-global-header-display":"","ast-main-header-display":"","ast-hfb-above-header-display":"","ast-hfb-below-header-display":"","ast-hfb-mobile-header-display":"","site-post-title":"","ast-breadcrumbs-content":"","ast-featured-img":"","footer-sml-layout":"","theme-transparent-header-meta":"","adv-header-id-meta":"","stick-header-meta":"","header-above-stick-meta":"","header-main-stick-meta":"","header-below-stick-meta":""},"pwb-brand":[303],"product_cat":[30],"product_tag":[],"class_list":{"0":"post-65204","1":"product","2":"type-product","3":"status-publish","5":"pwb-brand-purflux","6":"product_cat-oljynsuodatin","7":"desktop-align-left","8":"tablet-align-left","9":"mobile-align-left","11":"first","12":"instock","13":"product-type-external"},"brands":[{"id":303,"name":"PURFLUX","slug":"purflux"}],"_links":{"self":[{"href":"https:\/\/www.autonvaraosahaku.fi\/index.php?rest_route=\/wp\/v2\/product\/65204","targetHints":{"allow":["GET"]}}],"collection":[{"href":"https:\/\/www.autonvaraosahaku.fi\/index.php?rest_route=\/wp\/v2\/product"}],"about":[{"href":"https:\/\/www.autonvaraosahaku.fi\/index.php?rest_route=\/wp\/v2\/types\/product"}],"wp:attachment":[{"href":"https:\/\/www.autonvaraosahaku.fi\/index.php?rest_route=%2Fwp%2Fv2%2Fmedia&parent=65204"}],"wp:term":[{"taxonomy":"pwb-brand","embeddable":true,"href":"https:\/\/www.autonvaraosahaku.fi\/index.php?rest_route=%2Fwp%2Fv2%2Fpwb-brand&post=65204"},{"taxonomy":"product_cat","embeddable":true,"href":"https:\/\/www.autonvaraosahaku.fi\/index.php?rest_route=%2Fwp%2Fv2%2Fproduct_cat&post=65204"},{"taxonomy":"product_tag","embeddable":true,"href":"https:\/\/www.autonvaraosahaku.fi\/index.php?rest_route=%2Fwp%2Fv2%2Fproduct_tag&post=65204"}],"curies":[{"name":"wp","href":"https:\/\/api.w.org\/{rel}","templated":true}]}}