{"id":65229,"date":"2021-02-21T18:43:06","date_gmt":"2021-02-21T18:43:06","guid":{"rendered":"https:\/\/www.autonvaraosahaku.fi\/?product=monroe-l25601-koiranluu"},"modified":"2021-02-21T18:43:08","modified_gmt":"2021-02-21T18:43:08","slug":"monroe-l25601-koiranluu","status":"publish","type":"product","link":"https:\/\/www.autonvaraosahaku.fi\/?product=monroe-l25601-koiranluu","title":{"rendered":"MONROE L25601 Koiranluu"},"content":{"rendered":"<p>L\u00e4pimitta [mm]: 25,6; Pituus (mm): 73; Paino [kg]: 0,100; Tarvittava kappalem\u00e4\u00e4r\u00e4: 2; Tanko \/ tuki: Yhdystanko; Pakkauspituus [cm]: 11; Pakkausleveys [cm]: 6; Pakkauskorkeus [mm]: 6; Asennuspuoli: Vorderachse; NISSAN: KUBISTAR Kasten X80; RENAULT: CLIO II BB0\/1\/2_, CB0\/1\/2_,KANGOO KC0\/1_,KANGOO Express FC0\/1_,CLIO I B\/C57_, 5\/357_,CLIO II Kasten SB0\/1\/2_,THALIA I LB0\/1\/2_,CLIO I Kasten S57_; 5461600QAA, 7700799404, 7700803387; Kallistuksenvakaajan Yhdystanko,Tanko, Kallistuksenvaimennin<\/p>\n","protected":false},"excerpt":{"rendered":"<p>MONROE Koiranluu L25601 Kallistuksenvakaajan Yhdystanko,Tanko, Kallistuksenvaimennin NISSAN,RENAULT,KUBISTAR Kasten X80,CLIO II BB0\/1\/2_, CB0\/1\/2_<\/p>\n","protected":false},"featured_media":0,"template":"","meta":{"site-sidebar-layout":"default","site-content-layout":"default","ast-global-header-display":"","ast-main-header-display":"","ast-hfb-above-header-display":"","ast-hfb-below-header-display":"","ast-hfb-mobile-header-display":"","site-post-title":"","ast-breadcrumbs-content":"","ast-featured-img":"","footer-sml-layout":"","theme-transparent-header-meta":"","adv-header-id-meta":"","stick-header-meta":"","header-above-stick-meta":"","header-main-stick-meta":"","header-below-stick-meta":""},"pwb-brand":[79],"product_cat":[38],"product_tag":[],"class_list":{"0":"post-65229","1":"product","2":"type-product","3":"status-publish","5":"pwb-brand-monroe","6":"product_cat-koiranluu","7":"desktop-align-left","8":"tablet-align-left","9":"mobile-align-left","11":"first","12":"instock","13":"product-type-external"},"brands":[{"id":79,"name":"MONROE","slug":"monroe"}],"_links":{"self":[{"href":"https:\/\/www.autonvaraosahaku.fi\/index.php?rest_route=\/wp\/v2\/product\/65229","targetHints":{"allow":["GET"]}}],"collection":[{"href":"https:\/\/www.autonvaraosahaku.fi\/index.php?rest_route=\/wp\/v2\/product"}],"about":[{"href":"https:\/\/www.autonvaraosahaku.fi\/index.php?rest_route=\/wp\/v2\/types\/product"}],"wp:attachment":[{"href":"https:\/\/www.autonvaraosahaku.fi\/index.php?rest_route=%2Fwp%2Fv2%2Fmedia&parent=65229"}],"wp:term":[{"taxonomy":"pwb-brand","embeddable":true,"href":"https:\/\/www.autonvaraosahaku.fi\/index.php?rest_route=%2Fwp%2Fv2%2Fpwb-brand&post=65229"},{"taxonomy":"product_cat","embeddable":true,"href":"https:\/\/www.autonvaraosahaku.fi\/index.php?rest_route=%2Fwp%2Fv2%2Fproduct_cat&post=65229"},{"taxonomy":"product_tag","embeddable":true,"href":"https:\/\/www.autonvaraosahaku.fi\/index.php?rest_route=%2Fwp%2Fv2%2Fproduct_tag&post=65229"}],"curies":[{"name":"wp","href":"https:\/\/api.w.org\/{rel}","templated":true}]}}