{"id":65251,"date":"2021-02-21T18:43:12","date_gmt":"2021-02-21T18:43:12","guid":{"rendered":"https:\/\/www.autonvaraosahaku.fi\/?product=lemforder-37573-01-jousijalan-tukilaakeri"},"modified":"2021-02-21T18:43:14","modified_gmt":"2021-02-21T18:43:14","slug":"lemforder-37573-01-jousijalan-tukilaakeri","status":"publish","type":"product","link":"https:\/\/www.autonvaraosahaku.fi\/?product=lemforder-37573-01-jousijalan-tukilaakeri","title":{"rendered":"LEMF\u00d6RDER 37573 01 Jousijalan tukilaakeri"},"content":{"rendered":"<p>Asennuspuoli: Etuakseli; Lukum\u00e4\u00e4r\u00e4 akselille: 2; OPEL: CROSSLAND X; PEUGEOT: 208,2008,301,208 Kasten; CITRO\u00cbN: DS3,C3 Picasso,C3 II,DS3 Cabriolet,C-ELYSEE,C4 CACTUS,C3 AIRCROSS II; DS: DS 3,DS 3 Cabriolet; 5031F2, 5031F2<\/p>\n","protected":false},"excerpt":{"rendered":"<p>LEMF\u00d6RDER Korjaussarja, Jousijalan Tukilaakeri 37573 01  OPEL,PEUGEOT,CITRO\u00cbN,CROSSLAND X,208,2008,301,208 Kasten,DS3,C3 Picasso,C3 II,DS3 Cabriolet<\/p>\n","protected":false},"featured_media":0,"template":"","meta":{"site-sidebar-layout":"default","site-content-layout":"default","ast-global-header-display":"","ast-main-header-display":"","ast-hfb-above-header-display":"","ast-hfb-below-header-display":"","ast-hfb-mobile-header-display":"","site-post-title":"","ast-breadcrumbs-content":"","ast-featured-img":"","footer-sml-layout":"","theme-transparent-header-meta":"","adv-header-id-meta":"","stick-header-meta":"","header-above-stick-meta":"","header-main-stick-meta":"","header-below-stick-meta":""},"pwb-brand":[77],"product_cat":[45],"product_tag":[],"class_list":{"0":"post-65251","1":"product","2":"type-product","3":"status-publish","5":"pwb-brand-lemforder","6":"product_cat-jousijalan-tukilaakeri","7":"desktop-align-left","8":"tablet-align-left","9":"mobile-align-left","11":"first","12":"instock","13":"product-type-external"},"brands":[{"id":77,"name":"LEMF\u00d6RDER","slug":"lemforder"}],"_links":{"self":[{"href":"https:\/\/www.autonvaraosahaku.fi\/index.php?rest_route=\/wp\/v2\/product\/65251","targetHints":{"allow":["GET"]}}],"collection":[{"href":"https:\/\/www.autonvaraosahaku.fi\/index.php?rest_route=\/wp\/v2\/product"}],"about":[{"href":"https:\/\/www.autonvaraosahaku.fi\/index.php?rest_route=\/wp\/v2\/types\/product"}],"wp:attachment":[{"href":"https:\/\/www.autonvaraosahaku.fi\/index.php?rest_route=%2Fwp%2Fv2%2Fmedia&parent=65251"}],"wp:term":[{"taxonomy":"pwb-brand","embeddable":true,"href":"https:\/\/www.autonvaraosahaku.fi\/index.php?rest_route=%2Fwp%2Fv2%2Fpwb-brand&post=65251"},{"taxonomy":"product_cat","embeddable":true,"href":"https:\/\/www.autonvaraosahaku.fi\/index.php?rest_route=%2Fwp%2Fv2%2Fproduct_cat&post=65251"},{"taxonomy":"product_tag","embeddable":true,"href":"https:\/\/www.autonvaraosahaku.fi\/index.php?rest_route=%2Fwp%2Fv2%2Fproduct_tag&post=65251"}],"curies":[{"name":"wp","href":"https:\/\/api.w.org\/{rel}","templated":true}]}}