{"id":65273,"date":"2021-02-21T18:43:17","date_gmt":"2021-02-21T18:43:17","guid":{"rendered":"https:\/\/www.autonvaraosahaku.fi\/?product=ridex-5j0015-vetonivel"},"modified":"2021-02-21T18:43:19","modified_gmt":"2021-02-21T18:43:19","slug":"ridex-5j0015-vetonivel","status":"publish","type":"product","link":"https:\/\/www.autonvaraosahaku.fi\/?product=ridex-5j0015-vetonivel","title":{"rendered":"RIDEX 5J0015 Vetonivel"},"content":{"rendered":"<p>Asennuspuoli: Etuakseli, Py\u00f6r\u00e4n puoli; Ulkohammastus, py\u00f6r\u00e4npuoli: 26; Sis\u00e4hammastus, py\u00f6r\u00e4npuoli: 23; Tiivisteen l\u00e4pimitta [mm]: 56; Hammasluku, ABS-keh\u00e4: 48; Ulkol\u00e4pimitta [mm]: 83; Jarru-\/ajodynamiikka: Autoihin, joissa ABS; ABS-keh\u00e4 \u00d8(mm): 89; Kierremitta: M22x1.5; Vaihteistomalli: Vollautomatik; TOYOTA: COROLLA Liftback _E11_,COROLLA Compact _E11_,COROLLA Compact _E10_,CARINA E _T19_,CELICA ST20_, AT20_,COROLLA _E11_,CARINA E Stufenheck _T19_,CELICA Coupe AT18_, ST18_,COROLLA Wagon __E11_,CARINA E Sportswagon _T19_,COROLLA Liftback _E10_,COROLLA Liftback _E9_,COROLLA _E10_,CARINA II _T17_,CARINA II Stufenheck _T17_,COROLLA Compact _E9_,CELICA Liftback ST16_, AT16_,COROLLA Wagon _E10_,COROLLA Station Wagon _E9_,COROLLA _E9_,CELICA Coupe _A6_,COROLLA Liftback _E8_,CARINA II Station Wagon _T17_,COROLLA _E8_,CELICA AT16_, ST16_; 4341012191, 4341012192, 4341012260, 4341012261, 4341012420, 4341012421, 4341020151, 4341020152, 4341020441, 4341020444, 4342005070, 4342012161, 4342012162, 4342012250, 4342012251, 4342020111, 4342020112, 4342020121, 4346019365, 4346019366, 4347019316, 4347019317; Nivelsarja, Vetoakseli<\/p>\n","protected":false},"excerpt":{"rendered":"<p>RIDEX Vetonivel 5J0015 Nivelsarja, Vetoakseli TOYOTA,COROLLA Liftback _E11_,COROLLA Compact _E11_,COROLLA Compact _E10_,CARINA E _T19_<\/p>\n","protected":false},"featured_media":0,"template":"","meta":{"site-sidebar-layout":"default","site-content-layout":"default","ast-global-header-display":"","ast-main-header-display":"","ast-hfb-above-header-display":"","ast-hfb-below-header-display":"","ast-hfb-mobile-header-display":"","site-post-title":"","ast-breadcrumbs-content":"","ast-featured-img":"","footer-sml-layout":"","theme-transparent-header-meta":"","adv-header-id-meta":"","stick-header-meta":"","header-above-stick-meta":"","header-main-stick-meta":"","header-below-stick-meta":""},"pwb-brand":[157],"product_cat":[175],"product_tag":[],"class_list":{"0":"post-65273","1":"product","2":"type-product","3":"status-publish","5":"pwb-brand-ridex","6":"product_cat-vetonivel","7":"desktop-align-left","8":"tablet-align-left","9":"mobile-align-left","11":"first","12":"instock","13":"product-type-external"},"brands":[{"id":157,"name":"RIDEX","slug":"ridex"}],"_links":{"self":[{"href":"https:\/\/www.autonvaraosahaku.fi\/index.php?rest_route=\/wp\/v2\/product\/65273","targetHints":{"allow":["GET"]}}],"collection":[{"href":"https:\/\/www.autonvaraosahaku.fi\/index.php?rest_route=\/wp\/v2\/product"}],"about":[{"href":"https:\/\/www.autonvaraosahaku.fi\/index.php?rest_route=\/wp\/v2\/types\/product"}],"wp:attachment":[{"href":"https:\/\/www.autonvaraosahaku.fi\/index.php?rest_route=%2Fwp%2Fv2%2Fmedia&parent=65273"}],"wp:term":[{"taxonomy":"pwb-brand","embeddable":true,"href":"https:\/\/www.autonvaraosahaku.fi\/index.php?rest_route=%2Fwp%2Fv2%2Fpwb-brand&post=65273"},{"taxonomy":"product_cat","embeddable":true,"href":"https:\/\/www.autonvaraosahaku.fi\/index.php?rest_route=%2Fwp%2Fv2%2Fproduct_cat&post=65273"},{"taxonomy":"product_tag","embeddable":true,"href":"https:\/\/www.autonvaraosahaku.fi\/index.php?rest_route=%2Fwp%2Fv2%2Fproduct_tag&post=65273"}],"curies":[{"name":"wp","href":"https:\/\/api.w.org\/{rel}","templated":true}]}}