{"id":65279,"date":"2021-02-21T18:43:17","date_gmt":"2021-02-21T18:43:17","guid":{"rendered":"https:\/\/www.autonvaraosahaku.fi\/?product=ridex-458f0057-polttoainepumppu"},"modified":"2021-02-21T18:43:21","modified_gmt":"2021-02-21T18:43:21","slug":"ridex-458f0057-polttoainepumppu","status":"publish","type":"product","link":"https:\/\/www.autonvaraosahaku.fi\/?product=ridex-458f0057-polttoainepumppu","title":{"rendered":"RIDEX 458F0057 Polttoainepumppu"},"content":{"rendered":"<p>K\u00e4ytt\u00f6: S\u00e4hk\u00f6inen; K\u00e4ytt\u00f6paine (bar): 1,1; Siirtom\u00e4\u00e4r\u00e4 (l\/h): 100; Ruiskutusj\u00e4rjestelm\u00e4: Yksipisteruiskutus (SPI); Asennuspuoli: Polttoainejohdin; Moottorinumero: PM; VW: GOLF I Cabriolet 155,POLO 86C, 80,POLO Coupe 86C, 80,POLO CLASSIC 86C, 80,POLO Kasten 86CF; AUDI: 80 89, 89Q, 8A, B3; PEUGEOT: 405 I 15B,405 II 4B,405 II Break 4E,405 I Break 15E; CITRO\u00cbN: BX XB-_,BX Break XB-_; 811906091, 867906091, 867906091B, 8A0906091, 145092, 96038893, 145092, 96038893, 811906091, 867906091, 867906091B, 8A0906091, 811906091, 867906091, 867906091B, 8A0906091, 811906091, 867906091, 867906091B, 8A0906091<\/p>\n","protected":false},"excerpt":{"rendered":"<p>RIDEX Polttoainepumppu 458F0057  VW,AUDI,PEUGEOT,GOLF I Cabriolet 155,POLO 86C, 80,POLO Coupe 86C, 80,POLO CLASSIC 86C, 80,POLO Kasten 86CF<\/p>\n","protected":false},"featured_media":0,"template":"","meta":{"site-sidebar-layout":"default","site-content-layout":"default","ast-global-header-display":"","ast-main-header-display":"","ast-hfb-above-header-display":"","ast-hfb-below-header-display":"","ast-hfb-mobile-header-display":"","site-post-title":"","ast-breadcrumbs-content":"","ast-featured-img":"","footer-sml-layout":"","theme-transparent-header-meta":"","adv-header-id-meta":"","stick-header-meta":"","header-above-stick-meta":"","header-main-stick-meta":"","header-below-stick-meta":""},"pwb-brand":[157],"product_cat":[73],"product_tag":[],"class_list":{"0":"post-65279","1":"product","2":"type-product","3":"status-publish","5":"pwb-brand-ridex","6":"product_cat-polttoainepumppu","7":"desktop-align-left","8":"tablet-align-left","9":"mobile-align-left","11":"first","12":"instock","13":"product-type-external"},"brands":[{"id":157,"name":"RIDEX","slug":"ridex"}],"_links":{"self":[{"href":"https:\/\/www.autonvaraosahaku.fi\/index.php?rest_route=\/wp\/v2\/product\/65279","targetHints":{"allow":["GET"]}}],"collection":[{"href":"https:\/\/www.autonvaraosahaku.fi\/index.php?rest_route=\/wp\/v2\/product"}],"about":[{"href":"https:\/\/www.autonvaraosahaku.fi\/index.php?rest_route=\/wp\/v2\/types\/product"}],"wp:attachment":[{"href":"https:\/\/www.autonvaraosahaku.fi\/index.php?rest_route=%2Fwp%2Fv2%2Fmedia&parent=65279"}],"wp:term":[{"taxonomy":"pwb-brand","embeddable":true,"href":"https:\/\/www.autonvaraosahaku.fi\/index.php?rest_route=%2Fwp%2Fv2%2Fpwb-brand&post=65279"},{"taxonomy":"product_cat","embeddable":true,"href":"https:\/\/www.autonvaraosahaku.fi\/index.php?rest_route=%2Fwp%2Fv2%2Fproduct_cat&post=65279"},{"taxonomy":"product_tag","embeddable":true,"href":"https:\/\/www.autonvaraosahaku.fi\/index.php?rest_route=%2Fwp%2Fv2%2Fproduct_tag&post=65279"}],"curies":[{"name":"wp","href":"https:\/\/api.w.org\/{rel}","templated":true}]}}