{"id":65281,"date":"2021-02-21T18:43:17","date_gmt":"2021-02-21T18:43:17","guid":{"rendered":"https:\/\/www.autonvaraosahaku.fi\/?product=ridex-3926a0214-ilmamassamittari"},"modified":"2021-02-21T18:43:21","modified_gmt":"2021-02-21T18:43:21","slug":"ridex-3926a0214-ilmamassamittari","status":"publish","type":"product","link":"https:\/\/www.autonvaraosahaku.fi\/?product=ridex-3926a0214-ilmamassamittari","title":{"rendered":"RIDEX 3926A0214 Ilmamassamittari"},"content":{"rendered":"<p>Napojen m\u00e4\u00e4r\u00e4: 5; suositeltu korjauksenlaajennus: Ilmasuodatin; J\u00e4nnite (V): 12; Kotelomalli: Kopalla; Imuputken liittimen l\u00e4pimitta [mm]: 80; Vuosimallista: 1999; VOLVO: V70 II SW,XC90 I,V70 I LV,S60 I,S80 I TS, XY,XC70 CROSS COUNTRY,C70 I Cabriolet,C70 I Coupe,S70 LS; 8602391, 8670112, 8670263, 86702630, 9438757, 9445148, 9470640, 94706400; Ilmam\u00e4\u00e4r\u00e4mittari,MAF Anturi<\/p>\n","protected":false},"excerpt":{"rendered":"<p>RIDEX Ilmamassamittari 3926A0214 Ilmam\u00e4\u00e4r\u00e4mittari,MAF Anturi VOLVO,V70 II SW,XC90 I,V70 I LV,S60 I,S80 I TS, XY,XC70 CROSS COUNTRY,C70 I Cabriolet<\/p>\n","protected":false},"featured_media":0,"template":"","meta":{"site-sidebar-layout":"default","site-content-layout":"default","ast-global-header-display":"","ast-main-header-display":"","ast-hfb-above-header-display":"","ast-hfb-below-header-display":"","ast-hfb-mobile-header-display":"","site-post-title":"","ast-breadcrumbs-content":"","ast-featured-img":"","footer-sml-layout":"","theme-transparent-header-meta":"","adv-header-id-meta":"","stick-header-meta":"","header-above-stick-meta":"","header-main-stick-meta":"","header-below-stick-meta":""},"pwb-brand":[157],"product_cat":[270],"product_tag":[],"class_list":{"0":"post-65281","1":"product","2":"type-product","3":"status-publish","5":"pwb-brand-ridex","6":"product_cat-ilmamassamittari","7":"desktop-align-left","8":"tablet-align-left","9":"mobile-align-left","11":"first","12":"instock","13":"product-type-external"},"brands":[{"id":157,"name":"RIDEX","slug":"ridex"}],"_links":{"self":[{"href":"https:\/\/www.autonvaraosahaku.fi\/index.php?rest_route=\/wp\/v2\/product\/65281","targetHints":{"allow":["GET"]}}],"collection":[{"href":"https:\/\/www.autonvaraosahaku.fi\/index.php?rest_route=\/wp\/v2\/product"}],"about":[{"href":"https:\/\/www.autonvaraosahaku.fi\/index.php?rest_route=\/wp\/v2\/types\/product"}],"wp:attachment":[{"href":"https:\/\/www.autonvaraosahaku.fi\/index.php?rest_route=%2Fwp%2Fv2%2Fmedia&parent=65281"}],"wp:term":[{"taxonomy":"pwb-brand","embeddable":true,"href":"https:\/\/www.autonvaraosahaku.fi\/index.php?rest_route=%2Fwp%2Fv2%2Fpwb-brand&post=65281"},{"taxonomy":"product_cat","embeddable":true,"href":"https:\/\/www.autonvaraosahaku.fi\/index.php?rest_route=%2Fwp%2Fv2%2Fproduct_cat&post=65281"},{"taxonomy":"product_tag","embeddable":true,"href":"https:\/\/www.autonvaraosahaku.fi\/index.php?rest_route=%2Fwp%2Fv2%2Fproduct_tag&post=65281"}],"curies":[{"name":"wp","href":"https:\/\/api.w.org\/{rel}","templated":true}]}}