{"id":65283,"date":"2021-02-21T18:43:22","date_gmt":"2021-02-21T18:43:22","guid":{"rendered":"https:\/\/www.autonvaraosahaku.fi\/?product=ridex-458f0037-polttoainepumppu"},"modified":"2021-02-21T18:43:22","modified_gmt":"2021-02-21T18:43:22","slug":"ridex-458f0037-polttoainepumppu","status":"publish","type":"product","link":"https:\/\/www.autonvaraosahaku.fi\/?product=ridex-458f0037-polttoainepumppu","title":{"rendered":"RIDEX 458F0037 Polttoainepumppu"},"content":{"rendered":"<p>K\u00e4ytt\u00f6: S\u00e4hk\u00f6inen; K\u00e4ytt\u00f6paine (bar): 3,5; Siirtom\u00e4\u00e4r\u00e4 (l\/h): 110; Ruiskutusj\u00e4rjestelm\u00e4: MPI (monipiste); Varustelumahdollisuudet: MARWAL; RENAULT: CLIO I B\/C57_, 5\/357_,19 II B\/C53_,19 II Cabriolet D53_, 853_,19 I B\/C53_,SAFRANE II B54_,SAFRANE I B54_,19 II Chamade L53_,19 I Chamade L53_,CLIO I Kasten S57_,19 I Cabriolet D53_; FIAT: PUNTO 188,BARCHETTA 183,PUNTO 176,COUPE FA\/175,PUNTO Van 188AX,BRAVO I 182,ULYSSE 220,BRAVA 182,PUNTO Cabriolet 176C,MAREA Weekend 185,TIPO 160,MAREA 185,TEMPRA 159,TEMPRA S.W. 159; PEUGEOT: 106 II 1,106 I 1A, 1C,806 221,605 6B; CITRO\u00cbN: XM Y4,XANTIA X1,EVASION 22, U6,JUMPER Kasten 230L,XANTIA Break X1,JUMPER Bus 230P,XM Break Y4,JUMPER Pritsche\/Fahrgestell 230; ALFA ROMEO: 155 167; LANCIA: Y 840A,DELTA I 831AB0,DELTA II 836,DEDRA 835,DEDRA SW 835; DAEWOO: MATIZ KLYA; 46427664, 46427686, 46831949, 46831950, 7742416, 7750713, 7750715, 7769932, AEF068, ESS274, MSS071, MSS166, MSS076, 46427664, 46427686, 46474141, 46831949, 46831950, 7742416, 7750713, 7750715, 7769932, AEF068, ESS274, MSS071, MSS166, 46427664, 46427686, 46474140, 46831949, 46831950, 7742416, 7750713, 7750715, 7769932, AEF068, ESS274, MSS071, MSS166, 7700415223, 7700415624, ESS274, AOA014, EAO038, WFX10027, WQB10016<\/p>\n","protected":false},"excerpt":{"rendered":"<p>RIDEX Polttoainepumppu 458F0037  RENAULT,FIAT,PEUGEOT,CLIO I B\/C57_, 5\/357_,19 II B\/C53_,19 II Cabriolet D53_, 853_,19 I B\/C53_,SAFRANE II B54_<\/p>\n","protected":false},"featured_media":0,"template":"","meta":{"site-sidebar-layout":"default","site-content-layout":"default","ast-global-header-display":"","ast-main-header-display":"","ast-hfb-above-header-display":"","ast-hfb-below-header-display":"","ast-hfb-mobile-header-display":"","site-post-title":"","ast-breadcrumbs-content":"","ast-featured-img":"","footer-sml-layout":"","theme-transparent-header-meta":"","adv-header-id-meta":"","stick-header-meta":"","header-above-stick-meta":"","header-main-stick-meta":"","header-below-stick-meta":""},"pwb-brand":[157],"product_cat":[73],"product_tag":[],"class_list":{"0":"post-65283","1":"product","2":"type-product","3":"status-publish","5":"pwb-brand-ridex","6":"product_cat-polttoainepumppu","7":"desktop-align-left","8":"tablet-align-left","9":"mobile-align-left","11":"first","12":"instock","13":"product-type-external"},"brands":[{"id":157,"name":"RIDEX","slug":"ridex"}],"_links":{"self":[{"href":"https:\/\/www.autonvaraosahaku.fi\/index.php?rest_route=\/wp\/v2\/product\/65283","targetHints":{"allow":["GET"]}}],"collection":[{"href":"https:\/\/www.autonvaraosahaku.fi\/index.php?rest_route=\/wp\/v2\/product"}],"about":[{"href":"https:\/\/www.autonvaraosahaku.fi\/index.php?rest_route=\/wp\/v2\/types\/product"}],"wp:attachment":[{"href":"https:\/\/www.autonvaraosahaku.fi\/index.php?rest_route=%2Fwp%2Fv2%2Fmedia&parent=65283"}],"wp:term":[{"taxonomy":"pwb-brand","embeddable":true,"href":"https:\/\/www.autonvaraosahaku.fi\/index.php?rest_route=%2Fwp%2Fv2%2Fpwb-brand&post=65283"},{"taxonomy":"product_cat","embeddable":true,"href":"https:\/\/www.autonvaraosahaku.fi\/index.php?rest_route=%2Fwp%2Fv2%2Fproduct_cat&post=65283"},{"taxonomy":"product_tag","embeddable":true,"href":"https:\/\/www.autonvaraosahaku.fi\/index.php?rest_route=%2Fwp%2Fv2%2Fproduct_tag&post=65283"}],"curies":[{"name":"wp","href":"https:\/\/api.w.org\/{rel}","templated":true}]}}