{"id":65298,"date":"2021-02-21T18:43:22","date_gmt":"2021-02-21T18:43:22","guid":{"rendered":"https:\/\/www.autonvaraosahaku.fi\/?product=ridex-234m0050-kytkin-paasylinteri"},"modified":"2021-02-21T18:43:25","modified_gmt":"2021-02-21T18:43:25","slug":"ridex-234m0050-kytkin-paasylinteri","status":"publish","type":"product","link":"https:\/\/www.autonvaraosahaku.fi\/?product=ridex-234m0050-kytkin-paasylinteri","title":{"rendered":"RIDEX 234M0050 Kytkin p\u00e4\u00e4sylinteri"},"content":{"rendered":"<p>L\u00e4pimitta [mm]: 15,9; Lis\u00e4tarvike\/lis\u00e4tieto: S\u00e4ili\u00f6ll\u00e4; Korvaava tuote\/korvaava tiedote 2: Liit\u00e4nt\u00e4 alapuolella; SUZUKI: GRAND VITARA II JT,GRAND VITARA I FT,LIANA Schr\u00e4gheck,LIANA ER,GRAND VITARA I Cabriolet GT; 2381065D00; P\u00e4\u00e4sylinteri, Kytkin<\/p>\n","protected":false},"excerpt":{"rendered":"<p>RIDEX Kytkin P\u00e4\u00e4sylinteri 234M0050 P\u00e4\u00e4sylinteri, Kytkin SUZUKI,GRAND VITARA II JT,GRAND VITARA I FT,LIANA Schr\u00e4gheck,LIANA ER<\/p>\n","protected":false},"featured_media":0,"template":"","meta":{"site-sidebar-layout":"default","site-content-layout":"default","ast-global-header-display":"","ast-main-header-display":"","ast-hfb-above-header-display":"","ast-hfb-below-header-display":"","ast-hfb-mobile-header-display":"","site-post-title":"","ast-breadcrumbs-content":"","ast-featured-img":"","footer-sml-layout":"","theme-transparent-header-meta":"","adv-header-id-meta":"","stick-header-meta":"","header-above-stick-meta":"","header-main-stick-meta":"","header-below-stick-meta":""},"pwb-brand":[157],"product_cat":[239],"product_tag":[],"class_list":{"0":"post-65298","1":"product","2":"type-product","3":"status-publish","5":"pwb-brand-ridex","6":"product_cat-kytkin-paasylinteri","7":"desktop-align-left","8":"tablet-align-left","9":"mobile-align-left","11":"first","12":"instock","13":"product-type-external"},"brands":[{"id":157,"name":"RIDEX","slug":"ridex"}],"_links":{"self":[{"href":"https:\/\/www.autonvaraosahaku.fi\/index.php?rest_route=\/wp\/v2\/product\/65298","targetHints":{"allow":["GET"]}}],"collection":[{"href":"https:\/\/www.autonvaraosahaku.fi\/index.php?rest_route=\/wp\/v2\/product"}],"about":[{"href":"https:\/\/www.autonvaraosahaku.fi\/index.php?rest_route=\/wp\/v2\/types\/product"}],"wp:attachment":[{"href":"https:\/\/www.autonvaraosahaku.fi\/index.php?rest_route=%2Fwp%2Fv2%2Fmedia&parent=65298"}],"wp:term":[{"taxonomy":"pwb-brand","embeddable":true,"href":"https:\/\/www.autonvaraosahaku.fi\/index.php?rest_route=%2Fwp%2Fv2%2Fpwb-brand&post=65298"},{"taxonomy":"product_cat","embeddable":true,"href":"https:\/\/www.autonvaraosahaku.fi\/index.php?rest_route=%2Fwp%2Fv2%2Fproduct_cat&post=65298"},{"taxonomy":"product_tag","embeddable":true,"href":"https:\/\/www.autonvaraosahaku.fi\/index.php?rest_route=%2Fwp%2Fv2%2Fproduct_tag&post=65298"}],"curies":[{"name":"wp","href":"https:\/\/api.w.org\/{rel}","templated":true}]}}