{"id":65300,"date":"2021-02-21T18:43:22","date_gmt":"2021-02-21T18:43:22","guid":{"rendered":"https:\/\/www.autonvaraosahaku.fi\/?product=ridex-448c0052-ilmastoinnin-lauhdutin"},"modified":"2021-02-21T18:43:26","modified_gmt":"2021-02-21T18:43:26","slug":"ridex-448c0052-ilmastoinnin-lauhdutin","status":"publish","type":"product","link":"https:\/\/www.autonvaraosahaku.fi\/?product=ridex-448c0052-ilmastoinnin-lauhdutin","title":{"rendered":"RIDEX 448C0052 Ilmastoinnin lauhdutin"},"content":{"rendered":"<p>Pituus (mm): 690; Leveys (mm): 390; Syvyys (mm): 16; Korvaava tuote\/korvaava tiedote 2: ilman vedenerotinta; Sis\u00e4\u00e4ntulol\u00e4pimitta [mm]: 15,5; Ulostulon l\u00e4pimitta [mm]: 15,5; Materiaali: Alumiini; Moottorinumerolle: G9U 630; NISSAN: PRIMASTAR Bus X83,PRIMASTAR Kasten X83,PRIMASTAR Pritsche\/Fahrgestell; OPEL: VIVARO Kasten F7,VIVARO Combi J7,VIVARO Pritsche\/Fahrgestell E7; RENAULT: TRAFIC II Bus JL,TRAFIC II Kasten FL,TRAFIC II Pritsche\/Fahrgestell EL; VAUXHALL: VIVARO Kasten F7,VIVARO Combi J7,VIVARO Pritsche\/Fahrgestell E7; 2765000Q0D, 2765000Q0H, 8200465480, 8200465489, 8200774211, 93657126, 93857126, 93861172, 2765000Q0D, 2765000Q0H, 4417651, 4418531, 93657126, 93857126, 93861172, 2765000Q0D, 2765000Q0H, 441765193857126, 93657126, 93857126, 93861172, 2765000Q0D, 2765000Q0H, 93657126, 93857126, 93861172; Lauhdutin, Ilmastointilaite<\/p>\n","protected":false},"excerpt":{"rendered":"<p>RIDEX Ilmastoinnin Lauhdutin 448C0052 Lauhdutin, Ilmastointilaite NISSAN,OPEL,RENAULT,PRIMASTAR Bus X83,PRIMASTAR Kasten X83<\/p>\n","protected":false},"featured_media":0,"template":"","meta":{"site-sidebar-layout":"default","site-content-layout":"default","ast-global-header-display":"","ast-main-header-display":"","ast-hfb-above-header-display":"","ast-hfb-below-header-display":"","ast-hfb-mobile-header-display":"","site-post-title":"","ast-breadcrumbs-content":"","ast-featured-img":"","footer-sml-layout":"","theme-transparent-header-meta":"","adv-header-id-meta":"","stick-header-meta":"","header-above-stick-meta":"","header-main-stick-meta":"","header-below-stick-meta":""},"pwb-brand":[157],"product_cat":[453],"product_tag":[],"class_list":{"0":"post-65300","1":"product","2":"type-product","3":"status-publish","5":"pwb-brand-ridex","6":"product_cat-ilmastoinnin-lauhdutin","7":"desktop-align-left","8":"tablet-align-left","9":"mobile-align-left","11":"first","12":"instock","13":"product-type-external"},"brands":[{"id":157,"name":"RIDEX","slug":"ridex"}],"_links":{"self":[{"href":"https:\/\/www.autonvaraosahaku.fi\/index.php?rest_route=\/wp\/v2\/product\/65300","targetHints":{"allow":["GET"]}}],"collection":[{"href":"https:\/\/www.autonvaraosahaku.fi\/index.php?rest_route=\/wp\/v2\/product"}],"about":[{"href":"https:\/\/www.autonvaraosahaku.fi\/index.php?rest_route=\/wp\/v2\/types\/product"}],"wp:attachment":[{"href":"https:\/\/www.autonvaraosahaku.fi\/index.php?rest_route=%2Fwp%2Fv2%2Fmedia&parent=65300"}],"wp:term":[{"taxonomy":"pwb-brand","embeddable":true,"href":"https:\/\/www.autonvaraosahaku.fi\/index.php?rest_route=%2Fwp%2Fv2%2Fpwb-brand&post=65300"},{"taxonomy":"product_cat","embeddable":true,"href":"https:\/\/www.autonvaraosahaku.fi\/index.php?rest_route=%2Fwp%2Fv2%2Fproduct_cat&post=65300"},{"taxonomy":"product_tag","embeddable":true,"href":"https:\/\/www.autonvaraosahaku.fi\/index.php?rest_route=%2Fwp%2Fv2%2Fproduct_tag&post=65300"}],"curies":[{"name":"wp","href":"https:\/\/api.w.org\/{rel}","templated":true}]}}