{"id":65308,"date":"2021-02-21T18:43:28","date_gmt":"2021-02-21T18:43:28","guid":{"rendered":"https:\/\/www.autonvaraosahaku.fi\/?product=ridex-509c0022-tuulettimen-kytkin"},"modified":"2021-02-21T18:43:29","modified_gmt":"2021-02-21T18:43:29","slug":"ridex-509c0022-tuulettimen-kytkin","status":"publish","type":"product","link":"https:\/\/www.autonvaraosahaku.fi\/?product=ridex-509c0022-tuulettimen-kytkin","title":{"rendered":"RIDEX 509C0022 Tuulettimen kytkin"},"content":{"rendered":"<p>Ulkol\u00e4pimitta [mm]: 78; Kiinnitysreikien lukum\u00e4\u00e4r\u00e4: 4; Kiinnityrreikien et\u00e4isyys [mm]: 43; NISSAN: PATROL GR I Y60, GR,PATROL Station Wagon W260,PATROL Hardtop K260; 2108222J00, 2108222J01; Kytkin, J\u00e4\u00e4hdytystuuletin<\/p>\n","protected":false},"excerpt":{"rendered":"<p>RIDEX Viskokytkin 509C0022 Kytkin, J\u00e4\u00e4hdytystuuletin NISSAN,PATROL GR I Y60, GR,PATROL Station Wagon W260,PATROL Hardtop K260<\/p>\n","protected":false},"featured_media":0,"template":"","meta":{"site-sidebar-layout":"default","site-content-layout":"default","ast-global-header-display":"","ast-main-header-display":"","ast-hfb-above-header-display":"","ast-hfb-below-header-display":"","ast-hfb-mobile-header-display":"","site-post-title":"","ast-breadcrumbs-content":"","ast-featured-img":"","footer-sml-layout":"","theme-transparent-header-meta":"","adv-header-id-meta":"","stick-header-meta":"","header-above-stick-meta":"","header-main-stick-meta":"","header-below-stick-meta":""},"pwb-brand":[157],"product_cat":[256],"product_tag":[],"class_list":{"0":"post-65308","1":"product","2":"type-product","3":"status-publish","5":"pwb-brand-ridex","6":"product_cat-tuulettimen-kytkin","7":"desktop-align-left","8":"tablet-align-left","9":"mobile-align-left","11":"first","12":"instock","13":"product-type-external"},"brands":[{"id":157,"name":"RIDEX","slug":"ridex"}],"_links":{"self":[{"href":"https:\/\/www.autonvaraosahaku.fi\/index.php?rest_route=\/wp\/v2\/product\/65308","targetHints":{"allow":["GET"]}}],"collection":[{"href":"https:\/\/www.autonvaraosahaku.fi\/index.php?rest_route=\/wp\/v2\/product"}],"about":[{"href":"https:\/\/www.autonvaraosahaku.fi\/index.php?rest_route=\/wp\/v2\/types\/product"}],"wp:attachment":[{"href":"https:\/\/www.autonvaraosahaku.fi\/index.php?rest_route=%2Fwp%2Fv2%2Fmedia&parent=65308"}],"wp:term":[{"taxonomy":"pwb-brand","embeddable":true,"href":"https:\/\/www.autonvaraosahaku.fi\/index.php?rest_route=%2Fwp%2Fv2%2Fpwb-brand&post=65308"},{"taxonomy":"product_cat","embeddable":true,"href":"https:\/\/www.autonvaraosahaku.fi\/index.php?rest_route=%2Fwp%2Fv2%2Fproduct_cat&post=65308"},{"taxonomy":"product_tag","embeddable":true,"href":"https:\/\/www.autonvaraosahaku.fi\/index.php?rest_route=%2Fwp%2Fv2%2Fproduct_tag&post=65308"}],"curies":[{"name":"wp","href":"https:\/\/api.w.org\/{rel}","templated":true}]}}