{"id":65328,"date":"2021-02-21T18:43:33","date_gmt":"2021-02-21T18:43:33","guid":{"rendered":"https:\/\/www.autonvaraosahaku.fi\/?product=vaico-v20-1112-huohotin"},"modified":"2021-02-21T18:43:34","modified_gmt":"2021-02-21T18:43:34","slug":"vaico-v20-1112-huohotin","status":"publish","type":"product","link":"https:\/\/www.autonvaraosahaku.fi\/?product=vaico-v20-1112-huohotin","title":{"rendered":"VAICO V20-1112 Huohotin"},"content":{"rendered":"<p>Asennuspuoli: Sylinterikansi; Huomioi tekniset tiedot: ; Lis\u00e4tarvike\/lis\u00e4tieto: Tiivisteill\u00e4; Korvaava tuote\/korvaava tiedote 2: Suodattimella; Lis\u00e4ksi tarvittavat tuotteet ks. tarvikeluettelo: ; Suositellun tarvikkeen tuotenumero: V20-0954; Kotelomateriaali: Polyamidi 6.6; Materiaali tiiviste: FPM (fluori-kumi)\/APM (polyakryyli-kumi); Pituus (mm): 61; K\u00e4ytt\u00f6: paineohjattu; Venttiilimalli: Ilmanpoistoventtiili; Korkeus (mm): 46; Suodatintyyppi: ilman kotelon kantta, \u00d6ljynerotustoiminnolla; Suositeltu vaihtov\u00e4li [km]: 60000; Huomioi huolto-ohjeet: ; Leveys (mm): 46; Suositeltu vaihtov\u00e4li [vuotta]: 3; Huomioi ajoneuvovalmistajan vaatimukset: ; Paino [kg]: 0,0877; Pakkausleveys [cm]: 7,2; Pakkauskorkeus [mm]: 8,1; Pakkaussyvyys [cm]: 8,8; lis\u00e4tieto: CST98; Moottorinumero: M47; BMW: 3 E46,5 E39,3 Touring E46,5 Touring E39,X5 E53,7 E38; LAND ROVER: FREELANDER LN,RANGE ROVER III LM,RANGE ROVER IV LG; OPEL: OMEGA B Caravan 21_, 22_, 23_,OMEGA B 25_, 26_, 27_; 11127793164, 7793164, LLJ500010, 05607246, 5607246, 5607485part, 5607497part, 5607500part, 93189305<\/p>\n","protected":false},"excerpt":{"rendered":"<p>VAICO \u00d6ljynerotin, Kampikammiotuuletus V20-1112  BMW,LAND ROVER,OPEL,3 E46,5 E39,3 Touring E46,5 Touring E39,X5 E53,7 E38,FREELANDER LN<\/p>\n","protected":false},"featured_media":0,"template":"","meta":{"site-sidebar-layout":"default","site-content-layout":"default","ast-global-header-display":"","ast-main-header-display":"","ast-hfb-above-header-display":"","ast-hfb-below-header-display":"","ast-hfb-mobile-header-display":"","site-post-title":"","ast-breadcrumbs-content":"","ast-featured-img":"","footer-sml-layout":"","theme-transparent-header-meta":"","adv-header-id-meta":"","stick-header-meta":"","header-above-stick-meta":"","header-main-stick-meta":"","header-below-stick-meta":""},"pwb-brand":[330],"product_cat":[125],"product_tag":[],"class_list":{"0":"post-65328","1":"product","2":"type-product","3":"status-publish","5":"pwb-brand-vaico","6":"product_cat-huohotin","7":"desktop-align-left","8":"tablet-align-left","9":"mobile-align-left","11":"first","12":"instock","13":"product-type-external"},"brands":[{"id":330,"name":"VAICO","slug":"vaico"}],"_links":{"self":[{"href":"https:\/\/www.autonvaraosahaku.fi\/index.php?rest_route=\/wp\/v2\/product\/65328","targetHints":{"allow":["GET"]}}],"collection":[{"href":"https:\/\/www.autonvaraosahaku.fi\/index.php?rest_route=\/wp\/v2\/product"}],"about":[{"href":"https:\/\/www.autonvaraosahaku.fi\/index.php?rest_route=\/wp\/v2\/types\/product"}],"wp:attachment":[{"href":"https:\/\/www.autonvaraosahaku.fi\/index.php?rest_route=%2Fwp%2Fv2%2Fmedia&parent=65328"}],"wp:term":[{"taxonomy":"pwb-brand","embeddable":true,"href":"https:\/\/www.autonvaraosahaku.fi\/index.php?rest_route=%2Fwp%2Fv2%2Fpwb-brand&post=65328"},{"taxonomy":"product_cat","embeddable":true,"href":"https:\/\/www.autonvaraosahaku.fi\/index.php?rest_route=%2Fwp%2Fv2%2Fproduct_cat&post=65328"},{"taxonomy":"product_tag","embeddable":true,"href":"https:\/\/www.autonvaraosahaku.fi\/index.php?rest_route=%2Fwp%2Fv2%2Fproduct_tag&post=65328"}],"curies":[{"name":"wp","href":"https:\/\/api.w.org\/{rel}","templated":true}]}}