{"id":65354,"date":"2021-02-21T18:43:38","date_gmt":"2021-02-21T18:43:38","guid":{"rendered":"https:\/\/www.autonvaraosahaku.fi\/?product=hella-6pt-009-107-501-jaahdytysnesteen-lampotila-anturi"},"modified":"2021-02-21T18:43:40","modified_gmt":"2021-02-21T18:43:40","slug":"hella-6pt-009-107-501-jaahdytysnesteen-lampotila-anturi","status":"publish","type":"product","link":"https:\/\/www.autonvaraosahaku.fi\/?product=hella-6pt-009-107-501-jaahdytysnesteen-lampotila-anturi","title":{"rendered":"HELLA 6PT 009 107-501 J\u00e4\u00e4hdytysnesteen l\u00e4mp\u00f6tila anturi"},"content":{"rendered":"<p>Asennusmalli: Poltti\/ruuvi; Lis\u00e4tarvike\/lis\u00e4tieto: Tiivisteill\u00e4; Nimellisj\u00e4nnite (V): 12; Vastus [Ohm]: 2080, 294; Liittimi\u00e4: 2; V\u00e4ri vastaa alkuper\u00e4isosaa: Musta; V\u00e4ri: Musta; Kierremitta: M12x1,5; Tunnistinmalli: NTC-anturi; L\u00e4mp\u00f6alue (\u00b0C): 25, 80; Valmistusvuosi alkaen: 01\/1988; VOLVO: 940 II Kombi 945,940 Kombi 945,740 Kombi 745,740 744,440 K 445,460 L 464,940 944,760 704, 764,760 Kombi 704, 765,940 II 944; OPEL: ASTRA F CC 53_, 54_, 58_, 59_,ASTRA F Caravan 51_, 52_; LANCIA: THEMA 834,THEMA SW 834; ALFA ROMEO: GTV 916C_,75 162B,164 164,155 167; 60800522, 7401346030, 7647004, 13621459197, 1459197, 61311459197, 7401346030, 7647004, 7401346030, 7647004, 7401346030, 7647004, 1338452, 1338457, 90410793, 90510182, 92860612600, 8788200, 13460308, 34334771; J\u00e4\u00e4hdytysnestel\u00e4mp\u00f6tilan Sensori<\/p>\n","protected":false},"excerpt":{"rendered":"<p>HELLA J\u00e4\u00e4hdytysnesteen L\u00e4mp\u00f6tila Anturi 6PT 009 107-501 J\u00e4\u00e4hdytysnestel\u00e4mp\u00f6tilan Sensori VOLVO,OPEL,LANCIA,940 II Kombi 945,940 Kombi 945<\/p>\n","protected":false},"featured_media":0,"template":"","meta":{"site-sidebar-layout":"default","site-content-layout":"default","ast-global-header-display":"","ast-main-header-display":"","ast-hfb-above-header-display":"","ast-hfb-below-header-display":"","ast-hfb-mobile-header-display":"","site-post-title":"","ast-breadcrumbs-content":"","ast-featured-img":"","footer-sml-layout":"","theme-transparent-header-meta":"","adv-header-id-meta":"","stick-header-meta":"","header-above-stick-meta":"","header-main-stick-meta":"","header-below-stick-meta":""},"pwb-brand":[24],"product_cat":[200],"product_tag":[],"class_list":{"0":"post-65354","1":"product","2":"type-product","3":"status-publish","5":"pwb-brand-hella","6":"product_cat-jaahdytysnesteen-lampotila-anturi","7":"desktop-align-left","8":"tablet-align-left","9":"mobile-align-left","11":"first","12":"instock","13":"product-type-external"},"brands":[{"id":24,"name":"HELLA","slug":"hella"}],"_links":{"self":[{"href":"https:\/\/www.autonvaraosahaku.fi\/index.php?rest_route=\/wp\/v2\/product\/65354","targetHints":{"allow":["GET"]}}],"collection":[{"href":"https:\/\/www.autonvaraosahaku.fi\/index.php?rest_route=\/wp\/v2\/product"}],"about":[{"href":"https:\/\/www.autonvaraosahaku.fi\/index.php?rest_route=\/wp\/v2\/types\/product"}],"wp:attachment":[{"href":"https:\/\/www.autonvaraosahaku.fi\/index.php?rest_route=%2Fwp%2Fv2%2Fmedia&parent=65354"}],"wp:term":[{"taxonomy":"pwb-brand","embeddable":true,"href":"https:\/\/www.autonvaraosahaku.fi\/index.php?rest_route=%2Fwp%2Fv2%2Fpwb-brand&post=65354"},{"taxonomy":"product_cat","embeddable":true,"href":"https:\/\/www.autonvaraosahaku.fi\/index.php?rest_route=%2Fwp%2Fv2%2Fproduct_cat&post=65354"},{"taxonomy":"product_tag","embeddable":true,"href":"https:\/\/www.autonvaraosahaku.fi\/index.php?rest_route=%2Fwp%2Fv2%2Fproduct_tag&post=65354"}],"curies":[{"name":"wp","href":"https:\/\/api.w.org\/{rel}","templated":true}]}}